{"id":688,"date":"2020-05-19T12:25:06","date_gmt":"2020-05-19T15:25:06","guid":{"rendered":"https:\/\/letsgofitness.cl\/?post_type=product&#038;p=688"},"modified":"2026-02-05T09:25:22","modified_gmt":"2026-02-05T12:25:22","slug":"hip-thrust-machine-modelo-b-2","status":"publish","type":"product","link":"https:\/\/letsgofitness.cl\/index.php\/producto\/hip-thrust-machine-modelo-b-2\/","title":{"rendered":"HIP THRUST MACHINE REALLEADER USA MODELO B"},"content":{"rendered":"<h6 id=\"product_condition\"><strong>M\u00c1QUINA ELEVACI\u00d3N PELVICA O EMPUJE DE CADERA<\/strong><\/h6>\n<p>&nbsp;<\/p>\n<h6><span style=\"font-size: 15px;font-weight: bold\">\u00a0 \u00a0CARACTER\u00cdSTICAS T\u00c9CNICAS:<\/span><\/h6>\n<div id=\"short_description_block\">\n<div id=\"short_description_content\" class=\"rte align_justify\">\n<ul>\n<li><span class=\"Y2IQFc\" lang=\"es\">Dise\u00f1o ergon\u00f3mico con reposapi\u00e9s en \u00e1ngulo. <\/span><\/li>\n<li><span class=\"Y2IQFc\" lang=\"es\">El dise\u00f1o de la m\u00e1quina permite un rango de movimiento m\u00e1s profundo y una resistencia uniforme en todo momento.<\/span><\/li>\n<li><span class=\"Y2IQFc\" lang=\"es\">Plataforma de pie en \u00e1ngulo para impactar los m\u00fasculos espec\u00edficos de manera efectiva. <\/span><\/li>\n<li><span class=\"Y2IQFc\" lang=\"es\">Una amplia plataforma para los pies permite diferentes posiciones de los pies para trabajar m\u00faltiples grupos de m\u00fasculos de la parte inferior del cuerpo.<\/span><\/li>\n<\/ul>\n<p>&nbsp;<\/p>\n<p>BENEFICIOS<strong>:<\/strong><\/p>\n<ul>\n<li id=\"tw-target-text\" class=\"tw-data-text tw-text-large tw-ta\" data-placeholder=\"Traducci\u00f3n\"><span class=\"Y2IQFc\" lang=\"es\">La integraci\u00f3n del ejercicio del puente de gl\u00fateos ayuda a fortalecer los m\u00fasculos de los gl\u00fateos, evitando as\u00ed lesiones y una mayor tensi\u00f3n en otras articulaciones debido a gl\u00fateos subdesarrollados. <\/span><\/li>\n<li class=\"tw-data-text tw-text-large tw-ta\" data-placeholder=\"Traducci\u00f3n\"><span class=\"Y2IQFc\" lang=\"es\">Los gl\u00fateos y los m\u00fasculos fuertes de las piernas son grupos musculares clave para los atletas, por lo que este entrenamiento es una de las m\u00e1quinas de ejercicio m\u00e1s esenciales en su rutina de ejercicios. <\/span><\/li>\n<li class=\"tw-data-text tw-text-large tw-ta\" data-placeholder=\"Traducci\u00f3n\"><span class=\"Y2IQFc\" lang=\"es\">Los gl\u00fateos fuertes pueden ayudar a mejorar la extensi\u00f3n general de la cadera, as\u00ed como todos los movimientos de tracci\u00f3n de la cadena posterior como peso muerto, saltos, etc.<\/span><\/li>\n<\/ul>\n<p>&nbsp;<\/p>\n<h6>\u00a0 \u00a0<strong>DIMENSIONES Y PESO:<\/strong><\/h6>\n<ul>\n<li>Dimensiones: 170 X 151 X 91 CM<\/li>\n<li>Peso: 110KG<\/li>\n<\/ul>\n<\/div>\n<\/div>\n","protected":false},"excerpt":{"rendered":"<p>COLOR DISPONIBLE:<\/p>\n<p>NEGRO<\/p>\n","protected":false},"featured_media":1521,"template":"","meta":{"_joinchat":[]},"product_brand":[],"product_cat":[213,135,283,122,32,47],"product_tag":[],"class_list":{"0":"post-688","1":"product","2":"type-product","3":"status-publish","4":"has-post-thumbnail","6":"product_cat-gluteo","7":"product_cat-oferta","8":"product_cat-realleader","9":"product_cat-stock","10":"product_cat-profesional","11":"product_cat-peso-libre-profesional","13":"first","14":"instock","15":"sale","16":"shipping-taxable","17":"purchasable","18":"product-type-simple"},"_links":{"self":[{"href":"https:\/\/letsgofitness.cl\/index.php\/wp-json\/wp\/v2\/product\/688","targetHints":{"allow":["GET"]}}],"collection":[{"href":"https:\/\/letsgofitness.cl\/index.php\/wp-json\/wp\/v2\/product"}],"about":[{"href":"https:\/\/letsgofitness.cl\/index.php\/wp-json\/wp\/v2\/types\/product"}],"wp:featuredmedia":[{"embeddable":true,"href":"https:\/\/letsgofitness.cl\/index.php\/wp-json\/wp\/v2\/media\/1521"}],"wp:attachment":[{"href":"https:\/\/letsgofitness.cl\/index.php\/wp-json\/wp\/v2\/media?parent=688"}],"wp:term":[{"taxonomy":"product_brand","embeddable":true,"href":"https:\/\/letsgofitness.cl\/index.php\/wp-json\/wp\/v2\/product_brand?post=688"},{"taxonomy":"product_cat","embeddable":true,"href":"https:\/\/letsgofitness.cl\/index.php\/wp-json\/wp\/v2\/product_cat?post=688"},{"taxonomy":"product_tag","embeddable":true,"href":"https:\/\/letsgofitness.cl\/index.php\/wp-json\/wp\/v2\/product_tag?post=688"}],"curies":[{"name":"wp","href":"https:\/\/api.w.org\/{rel}","templated":true}]}}