{"id":6875,"date":"2023-06-06T12:38:38","date_gmt":"2023-06-06T15:38:38","guid":{"rendered":"https:\/\/letsgofitness.cl\/?post_type=product&#038;p=6875"},"modified":"2026-05-05T11:25:26","modified_gmt":"2026-05-05T14:25:26","slug":"super-squat-hspro-realleader-usa","status":"publish","type":"product","link":"https:\/\/letsgofitness.cl\/index.php\/producto\/super-squat-hspro-realleader-usa\/","title":{"rendered":"SUPER SQUAT PRO REALLEADER USA"},"content":{"rendered":"<p><strong>La m\u00e1quina SUPER SQUAT HSPro de la l\u00ednea REALLEADER, es una de las m\u00e1quinas m\u00e1s vitales para entrenar las piernas, apuntando a los cu\u00e1driceps, isquiotibiales y gl\u00fateos.<\/strong><\/p>\n<p>&nbsp;<\/p>\n<h5><strong>\u00a0 \u00a0CARACTERISTICAS:<\/strong><\/h5>\n<ul>\n<li>El rango de movimiento similar al de las sentadillas naturales ayuda a los usuarios a lograr un viaje muy profundo para el desarrollo completo de las piernas y los gl\u00fateos.<\/li>\n<li>Las hombreras gruesas y c\u00f3modas proporcionan la m\u00e1xima comodidad durante un entrenamiento.<\/li>\n<li>Los agarres dobles ayudan a realizar sentadillas frontales y traseras.<\/li>\n<li>Una plataforma de pie grande permite m\u00faltiples posiciones de pie para diferentes sentadillas.<\/li>\n<li>movimiento independiente de palancas;<\/li>\n<li>Estructura de acero m\u00e1xima calidad.<\/li>\n<li>Grosor perfiles 3MM.<\/li>\n<li>Cojines tapizados con espuma alta calidad de 40 MM de grosor.<\/li>\n<li>Mangos antideslizantes en \u00e1ngulo que proporcionan un agarre seguro y una posici\u00f3n correcta de la mano y el cuerpo.<\/li>\n<\/ul>\n<p>&nbsp;<\/p>\n<h5>\u00a0 <strong>\u00a0BENEFICIOS:<\/strong><\/h5>\n<ul>\n<li>Esta m\u00e1quina es un entrenamiento completo de la parte inferior del cuerpo que afecta los cu\u00e1driceps, los isquiotibiales y los gl\u00fateos de manera efectiva.<\/li>\n<li>Esta m\u00e1quina es una elecci\u00f3n perfecta para aquellos que buscan entrenamiento de fuerza en la parte inferior del cuerpo.<\/li>\n<li>Es una m\u00e1quina vers\u00e1til que ofrece varias posibilidades de entrenamiento en cuclillas en una unidad.<\/li>\n<li>El movimiento de entrenamiento involucra tres articulaciones que son la articulaci\u00f3n del tobillo, la rodilla y la cadera similares a los movimientos realizados en la vida cotidiana, como caminar, escalar, correr, etc.<\/li>\n<li>El fortalecimiento de los m\u00fasculos generales de las piernas mejora la apariencia f\u00edsica de la parte inferior del cuerpo junto con facilitar las actividades diarias mencionadas anteriormente.<\/li>\n<\/ul>\n<p>&nbsp;<\/p>\n<h5><strong>\u00a0 \u00a0ESPECIFICACIONES T\u00c9CNICAS:<\/strong><\/h5>\n<ul>\n<li>Dimensiones: 200 X 145 X 145 CM<\/li>\n<li>Peso: 136KG<\/li>\n<\/ul>\n","protected":false},"excerpt":{"rendered":"<p>COLOR DISPONIBLE:<\/p>\n<p>NEGRO\/ TAPIZ CAF\u00c9<\/p>\n","protected":false},"featured_media":6747,"template":"","meta":{"_joinchat":[]},"product_brand":[],"product_cat":[122,32,47],"product_tag":[],"class_list":{"0":"post-6875","1":"product","2":"type-product","3":"status-publish","4":"has-post-thumbnail","6":"product_cat-stock","7":"product_cat-profesional","8":"product_cat-peso-libre-profesional","10":"first","11":"instock","12":"sale","13":"featured","14":"shipping-taxable","15":"purchasable","16":"product-type-simple"},"_links":{"self":[{"href":"https:\/\/letsgofitness.cl\/index.php\/wp-json\/wp\/v2\/product\/6875","targetHints":{"allow":["GET"]}}],"collection":[{"href":"https:\/\/letsgofitness.cl\/index.php\/wp-json\/wp\/v2\/product"}],"about":[{"href":"https:\/\/letsgofitness.cl\/index.php\/wp-json\/wp\/v2\/types\/product"}],"wp:featuredmedia":[{"embeddable":true,"href":"https:\/\/letsgofitness.cl\/index.php\/wp-json\/wp\/v2\/media\/6747"}],"wp:attachment":[{"href":"https:\/\/letsgofitness.cl\/index.php\/wp-json\/wp\/v2\/media?parent=6875"}],"wp:term":[{"taxonomy":"product_brand","embeddable":true,"href":"https:\/\/letsgofitness.cl\/index.php\/wp-json\/wp\/v2\/product_brand?post=6875"},{"taxonomy":"product_cat","embeddable":true,"href":"https:\/\/letsgofitness.cl\/index.php\/wp-json\/wp\/v2\/product_cat?post=6875"},{"taxonomy":"product_tag","embeddable":true,"href":"https:\/\/letsgofitness.cl\/index.php\/wp-json\/wp\/v2\/product_tag?post=6875"}],"curies":[{"name":"wp","href":"https:\/\/api.w.org\/{rel}","templated":true}]}}