{"id":6874,"date":"2023-06-06T12:35:37","date_gmt":"2023-06-06T15:35:37","guid":{"rendered":"https:\/\/letsgofitness.cl\/?post_type=product&#038;p=6874"},"modified":"2026-05-05T11:25:26","modified_gmt":"2026-05-05T14:25:26","slug":"dual-shoulder-chest-hspro-1008-realleader-usa","status":"publish","type":"product","link":"https:\/\/letsgofitness.cl\/index.php\/producto\/dual-shoulder-chest-hspro-1008-realleader-usa\/","title":{"rendered":"DUAL SHOULDER \/CHEST PRO REALLEADER USA"},"content":{"rendered":"<p><strong>Realleader USA HSPRO2009\u00a0<\/strong>es \u00fanica en dise\u00f1o y movimiento de entrenamiento.<br \/>\nEl uso de amortiguadores adicionales da como resultado una secuencia de movimientos incomparablemente suave con<br \/>\nestr\u00e9s constante en los m\u00fasculos hasta el punto final del ejercicio.<\/p>\n<p>ASIENTO: El asiento ergon\u00f3mico y el respaldo son con forma anat\u00f3mica para sostener la columna vertebral y darle apoyo para tomar la posici\u00f3n correcta durante el ejercicio. La forma ancha y c\u00f3moda tambi\u00e9n es adecuada para personas m\u00e1s altas.<\/p>\n<p>&nbsp;<\/p>\n<h5>ESPECIFICACIONES T\u00c9CNICAS:<\/h5>\n<ul>\n<li>Dimensiones: 210 x 180 x1 90 CM.<\/li>\n<li>Peso: 295kg<\/li>\n<\/ul>\n","protected":false},"excerpt":{"rendered":"<p>COLOR DISPONIBLE:<\/p>\n<p>NEGRO\/ TAPIZ CAF\u00c9<\/p>\n","protected":false},"featured_media":6745,"template":"","meta":{"_joinchat":[]},"product_brand":[],"product_cat":[122,32,47],"product_tag":[],"class_list":{"0":"post-6874","1":"product","2":"type-product","3":"status-publish","4":"has-post-thumbnail","6":"product_cat-stock","7":"product_cat-profesional","8":"product_cat-peso-libre-profesional","10":"first","11":"outofstock","12":"sale","13":"shipping-taxable","14":"purchasable","15":"product-type-simple"},"_links":{"self":[{"href":"https:\/\/letsgofitness.cl\/index.php\/wp-json\/wp\/v2\/product\/6874","targetHints":{"allow":["GET"]}}],"collection":[{"href":"https:\/\/letsgofitness.cl\/index.php\/wp-json\/wp\/v2\/product"}],"about":[{"href":"https:\/\/letsgofitness.cl\/index.php\/wp-json\/wp\/v2\/types\/product"}],"wp:featuredmedia":[{"embeddable":true,"href":"https:\/\/letsgofitness.cl\/index.php\/wp-json\/wp\/v2\/media\/6745"}],"wp:attachment":[{"href":"https:\/\/letsgofitness.cl\/index.php\/wp-json\/wp\/v2\/media?parent=6874"}],"wp:term":[{"taxonomy":"product_brand","embeddable":true,"href":"https:\/\/letsgofitness.cl\/index.php\/wp-json\/wp\/v2\/product_brand?post=6874"},{"taxonomy":"product_cat","embeddable":true,"href":"https:\/\/letsgofitness.cl\/index.php\/wp-json\/wp\/v2\/product_cat?post=6874"},{"taxonomy":"product_tag","embeddable":true,"href":"https:\/\/letsgofitness.cl\/index.php\/wp-json\/wp\/v2\/product_tag?post=6874"}],"curies":[{"name":"wp","href":"https:\/\/api.w.org\/{rel}","templated":true}]}}