{"id":687,"date":"2020-05-19T12:24:04","date_gmt":"2020-05-19T15:24:04","guid":{"rendered":"https:\/\/letsgofitness.cl\/?post_type=product&#038;p=687"},"modified":"2026-04-10T11:08:49","modified_gmt":"2026-04-10T14:08:49","slug":"super-squat-2","status":"publish","type":"product","link":"https:\/\/letsgofitness.cl\/index.php\/producto\/super-squat-2\/","title":{"rendered":"SUPER SQUAT REALLEADER USA"},"content":{"rendered":"<h6>La m\u00e1quina SUPER SQUAT de la l\u00ednea REALLEADER, es una de las m\u00e1quinas m\u00e1s vitales para entrenar las piernas, apuntando a los cu\u00e1driceps, isquiotibiales y gl\u00fateos.<\/h6>\n<p>&nbsp;<\/p>\n<h6>\u00a0 <strong>\u00a0CARACTER\u00cdSTICAS T\u00c9CNICAS:<\/strong><\/h6>\n<ul>\n<li class=\"bac-item-label fl\">Material: Aluminio<\/li>\n<li>2 capas de pintura y horneado<\/li>\n<li>Los m\u00fasculos primarios que se trabajan difieren en la posici\u00f3n de las piernas.<\/li>\n<li>El rango de movimiento similar al de las sentadillas naturales ayuda a los usuarios a lograr un viaje muy profundo para el desarrollo completo de las piernas y los gl\u00fateos.<\/li>\n<li>Las hombreras gruesas y c\u00f3modas proporcionan la m\u00e1xima comodidad durante un entrenamiento.<\/li>\n<li>Los agarres dobles ayudan a realizar sentadillas frontales y traseras.<\/li>\n<li>Estructura de acero m\u00e1xima calidad.<\/li>\n<li>Grosor perfiles 3MM.<\/li>\n<li>Cojines tapizados con espuma alta calidad de 40 MM de grosor.<\/li>\n<li>Mangos antideslizantes en \u00e1ngulo que proporcionan un agarre seguro y una posici\u00f3n correcta de la mano y el cuerpo.<\/li>\n<\/ul>\n<p>&nbsp;<\/p>\n<h6>\u00a0 \u00a0BENEFICIOS:<\/h6>\n<ul>\n<li>Esta m\u00e1quina es un entrenamiento completo de la parte inferior del cuerpo que afecta los cu\u00e1driceps, los isquiotibiales y los gl\u00fateos de manera efectiva.<\/li>\n<li>Esta m\u00e1quina es una elecci\u00f3n perfecta para aquellos que buscan entrenamiento de fuerza en la parte inferior del cuerpo.<\/li>\n<li>Es una m\u00e1quina vers\u00e1til que ofrece varias posibilidades de entrenamiento en cuclillas en una unidad.<\/li>\n<li>El movimiento de entrenamiento involucra tres articulaciones que son la articulaci\u00f3n del tobillo, la rodilla y la cadera similares a los movimientos realizados en la vida cotidiana, como caminar, escalar, correr, etc.<\/li>\n<li>El fortalecimiento de los m\u00fasculos generales de las piernas mejora la apariencia f\u00edsica de la parte inferior del cuerpo junto con facilitar las actividades diarias mencionadas anteriormente.<\/li>\n<\/ul>\n<p>&nbsp;<\/p>\n<h6>\u00a0 \u00a0<strong>DIMENSIONES Y PESO:<\/strong><\/h6>\n<ul>\n<li>Medidas: 200 X 145 X 145 CM<\/li>\n<li>Peso: 136 KG<\/li>\n<\/ul>\n<p>&nbsp;<\/p>\n","protected":false},"excerpt":{"rendered":"<p>La m\u00e1quina SUPER SQUAT de la l\u00ednea REALLEADER, es una de las m\u00e1quinas m\u00e1s vitales para entrenar las piernas, apuntando a los cu\u00e1driceps, isquiotibiales y gl\u00fateos.<span class=\"excerpt-hellip\"> [\u2026]<\/span><\/p>\n","protected":false},"featured_media":1152,"template":"","meta":{"_joinchat":[]},"product_brand":[],"product_cat":[283,32,47],"product_tag":[],"class_list":{"0":"post-687","1":"product","2":"type-product","3":"status-publish","4":"has-post-thumbnail","6":"product_cat-realleader","7":"product_cat-profesional","8":"product_cat-peso-libre-profesional","10":"first","11":"outofstock","12":"sale","13":"shipping-taxable","14":"purchasable","15":"product-type-simple"},"_links":{"self":[{"href":"https:\/\/letsgofitness.cl\/index.php\/wp-json\/wp\/v2\/product\/687","targetHints":{"allow":["GET"]}}],"collection":[{"href":"https:\/\/letsgofitness.cl\/index.php\/wp-json\/wp\/v2\/product"}],"about":[{"href":"https:\/\/letsgofitness.cl\/index.php\/wp-json\/wp\/v2\/types\/product"}],"wp:featuredmedia":[{"embeddable":true,"href":"https:\/\/letsgofitness.cl\/index.php\/wp-json\/wp\/v2\/media\/1152"}],"wp:attachment":[{"href":"https:\/\/letsgofitness.cl\/index.php\/wp-json\/wp\/v2\/media?parent=687"}],"wp:term":[{"taxonomy":"product_brand","embeddable":true,"href":"https:\/\/letsgofitness.cl\/index.php\/wp-json\/wp\/v2\/product_brand?post=687"},{"taxonomy":"product_cat","embeddable":true,"href":"https:\/\/letsgofitness.cl\/index.php\/wp-json\/wp\/v2\/product_cat?post=687"},{"taxonomy":"product_tag","embeddable":true,"href":"https:\/\/letsgofitness.cl\/index.php\/wp-json\/wp\/v2\/product_tag?post=687"}],"curies":[{"name":"wp","href":"https:\/\/api.w.org\/{rel}","templated":true}]}}