{"id":6830,"date":"2023-05-31T13:14:20","date_gmt":"2023-05-31T16:14:20","guid":{"rendered":"https:\/\/letsgofitness.cl\/?post_type=product&#038;p=6830"},"modified":"2026-05-05T11:22:10","modified_gmt":"2026-05-05T14:22:10","slug":"stretch-estiramiento-impulse-sterling","status":"publish","type":"product","link":"https:\/\/letsgofitness.cl\/index.php\/producto\/stretch-estiramiento-impulse-sterling\/","title":{"rendered":"STRETCH (ESTIRAMIENTO) IMPULSE STERLING"},"content":{"rendered":"<h6><strong>MAQUINA DE ESTIRAMIENTO.<\/strong><\/h6>\n<p>La l\u00ednea IMPULSE STERLING incluye dispositivos de alta calidad destinados a uso comercial.<\/p>\n<p>Dado que la carga se regula con pesas, la l\u00ednea reproduce la sensaci\u00f3n de entrenamiento con pesas libres. La aplicaci\u00f3n de biomec\u00e1nica avanzada asegura que el equipo monitoree los movimientos fisiol\u00f3gicos del cuerpo, de modo que los usuarios est\u00e9n protegidos de lesiones. Estos dispositivos requieren un mantenimiento m\u00ednimo.<\/p>\n<p>&nbsp;<\/p>\n<h5>\u00a0 \u00a0ESPECIFICACIONES T\u00c9CNICAS:<\/h5>\n<ul>\n<li>Dimensiones: 157 x 63 x 127 CM.<\/li>\n<li>Peso: 50 kg.<\/li>\n<\/ul>\n","protected":false},"excerpt":{"rendered":"<p>MAQUINA DE ESTIRAMIENTO. La l\u00ednea IMPULSE STERLING incluye dispositivos de alta calidad destinados a uso comercial. Dado que la carga se regula con pesas, la l\u00ednea<span class=\"excerpt-hellip\"> [\u2026]<\/span><\/p>\n","protected":false},"featured_media":6831,"template":"","meta":{"_joinchat":[]},"product_brand":[],"product_cat":[135,122,32,47],"product_tag":[],"class_list":{"0":"post-6830","1":"product","2":"type-product","3":"status-publish","4":"has-post-thumbnail","6":"product_cat-oferta","7":"product_cat-stock","8":"product_cat-profesional","9":"product_cat-peso-libre-profesional","11":"first","12":"instock","13":"sale","14":"shipping-taxable","15":"purchasable","16":"product-type-simple"},"_links":{"self":[{"href":"https:\/\/letsgofitness.cl\/index.php\/wp-json\/wp\/v2\/product\/6830","targetHints":{"allow":["GET"]}}],"collection":[{"href":"https:\/\/letsgofitness.cl\/index.php\/wp-json\/wp\/v2\/product"}],"about":[{"href":"https:\/\/letsgofitness.cl\/index.php\/wp-json\/wp\/v2\/types\/product"}],"wp:featuredmedia":[{"embeddable":true,"href":"https:\/\/letsgofitness.cl\/index.php\/wp-json\/wp\/v2\/media\/6831"}],"wp:attachment":[{"href":"https:\/\/letsgofitness.cl\/index.php\/wp-json\/wp\/v2\/media?parent=6830"}],"wp:term":[{"taxonomy":"product_brand","embeddable":true,"href":"https:\/\/letsgofitness.cl\/index.php\/wp-json\/wp\/v2\/product_brand?post=6830"},{"taxonomy":"product_cat","embeddable":true,"href":"https:\/\/letsgofitness.cl\/index.php\/wp-json\/wp\/v2\/product_cat?post=6830"},{"taxonomy":"product_tag","embeddable":true,"href":"https:\/\/letsgofitness.cl\/index.php\/wp-json\/wp\/v2\/product_tag?post=6830"}],"curies":[{"name":"wp","href":"https:\/\/api.w.org\/{rel}","templated":true}]}}