{"id":6390,"date":"2023-04-17T16:59:07","date_gmt":"2023-04-17T19:59:07","guid":{"rendered":"https:\/\/letsgofitness.cl\/?post_type=product&#038;p=6390"},"modified":"2026-04-10T11:08:48","modified_gmt":"2026-04-10T14:08:48","slug":"half-rack-york-profesional-alto-trafico","status":"publish","type":"product","link":"https:\/\/letsgofitness.cl\/index.php\/producto\/half-rack-york-profesional-alto-trafico\/","title":{"rendered":"HALF RACK  YORK PROFESIONAL ALTO TRAFICO"},"content":{"rendered":"<p>El Half Rack se adapta a todas las opciones disponibles, convirti\u00e9ndolo en el dispositivo favorito de entrenadores y preparadores f\u00edsicos. Su dise\u00f1o simple, l\u00edneas limpias y tama\u00f1o peque\u00f1o es una contradicci\u00f3n a su multifuncionalidad. El Half Rack permite a los atletas realizar todos los ejercicios de forma segura con una eficacia formidable.<\/p>\n<p>El Half Rack ha sido probado y aprobado por varios gimnasios profesionales, el equipo irland\u00e9s de rugby, los Northampton Saints y muchos otros equipos de todo el mundo.<\/p>\n<p>La caracter\u00edstica especial son los ganchos de acero inoxidable con un dise\u00f1o de ranura de seguridad para evitar que el soporte de la barra se suelte involuntariamente. Ajustable a 19 posiciones cada 3 pulgadas para una amplia selecci\u00f3n de ajuste de altura.<\/p>\n<p>Fabricado con el mismo acero que York STS Power Rack y STS Half Rack, este rack ofrece al usuario una opci\u00f3n mucho m\u00e1s robusta y estable.<\/p>\n<p>PILAR TRASERO con 2 x 6 soportes de almacenamiento para discos ol\u00edmpicos.<\/p>\n<p>La barra de dominadas Combo Grip presenta un moleteado de 28 mm y acero s\u00f3lido laminado en fr\u00edo con una forma de V de 135 grados en el centro para opciones de agarre adicionales. Fijado a una altura de 243,8 cm.<br \/>\nINCLUYE:<br \/>\n&#8211; PAR YORK SOPORTES PARA BARRA OLIMPICA CARGADA YORK STS SCOOPS est\u00e1 fabricada en acero de 5 mm de espesor con acabado de pintura negra. El Scoop tiene una plataforma de 300 mm x 600 mm, que permite apoyar la barra sin restricciones. Siendo la seguridad esencial y presente en los Scoops, se ha a\u00f1adido un bloqueo de desenganche.<br \/>\n&#8211; ACCESORIO BARRA PARA USO DE BANCO FUNCIONAL YORK<br \/>\n&#8211; BANCO MULTIFUNCIONAL YORK STS PRO, El banco multifuncional Pro York Fitness se distingue por su sistema de deslizamiento que permite mover el asiento y el respaldo hacia adelante o hacia atr\u00e1s sin tener que levantar o mover el banco.<br \/>\n&#8211; SAFETY SPORT ARMS : Brazos de seguridad<br \/>\n&#8211; DIPS<\/p>\n<p>Informamos a nuestros clientes: Discos, barras ol\u00edmpicas, no est\u00e1n incluidos.<\/p>\n<h5>\u00a0 \u00a0CARACTER\u00cdSTICAS:<\/h5>\n<ul>\n<li>Estructura de acero de gran calidad.<\/li>\n<li>Pintura de alta protecci\u00f3n.<\/li>\n<li>2 Soportes de barra de enganche\/desacoplamiento r\u00e1pido, Placas de enganche de soporte de barra de acero inoxidable de 19 posiciones.<\/li>\n<li>2 estantes con espuelas de almacenamiento (2 x 6 espuelas) para discos ol\u00edmpicos.<\/li>\n<li>Barra de refuerzo trasera con bloqueo York STS Banco multifunci\u00f3n ref 55004.<\/li>\n<li>2 estantes de almacenamiento para barra ol\u00edmpica.<\/li>\n<li>Uso Profesional.<\/li>\n<\/ul>\n<p>&nbsp;<\/p>\n<h5>\u00a0 \u00a0ESPECIFICACIONES T\u00c9CNICAS:<\/h5>\n<ul>\n<li>Dimensiones: L 170 x A 124 x A 244 CM.<\/li>\n<li>Peso: 230 kg.<\/li>\n<\/ul>\n","protected":false},"excerpt":{"rendered":"<p>El Half Rack se adapta a todas las opciones disponibles, convirti\u00e9ndolo en el dispositivo favorito de entrenadores y preparadores f\u00edsicos. Su dise\u00f1o simple, l\u00edneas limpias y<span class=\"excerpt-hellip\"> [\u2026]<\/span><\/p>\n","protected":false},"featured_media":6386,"template":"","meta":{"_joinchat":[]},"product_brand":[],"product_cat":[122,32,47],"product_tag":[],"class_list":{"0":"post-6390","1":"product","2":"type-product","3":"status-publish","4":"has-post-thumbnail","6":"product_cat-stock","7":"product_cat-profesional","8":"product_cat-peso-libre-profesional","10":"first","11":"instock","12":"sale","13":"shipping-taxable","14":"purchasable","15":"product-type-simple"},"_links":{"self":[{"href":"https:\/\/letsgofitness.cl\/index.php\/wp-json\/wp\/v2\/product\/6390","targetHints":{"allow":["GET"]}}],"collection":[{"href":"https:\/\/letsgofitness.cl\/index.php\/wp-json\/wp\/v2\/product"}],"about":[{"href":"https:\/\/letsgofitness.cl\/index.php\/wp-json\/wp\/v2\/types\/product"}],"wp:featuredmedia":[{"embeddable":true,"href":"https:\/\/letsgofitness.cl\/index.php\/wp-json\/wp\/v2\/media\/6386"}],"wp:attachment":[{"href":"https:\/\/letsgofitness.cl\/index.php\/wp-json\/wp\/v2\/media?parent=6390"}],"wp:term":[{"taxonomy":"product_brand","embeddable":true,"href":"https:\/\/letsgofitness.cl\/index.php\/wp-json\/wp\/v2\/product_brand?post=6390"},{"taxonomy":"product_cat","embeddable":true,"href":"https:\/\/letsgofitness.cl\/index.php\/wp-json\/wp\/v2\/product_cat?post=6390"},{"taxonomy":"product_tag","embeddable":true,"href":"https:\/\/letsgofitness.cl\/index.php\/wp-json\/wp\/v2\/product_tag?post=6390"}],"curies":[{"name":"wp","href":"https:\/\/api.w.org\/{rel}","templated":true}]}}