{"id":6379,"date":"2023-04-16T21:19:36","date_gmt":"2023-04-17T00:19:36","guid":{"rendered":"https:\/\/letsgofitness.cl\/?post_type=product&#038;p=6379"},"modified":"2026-04-10T11:13:17","modified_gmt":"2026-04-10T14:13:17","slug":"glute-drive-boss-strength","status":"publish","type":"product","link":"https:\/\/letsgofitness.cl\/index.php\/producto\/glute-drive-boss-strength\/","title":{"rendered":"GLUTE Drive XPlus Boss Strength"},"content":{"rendered":"<h6><em><strong>CARACTER\u00cdSTICAS T\u00c9CNICAS<\/strong><\/em><\/h6>\n<ul>\n<li>Estructura construida en tubo de acero de alta calidad de 3 mm. de espesor.<\/li>\n<li>Partes m\u00f3viles montadas con pletina de 0.5 cm. de espesor.<\/li>\n<li>Partes desmontables de acero macizo con el que se evitan problemas de desgaste.<\/li>\n<li>El proceso de pintado de las m\u00e1quinas se realiza en t\u00fanel de tratamiento de cuatro capas, que ofrece una absoluta garant\u00eda contra la corrosi\u00f3n. En la primera capa se procede al desengrasado y fosfatado en caliente. La segunda se trata de un pre fosfatado a temperatura ambiente. En la tercera se procede a fosfatar en caliente. Y por \u00faltimo, se cubre la estructura con pintura epoxi en polvo.<\/li>\n<li>Ajustes de plataforma y del rodillo acolchados, permite la adaptaci\u00f3n de las m\u00e1quinas a cualquier usuario y ayuda a realizar los ejercicios con la postura correcta.<\/li>\n<li>Selectores de ajuste de color para localizarlos f\u00e1cilmente.<\/li>\n<li>Tapizado con relleno viscoel\u00e1stico y polipiel antibacteriana e ign\u00edfuga.<\/li>\n<li>Pictograma explicativo sobre la postura correcta para la realizaci\u00f3n del ejercicio y los m\u00fasculos implicados en el mismo.<\/li>\n<\/ul>\n<p>&nbsp;<\/p>\n<h6><em><strong>ESPECIFICACIONES T\u00c9CNICAS<\/strong><\/em><\/h6>\n<ul>\n<li>Dimensiones: 162,5 x 125 x 81,5 CM.<\/li>\n<li>Peso: 89 Kg.<\/li>\n<\/ul>\n","protected":false},"excerpt":{"rendered":"<p><strong>STOCK DISPONIBLE DESDE EL 20 DE MAYO DE 2024<\/strong><\/p>\n","protected":false},"featured_media":6377,"template":"","meta":{"_joinchat":[]},"product_brand":[],"product_cat":[130,135,122,32,47],"product_tag":[],"class_list":{"0":"post-6379","1":"product","2":"type-product","3":"status-publish","4":"has-post-thumbnail","6":"product_cat-boss-strength","7":"product_cat-oferta","8":"product_cat-stock","9":"product_cat-profesional","10":"product_cat-peso-libre-profesional","12":"first","13":"outofstock","14":"sale","15":"shipping-taxable","16":"purchasable","17":"product-type-simple"},"_links":{"self":[{"href":"https:\/\/letsgofitness.cl\/index.php\/wp-json\/wp\/v2\/product\/6379","targetHints":{"allow":["GET"]}}],"collection":[{"href":"https:\/\/letsgofitness.cl\/index.php\/wp-json\/wp\/v2\/product"}],"about":[{"href":"https:\/\/letsgofitness.cl\/index.php\/wp-json\/wp\/v2\/types\/product"}],"wp:featuredmedia":[{"embeddable":true,"href":"https:\/\/letsgofitness.cl\/index.php\/wp-json\/wp\/v2\/media\/6377"}],"wp:attachment":[{"href":"https:\/\/letsgofitness.cl\/index.php\/wp-json\/wp\/v2\/media?parent=6379"}],"wp:term":[{"taxonomy":"product_brand","embeddable":true,"href":"https:\/\/letsgofitness.cl\/index.php\/wp-json\/wp\/v2\/product_brand?post=6379"},{"taxonomy":"product_cat","embeddable":true,"href":"https:\/\/letsgofitness.cl\/index.php\/wp-json\/wp\/v2\/product_cat?post=6379"},{"taxonomy":"product_tag","embeddable":true,"href":"https:\/\/letsgofitness.cl\/index.php\/wp-json\/wp\/v2\/product_tag?post=6379"}],"curies":[{"name":"wp","href":"https:\/\/api.w.org\/{rel}","templated":true}]}}