{"id":6373,"date":"2023-04-14T14:26:55","date_gmt":"2023-04-14T17:26:55","guid":{"rendered":"https:\/\/letsgofitness.cl\/?post_type=product&#038;p=6373"},"modified":"2024-05-20T13:14:23","modified_gmt":"2024-05-20T16:14:23","slug":"trotadora-profesional-realleader-usa-rct-900m","status":"publish","type":"product","link":"https:\/\/letsgofitness.cl\/index.php\/producto\/trotadora-profesional-realleader-usa-rct-900m\/","title":{"rendered":"TROTADORA PROFESIONAL REALLEADER USA RCT-900M"},"content":{"rendered":"<h5><\/h5>\n<p>&nbsp;<\/p>\n<h5>\u00a0 \u00a0CARACTR\u00cdSTICAS:<\/h5>\n<ul>\n<li>Energ\u00eda: 220v \/ 50 \/ 60HZ.<\/li>\n<li>Potencia: 4.0-PEAK 9.0HP.<\/li>\n<li>Velocidad: 0.8-20 km \/ h.<\/li>\n<li>Pendiente: 0-20%.<\/li>\n<li>Estribo: Tabla de pino muy resistente.<\/li>\n<li>Pantalla: LED.<\/li>\n<li>Pantalla LED: Tiempo, distancia, inclinaci\u00f3n, velocidad, frecuencia card\u00edaca, carril de 400 m, calor\u00edas.<br \/>\nModelo de entrenamiento: Manual P1-P4, 32 programas de monta\u00f1a y colina.<\/li>\n<li>Inversor: inversor de control Mitsubishi.<\/li>\n<li>Funci\u00f3n: USB, MP3, parada autom\u00e1tica y parada de emergencia, 5 programas de velocidad, 5 programas de inclinaci\u00f3n.<\/li>\n<\/ul>\n<h5><\/h5>\n<p>&nbsp;<\/p>\n<h5>ESPECIFICACIONES T\u00c9CNICAS:<\/h5>\n<ul>\n<li>Tama\u00f1o: 217 x 93 x 165 CM.<\/li>\n<li>Tama\u00f1o de la correa: 55 x 330 CM.<\/li>\n<li>G.W \/ N.W: 230kg \/ 260kg.<\/li>\n<li>Peso M\u00e1ximo de usuario: 180kg.<\/li>\n<\/ul>\n<p>&nbsp;<\/p>\n","protected":false},"excerpt":{"rendered":"<p>&nbsp; \u00a0 \u00a0CARACTR\u00cdSTICAS: Energ\u00eda: 220v \/ 50 \/ 60HZ. Potencia: 4.0-PEAK 9.0HP. Velocidad: 0.8-20 km \/ h. Pendiente: 0-20%. Estribo: Tabla de pino muy resistente. Pantalla:<span class=\"excerpt-hellip\"> [\u2026]<\/span><\/p>\n","protected":false},"featured_media":6374,"template":"","meta":{"_joinchat":[]},"product_brand":[],"product_cat":[122,32],"product_tag":[],"class_list":{"0":"post-6373","1":"product","2":"type-product","3":"status-publish","4":"has-post-thumbnail","6":"product_cat-stock","7":"product_cat-profesional","9":"first","10":"outofstock","11":"shipping-taxable","12":"purchasable","13":"product-type-simple"},"_links":{"self":[{"href":"https:\/\/letsgofitness.cl\/index.php\/wp-json\/wp\/v2\/product\/6373","targetHints":{"allow":["GET"]}}],"collection":[{"href":"https:\/\/letsgofitness.cl\/index.php\/wp-json\/wp\/v2\/product"}],"about":[{"href":"https:\/\/letsgofitness.cl\/index.php\/wp-json\/wp\/v2\/types\/product"}],"wp:featuredmedia":[{"embeddable":true,"href":"https:\/\/letsgofitness.cl\/index.php\/wp-json\/wp\/v2\/media\/6374"}],"wp:attachment":[{"href":"https:\/\/letsgofitness.cl\/index.php\/wp-json\/wp\/v2\/media?parent=6373"}],"wp:term":[{"taxonomy":"product_brand","embeddable":true,"href":"https:\/\/letsgofitness.cl\/index.php\/wp-json\/wp\/v2\/product_brand?post=6373"},{"taxonomy":"product_cat","embeddable":true,"href":"https:\/\/letsgofitness.cl\/index.php\/wp-json\/wp\/v2\/product_cat?post=6373"},{"taxonomy":"product_tag","embeddable":true,"href":"https:\/\/letsgofitness.cl\/index.php\/wp-json\/wp\/v2\/product_tag?post=6373"}],"curies":[{"name":"wp","href":"https:\/\/api.w.org\/{rel}","templated":true}]}}