{"id":634,"date":"2020-05-18T16:35:15","date_gmt":"2020-05-18T19:35:15","guid":{"rendered":"https:\/\/letsgofitness.cl\/?post_type=product&#038;p=634"},"modified":"2026-04-21T10:28:25","modified_gmt":"2026-04-21T13:28:25","slug":"seated-calf-raise","status":"publish","type":"product","link":"https:\/\/letsgofitness.cl\/index.php\/producto\/seated-calf-raise\/","title":{"rendered":"SEATED CALF RAISE REALLEADER USA"},"content":{"rendered":"<h6>La m\u00e1quina Elevaci\u00f3n de pantorrillas sentada desarrolla eficazmente el tama\u00f1o y la fuerza de los m\u00fasculos de las pantorrillas.<\/h6>\n<p>&nbsp;<\/p>\n<h6>\u00a0 \u00a0<strong>CARACTERISTICAS T\u00c9CNICAS:<\/strong><\/h6>\n<ul>\n<li>La palanca de bloqueo de las rodilleras se suelta autom\u00e1ticamente para iniciar las elevaciones de pantorrillas.<\/li>\n<li>Incluye portadiscos cromados dobles colocados para facilitar la carga.<\/li>\n<li>Las almohadillas ajustables para las piernas se adaptan a usuarios de diferentes alturas.<\/li>\n<li>El relleno de espuma densa se suma al apoyo y la comodidad.<\/li>\n<li>Rodilleras contorneadas para adaptarse al muslo.<\/li>\n<li>Asas justo por encima de las rodilleras para la detecci\u00f3n autom\u00e1tica.<\/li>\n<li>Los pies de goma mantienen el estante en una posici\u00f3n firme en el piso y protegen tanto el piso como el estante de da\u00f1os.<\/li>\n<\/ul>\n<p>&nbsp;<\/p>\n<h6>\u00a0 \u00a0<strong>BENEFICIOS:<\/strong><\/h6>\n<ul>\n<li>Esta m\u00e1quina a\u00edsla los m\u00fasculos s\u00f3leo de la pantorrilla como ninguna otra m\u00e1quina y el coj\u00edn garantiza elevaciones suaves de la pantorrilla.<\/li>\n<li>La posici\u00f3n sentada elimina el estr\u00e9s de otros m\u00fasculos y permite que el entrenamiento se concentre completamente en los m\u00fasculos de la pantorrilla.<\/li>\n<\/ul>\n<p>&nbsp;<\/p>\n<h6>\u00a0 \u00a0<strong>DIMENSIONES Y PESO:<\/strong><\/h6>\n<ul>\n<li>Medidas<strong>:<\/strong> 134 x 80 x 86 CM<\/li>\n<li>Peso<strong>:<\/strong> 62KG<\/li>\n<\/ul>\n<p>&nbsp;<\/p>\n","protected":false},"excerpt":{"rendered":"<p><strong>*NO INCLUYE DISCOS OLIMPICOS*<\/strong><\/p>\n","protected":false},"featured_media":807,"template":"","meta":{"_joinchat":[]},"product_brand":[],"product_cat":[283,32,47],"product_tag":[],"class_list":{"0":"post-634","1":"product","2":"type-product","3":"status-publish","4":"has-post-thumbnail","6":"product_cat-realleader","7":"product_cat-profesional","8":"product_cat-peso-libre-profesional","10":"first","11":"instock","12":"sale","13":"shipping-taxable","14":"purchasable","15":"product-type-simple"},"_links":{"self":[{"href":"https:\/\/letsgofitness.cl\/index.php\/wp-json\/wp\/v2\/product\/634","targetHints":{"allow":["GET"]}}],"collection":[{"href":"https:\/\/letsgofitness.cl\/index.php\/wp-json\/wp\/v2\/product"}],"about":[{"href":"https:\/\/letsgofitness.cl\/index.php\/wp-json\/wp\/v2\/types\/product"}],"wp:featuredmedia":[{"embeddable":true,"href":"https:\/\/letsgofitness.cl\/index.php\/wp-json\/wp\/v2\/media\/807"}],"wp:attachment":[{"href":"https:\/\/letsgofitness.cl\/index.php\/wp-json\/wp\/v2\/media?parent=634"}],"wp:term":[{"taxonomy":"product_brand","embeddable":true,"href":"https:\/\/letsgofitness.cl\/index.php\/wp-json\/wp\/v2\/product_brand?post=634"},{"taxonomy":"product_cat","embeddable":true,"href":"https:\/\/letsgofitness.cl\/index.php\/wp-json\/wp\/v2\/product_cat?post=634"},{"taxonomy":"product_tag","embeddable":true,"href":"https:\/\/letsgofitness.cl\/index.php\/wp-json\/wp\/v2\/product_tag?post=634"}],"curies":[{"name":"wp","href":"https:\/\/api.w.org\/{rel}","templated":true}]}}