{"id":6202,"date":"2023-05-04T19:05:52","date_gmt":"2023-05-04T22:05:52","guid":{"rendered":"https:\/\/letsgofitness.cl\/?post_type=product&#038;p=6202"},"modified":"2026-04-10T11:08:36","modified_gmt":"2026-04-10T14:08:36","slug":"rodillera-elastica-de-compresion-deportiva","status":"publish","type":"product","link":"https:\/\/letsgofitness.cl\/index.php\/producto\/rodillera-elastica-de-compresion-deportiva\/","title":{"rendered":"Rodillera El\u00e1stica De Compresi\u00f3n Deportiva"},"content":{"rendered":"<p>CARACTERISTICAS T\u00c9CNICA:<\/p>\n<ul class=\"a-unordered-list a-vertical a-spacing-mini\">\n<li><span class=\"a-list-item\"><strong>2 correas de velcro extra ajustables<\/strong> y 2 sistemas de fijaci\u00f3n de velcro especialmente dise\u00f1ados para un mejor ajuste, cuatro estabilizadores de resorte y dise\u00f1o de r\u00f3tula abierta.\u00a0<\/span><\/li>\n<li><span class=\"a-list-item\">Tecnolog\u00eda de soporte de rodilla.\u00a0Las almohadillas de gel de r\u00f3tula contorneadas anat\u00f3micamente rodean la r\u00f3tula, los estabilizadores de resorte de metal de doble cara (4 muelles) se ajustan perfectamente a la articulaci\u00f3n de la rodilla.\u00a0Estos elementos funcionales especiales fortalecen el soporte lateral y mantienen la estabilidad de la articulaci\u00f3n.\u00a0Dispersa eficazmente la presi\u00f3n, mantiene la rodilla caliente, lubricando las articulaciones.\u00a0Es la mejor opci\u00f3n para la protecci\u00f3n deportiva y la recuperaci\u00f3n del dolor.<\/span><\/li>\n<li><span class=\"a-list-item\"><strong>Alivio eficaz y apoyo, <\/strong>componentes como almohadilla de gel de r\u00f3tula, estabilizadores laterales de resorte, 2 correas ajustables extra, tela de compresi\u00f3n el\u00e1stica que puede reducir significativamente la presi\u00f3n de la articulaci\u00f3n de la rodilla y ayudar al menisco a recuperarse. Envuelve la r\u00f3tula para mejorar la estabilidad de la r\u00f3tula y relaja los tendones, evita tirones, evita la tensi\u00f3n muscular. Previene lesiones de ligamentos, fracturas, dislocaci\u00f3n, etc.\u00a0<\/span><\/li>\n<li><span class=\"a-list-item\"><strong>Correas ajustables y dise\u00f1o de r\u00f3tula abierta, <\/strong>dise\u00f1ado espec\u00edficamente para dolor de rodilla o lesiones en las articulaciones, lo que puede hacer que la rodillera se ajuste perfectamente a tu r\u00f3tula.\u00a0<\/span><\/li>\n<li><span class=\"a-list-item\">Dise\u00f1o de correas de velcro y un mont\u00f3n de <strong>agujeros de ventilaci\u00f3n,<\/strong> la tela de punto de aire puede absorber y evaporar al instante grandes cantidades de agua, respiraci\u00f3n circular. Transpirable, de secado r\u00e1pido y absorbente el sudor, ligero.\u00a0Empaquetado con 2 correas m\u00e1gicas extra que te permiten ajustar la tensi\u00f3n por tu cuenta.\u00a0<\/span><\/li>\n<li><span class=\"a-list-item\"><strong>Rodillera de grado m\u00e9dico<\/strong> para dolor de rodilla, desgarro de menisco, artritis, alivio del dolor en las articulaciones, esguinces, distensiones, recuperaci\u00f3n de lesiones deportivas. Ampliamente utilizado en levantamiento de pesas, baloncesto, correr, voleibol, gimnasio, tenis, senderismo y mucho m\u00e1s Universal para hombres y mujeres.<\/span><\/li>\n<\/ul>\n","protected":false},"excerpt":{"rendered":"<p>CARACTERISTICAS T\u00c9CNICA: 2 correas de velcro extra ajustables y 2 sistemas de fijaci\u00f3n de velcro especialmente dise\u00f1ados para un mejor ajuste, cuatro estabilizadores de resorte y<span class=\"excerpt-hellip\"> [\u2026]<\/span><\/p>\n","protected":false},"featured_media":6203,"template":"","meta":{"_joinchat":[]},"product_brand":[],"product_cat":[135],"product_tag":[],"class_list":{"0":"post-6202","1":"product","2":"type-product","3":"status-publish","4":"has-post-thumbnail","6":"product_cat-oferta","8":"first","9":"instock","10":"sale","11":"shipping-taxable","12":"purchasable","13":"product-type-simple"},"_links":{"self":[{"href":"https:\/\/letsgofitness.cl\/index.php\/wp-json\/wp\/v2\/product\/6202","targetHints":{"allow":["GET"]}}],"collection":[{"href":"https:\/\/letsgofitness.cl\/index.php\/wp-json\/wp\/v2\/product"}],"about":[{"href":"https:\/\/letsgofitness.cl\/index.php\/wp-json\/wp\/v2\/types\/product"}],"wp:featuredmedia":[{"embeddable":true,"href":"https:\/\/letsgofitness.cl\/index.php\/wp-json\/wp\/v2\/media\/6203"}],"wp:attachment":[{"href":"https:\/\/letsgofitness.cl\/index.php\/wp-json\/wp\/v2\/media?parent=6202"}],"wp:term":[{"taxonomy":"product_brand","embeddable":true,"href":"https:\/\/letsgofitness.cl\/index.php\/wp-json\/wp\/v2\/product_brand?post=6202"},{"taxonomy":"product_cat","embeddable":true,"href":"https:\/\/letsgofitness.cl\/index.php\/wp-json\/wp\/v2\/product_cat?post=6202"},{"taxonomy":"product_tag","embeddable":true,"href":"https:\/\/letsgofitness.cl\/index.php\/wp-json\/wp\/v2\/product_tag?post=6202"}],"curies":[{"name":"wp","href":"https:\/\/api.w.org\/{rel}","templated":true}]}}