{"id":6197,"date":"2023-05-04T19:04:45","date_gmt":"2023-05-04T22:04:45","guid":{"rendered":"https:\/\/letsgofitness.cl\/?post_type=product&#038;p=6197"},"modified":"2026-04-10T11:08:36","modified_gmt":"2026-04-10T14:08:36","slug":"rodillera-de-compresion-deportiva-valor-par","status":"publish","type":"product","link":"https:\/\/letsgofitness.cl\/index.php\/producto\/rodillera-de-compresion-deportiva-valor-par\/","title":{"rendered":"Rodillera De Compresi\u00f3n Deportiva"},"content":{"rendered":"<ul>\n<li>RECUERDA VERIFICAR LA MEDIDA DE TU MUSLO<\/li>\n<\/ul>\n<p><b>*Recuerda medir la circunferencia de tu muslo 10 cent\u00edmetros arriba de tu rodilla, las tallas especificadas se acogen a los rangos indicados.<\/b><\/p>\n<p>&nbsp;<\/p>\n<p><strong>TALLAS DISPONIBLES:<\/strong><\/p>\n<ul>\n<li><strong>Talla S<\/strong> (Para muslo con circunferencia entre 30 cm y 36 cm)<\/li>\n<li><strong>Talla M<\/strong> (Para muslo con circunferencia entre 36 cm y 42 cm)<\/li>\n<li><strong>Talla L<\/strong> (Para muslo con circunferencia entre 43 cm y 48 cm)<\/li>\n<li><strong>Talla XL<\/strong> (Para muslo con circunferencia entre 48 cm y 55 cm)<\/li>\n<\/ul>\n<p>&nbsp;<\/p>\n<p><strong>CARACTER\u00cdSTICAS:<\/strong><\/p>\n<ul>\n<li>La rodillera de compresi\u00f3n aplica presi\u00f3n en tu rodilla.<\/li>\n<li>Ofrece un \u00f3ptimo soporte muscular en tus entrenamientos o actividades f\u00edsicas diarias. Con \u00e9sta rodillera puedes realizar cualquier actividad f\u00edsica de tu rutina diaria y prevenir lesiones.<\/li>\n<li>Es perfecta para cualquier actividad que ejerza gran presi\u00f3n y estr\u00e9s en la rodilla tales como: F\u00fatbol, Baloncesto, Gimnasio, Crossfit, caminar, trotar, correr y m\u00e1s. Estar\u00e1s protegido manteniendo un gran rendimiento y un completo rango de movimiento de la pierna.<\/li>\n<li>Est\u00e1 confeccionada de material que ofrece soporte ideal, comodidad sin comprometer la movilidad.<\/li>\n<li>Ajustada y respirable, la tela mantiene la estabilidad en la articulaci\u00f3n y evita la picaz\u00f3n. Absorbe rapidamente el sudor y mantiene tu pierna seca y libre de olores por lo que puedes darle horas continuas de uso .<\/li>\n<\/ul>\n","protected":false},"excerpt":{"rendered":"<h6><strong>PRECIO POR PAR<\/strong><\/h6>\n","protected":false},"featured_media":6156,"template":"","meta":{"_joinchat":[]},"product_brand":[],"product_cat":[106,135,122],"product_tag":[],"class_list":{"0":"post-6197","1":"product","2":"type-product","3":"status-publish","4":"has-post-thumbnail","6":"product_cat-accesorios","7":"product_cat-oferta","8":"product_cat-stock","10":"first","11":"outofstock","12":"shipping-taxable","13":"purchasable","14":"product-type-variable"},"_links":{"self":[{"href":"https:\/\/letsgofitness.cl\/index.php\/wp-json\/wp\/v2\/product\/6197","targetHints":{"allow":["GET"]}}],"collection":[{"href":"https:\/\/letsgofitness.cl\/index.php\/wp-json\/wp\/v2\/product"}],"about":[{"href":"https:\/\/letsgofitness.cl\/index.php\/wp-json\/wp\/v2\/types\/product"}],"wp:featuredmedia":[{"embeddable":true,"href":"https:\/\/letsgofitness.cl\/index.php\/wp-json\/wp\/v2\/media\/6156"}],"wp:attachment":[{"href":"https:\/\/letsgofitness.cl\/index.php\/wp-json\/wp\/v2\/media?parent=6197"}],"wp:term":[{"taxonomy":"product_brand","embeddable":true,"href":"https:\/\/letsgofitness.cl\/index.php\/wp-json\/wp\/v2\/product_brand?post=6197"},{"taxonomy":"product_cat","embeddable":true,"href":"https:\/\/letsgofitness.cl\/index.php\/wp-json\/wp\/v2\/product_cat?post=6197"},{"taxonomy":"product_tag","embeddable":true,"href":"https:\/\/letsgofitness.cl\/index.php\/wp-json\/wp\/v2\/product_tag?post=6197"}],"curies":[{"name":"wp","href":"https:\/\/api.w.org\/{rel}","templated":true}]}}