{"id":6193,"date":"2023-03-23T14:58:24","date_gmt":"2023-03-23T17:58:24","guid":{"rendered":"https:\/\/letsgofitness.cl\/?post_type=product&#038;p=6193"},"modified":"2026-04-10T11:08:36","modified_gmt":"2026-04-10T14:08:36","slug":"guante-foco-boxeo","status":"publish","type":"product","link":"https:\/\/letsgofitness.cl\/index.php\/producto\/guante-foco-boxeo\/","title":{"rendered":"GUANTE FOCO BOXEO"},"content":{"rendered":"<p><strong> \u00a0 Caracter\u00edsticas t\u00e9cnicas:<\/strong><\/p>\n<ul>\n<li>Los guantes de foco, est\u00e1n dise\u00f1ados para un mejor rendimiento del usuario.<\/li>\n<li>Los guantes de foco proporcionan una gran absorci\u00f3n de impacto.<\/li>\n<li>Est\u00e1n fabricados de cuero de alta calidad para mejorar la t\u00e9cnica y coordinaci\u00f3n.<\/li>\n<\/ul>\n","protected":false},"excerpt":{"rendered":"<p>\u00a0 Caracter\u00edsticas t\u00e9cnicas: Los guantes de foco, est\u00e1n dise\u00f1ados para un mejor rendimiento del usuario. Los guantes de foco proporcionan una gran absorci\u00f3n de impacto. Est\u00e1n<span class=\"excerpt-hellip\"> [\u2026]<\/span><\/p>\n","protected":false},"featured_media":6148,"template":"","meta":{"_joinchat":[]},"product_brand":[],"product_cat":[106,153,135,122],"product_tag":[],"class_list":{"0":"post-6193","1":"product","2":"type-product","3":"status-publish","4":"has-post-thumbnail","6":"product_cat-accesorios","7":"product_cat-guantes","8":"product_cat-oferta","9":"product_cat-stock","11":"first","12":"instock","13":"shipping-taxable","14":"purchasable","15":"product-type-simple"},"_links":{"self":[{"href":"https:\/\/letsgofitness.cl\/index.php\/wp-json\/wp\/v2\/product\/6193","targetHints":{"allow":["GET"]}}],"collection":[{"href":"https:\/\/letsgofitness.cl\/index.php\/wp-json\/wp\/v2\/product"}],"about":[{"href":"https:\/\/letsgofitness.cl\/index.php\/wp-json\/wp\/v2\/types\/product"}],"wp:featuredmedia":[{"embeddable":true,"href":"https:\/\/letsgofitness.cl\/index.php\/wp-json\/wp\/v2\/media\/6148"}],"wp:attachment":[{"href":"https:\/\/letsgofitness.cl\/index.php\/wp-json\/wp\/v2\/media?parent=6193"}],"wp:term":[{"taxonomy":"product_brand","embeddable":true,"href":"https:\/\/letsgofitness.cl\/index.php\/wp-json\/wp\/v2\/product_brand?post=6193"},{"taxonomy":"product_cat","embeddable":true,"href":"https:\/\/letsgofitness.cl\/index.php\/wp-json\/wp\/v2\/product_cat?post=6193"},{"taxonomy":"product_tag","embeddable":true,"href":"https:\/\/letsgofitness.cl\/index.php\/wp-json\/wp\/v2\/product_tag?post=6193"}],"curies":[{"name":"wp","href":"https:\/\/api.w.org\/{rel}","templated":true}]}}