{"id":6176,"date":"2023-03-23T12:58:19","date_gmt":"2023-03-23T15:58:19","guid":{"rendered":"https:\/\/letsgofitness.cl\/?post_type=product&#038;p=6176"},"modified":"2026-04-10T11:13:04","modified_gmt":"2026-04-10T14:13:04","slug":"cajon-pliometrico-espuma","status":"publish","type":"product","link":"https:\/\/letsgofitness.cl\/index.php\/producto\/cajon-pliometrico-espuma\/","title":{"rendered":"CAJON PLIOMETRICO ESPUMA"},"content":{"rendered":"<p><strong>\u00a0 \u00a0 \u00a0 \u00a0 \u00a0Caracter\u00edsticas t\u00e9cnicas:<\/strong><\/p>\n<ul>\n<li>\u00a0Caj\u00f3n pliom\u00e9trico est\u00e1 dise\u00f1ado especialmente para realizar entrenamientos de saltos con altura.<\/li>\n<li>Como tambi\u00e9n se utilizan en entrenamientos de crossfit.<\/li>\n<li>Se utiliza en los entrenamientos que incluyen saltar, rebotar, steps y cualquier otro movimiento acorde.<\/li>\n<li>su peso ligero lo hace un implemento f\u00e1cil transportar.<\/li>\n<\/ul>\n<p>&nbsp;<\/p>\n<p>&nbsp;<\/p>\n<p>&nbsp;<\/p>\n<ul>\n<li><strong>\u00a0MATERIAL:<\/strong> PVC ALTO DE TR\u00c1FICO , RELLENO DE AGLOMERADO ALTA DENSIDAD<\/li>\n<\/ul>\n<p><strong>\u00a0 \u00a0 \u00a0 \u00a0 \u00a0 \u00a0DIMENSIONES:<\/strong> 76 X 51 X 61 CM<\/p>\n<p><strong>\u00a0 \u00a0 \u00a0 \u00a0 \u00a0<\/strong><strong>\u00a0 PESO<\/strong>: 5.4 KG<\/p>\n","protected":false},"excerpt":{"rendered":"<p>\u00a0 \u00a0 \u00a0 \u00a0 \u00a0Caracter\u00edsticas t\u00e9cnicas: \u00a0Caj\u00f3n pliom\u00e9trico est\u00e1 dise\u00f1ado especialmente para realizar entrenamientos de saltos con altura. Como tambi\u00e9n se utilizan en entrenamientos de crossfit.<span class=\"excerpt-hellip\"> [\u2026]<\/span><\/p>\n","protected":false},"featured_media":6178,"template":"","meta":{"_joinchat":[]},"product_brand":[],"product_cat":[106,122],"product_tag":[],"class_list":{"0":"post-6176","1":"product","2":"type-product","3":"status-publish","4":"has-post-thumbnail","6":"product_cat-accesorios","7":"product_cat-stock","9":"first","10":"instock","11":"sale","12":"shipping-taxable","13":"purchasable","14":"product-type-simple"},"_links":{"self":[{"href":"https:\/\/letsgofitness.cl\/index.php\/wp-json\/wp\/v2\/product\/6176","targetHints":{"allow":["GET"]}}],"collection":[{"href":"https:\/\/letsgofitness.cl\/index.php\/wp-json\/wp\/v2\/product"}],"about":[{"href":"https:\/\/letsgofitness.cl\/index.php\/wp-json\/wp\/v2\/types\/product"}],"wp:featuredmedia":[{"embeddable":true,"href":"https:\/\/letsgofitness.cl\/index.php\/wp-json\/wp\/v2\/media\/6178"}],"wp:attachment":[{"href":"https:\/\/letsgofitness.cl\/index.php\/wp-json\/wp\/v2\/media?parent=6176"}],"wp:term":[{"taxonomy":"product_brand","embeddable":true,"href":"https:\/\/letsgofitness.cl\/index.php\/wp-json\/wp\/v2\/product_brand?post=6176"},{"taxonomy":"product_cat","embeddable":true,"href":"https:\/\/letsgofitness.cl\/index.php\/wp-json\/wp\/v2\/product_cat?post=6176"},{"taxonomy":"product_tag","embeddable":true,"href":"https:\/\/letsgofitness.cl\/index.php\/wp-json\/wp\/v2\/product_tag?post=6176"}],"curies":[{"name":"wp","href":"https:\/\/api.w.org\/{rel}","templated":true}]}}