{"id":6171,"date":"2023-03-23T12:00:38","date_gmt":"2023-03-23T15:00:38","guid":{"rendered":"https:\/\/letsgofitness.cl\/?post_type=product&#038;p=6171"},"modified":"2025-02-18T10:32:35","modified_gmt":"2025-02-18T13:32:35","slug":"cerakote-multi-cross-bar-cromada","status":"publish","type":"product","link":"https:\/\/letsgofitness.cl\/index.php\/producto\/cerakote-multi-cross-bar-cromada\/","title":{"rendered":"Barra OLIMPICA Cerakote  Mangas Cromadas"},"content":{"rendered":"<p><strong><em>Cerakote Multi Cross Bar Cromada (Plateado)<\/em><\/strong><\/p>\n<p>Barra BOSS STRENGTH cerakote, es ideal para todo tipo de entrenamiento, el revestimiento de Cerakote , como muchas otras innovaciones, se hizo con fines \u00a0militares y luego se avanz\u00f3 para uso civil. El revestimiento de cer\u00e1mica se caracteriza por un alto grado de protecci\u00f3n contra la corrosi\u00f3n, el desgaste y tambi\u00e9n mejora la resistencia ante impactos y ca\u00eddas de la barra en esos duros entrenamientos, lo que garantiza una vida \u00fatil muy larga si se mantiene adecuadamente.<\/p>\n<ul>\n<li><strong>Peso<\/strong>\u00a020 Kg<\/li>\n<li><strong>Carga m\u00e1xima<\/strong>\u00a01500 libras (680 Kilos)<\/li>\n<li><strong>\u00danica<\/strong>\u00a0con 10 rodamientos aguja (5 por lado)<\/li>\n<li><strong>Longitud<\/strong>\u00a0de la Barra 2200 mm<\/li>\n<li><strong>Di\u00e1metro<\/strong>\u00a0de la barra \u00f8 28 mm<\/li>\n<li><strong>Bujes de bronce<\/strong><\/li>\n<li><strong>Seguros seger<\/strong><\/li>\n<li><strong>Resistencia<\/strong>\u00a0a la tracci\u00f3n del eje es de 190.000 PSI<\/li>\n<\/ul>\n<p><strong>\u00a1Look impresionante con grabado laser,<\/strong>\u00a0<strong>se tu propio BOSS en cada entrenamiento!<\/strong><\/p>\n","protected":false},"excerpt":{"rendered":"<p><strong><em>Cerakote Multi Cross Bar Cromada (Plateado)<\/em><\/strong><\/p>\n","protected":false},"featured_media":6172,"template":"","meta":{"_joinchat":[]},"product_brand":[],"product_cat":[107,108,122],"product_tag":[],"class_list":{"0":"post-6171","1":"product","2":"type-product","3":"status-publish","4":"has-post-thumbnail","6":"product_cat-accesorios-barras","7":"product_cat-accesorios-barras-olimpicas","8":"product_cat-stock","10":"first","11":"outofstock","12":"sale","13":"shipping-taxable","14":"purchasable","15":"product-type-variable"},"_links":{"self":[{"href":"https:\/\/letsgofitness.cl\/index.php\/wp-json\/wp\/v2\/product\/6171","targetHints":{"allow":["GET"]}}],"collection":[{"href":"https:\/\/letsgofitness.cl\/index.php\/wp-json\/wp\/v2\/product"}],"about":[{"href":"https:\/\/letsgofitness.cl\/index.php\/wp-json\/wp\/v2\/types\/product"}],"wp:featuredmedia":[{"embeddable":true,"href":"https:\/\/letsgofitness.cl\/index.php\/wp-json\/wp\/v2\/media\/6172"}],"wp:attachment":[{"href":"https:\/\/letsgofitness.cl\/index.php\/wp-json\/wp\/v2\/media?parent=6171"}],"wp:term":[{"taxonomy":"product_brand","embeddable":true,"href":"https:\/\/letsgofitness.cl\/index.php\/wp-json\/wp\/v2\/product_brand?post=6171"},{"taxonomy":"product_cat","embeddable":true,"href":"https:\/\/letsgofitness.cl\/index.php\/wp-json\/wp\/v2\/product_cat?post=6171"},{"taxonomy":"product_tag","embeddable":true,"href":"https:\/\/letsgofitness.cl\/index.php\/wp-json\/wp\/v2\/product_tag?post=6171"}],"curies":[{"name":"wp","href":"https:\/\/api.w.org\/{rel}","templated":true}]}}