{"id":6082,"date":"2023-03-16T11:03:01","date_gmt":"2023-03-16T14:03:01","guid":{"rendered":"https:\/\/letsgofitness.cl\/?post_type=product&#038;p=6082"},"modified":"2026-04-10T11:08:36","modified_gmt":"2026-04-10T14:08:36","slug":"yoga-matt-boss-15mm-1-5-cm-colchoneta-funcional","status":"publish","type":"product","link":"https:\/\/letsgofitness.cl\/index.php\/producto\/yoga-matt-boss-15mm-1-5-cm-colchoneta-funcional\/","title":{"rendered":"YOGA MATT BOSS 15mm (1.5 cm) \/ COLCHONETA FUNCIONAL"},"content":{"rendered":"<p>MAT YOGA NBR, es una colchoneta ideal para realizar entrenamientos de yoga, pilates, stretching y otros\u00a0 entrenamiento funcionales. Excelente grosor (15mm) y textura adherente al piso, permitir\u00e1 absorber impactos, cuidar tus puntos de apoyos y articulaciones. Dise\u00f1ado para usos intensivos, c\u00f3modo para usar en suelos duros,\u00a0 gran durabilidad y f\u00e1cil de limpiar<br \/>\nCaracter\u00edsticas:<br \/>\n\u2022 Material NBR<br \/>\n\u2022 Gran durabilidad.<br \/>\n\u2022 C\u00f3modo para suelos duros.<br \/>\n\u2022 Enrollable para guardar f\u00e1cilmente<br \/>\n\u2022 Antideslizante.<\/p>\n<p>El Yoga mat es de f\u00e1cil mantenimiento, se debe lavar a mano, sin secadora.<\/p>\n<p>Medidas:<\/p>\n<ul>\n<li>Largo : 183 cm<\/li>\n<li>ancho:\u00a0 61 cm<\/li>\n<li>Grosor: 15 cm<\/li>\n<\/ul>\n<p>&nbsp;<\/p>\n","protected":false},"excerpt":{"rendered":"<p>MAT YOGA NBR, es una colchoneta ideal para realizar entrenamientos de yoga, pilates, stretching y otros\u00a0 entrenamiento funcionales. Excelente grosor (15mm) y textura adherente al piso,<span class=\"excerpt-hellip\"> [\u2026]<\/span><\/p>\n","protected":false},"featured_media":5784,"template":"","meta":{"_joinchat":[]},"product_brand":[],"product_cat":[106,135,122,32],"product_tag":[],"class_list":{"0":"post-6082","1":"product","2":"type-product","3":"status-publish","4":"has-post-thumbnail","6":"product_cat-accesorios","7":"product_cat-oferta","8":"product_cat-stock","9":"product_cat-profesional","11":"first","12":"instock","13":"sale","14":"shipping-taxable","15":"purchasable","16":"product-type-simple"},"_links":{"self":[{"href":"https:\/\/letsgofitness.cl\/index.php\/wp-json\/wp\/v2\/product\/6082","targetHints":{"allow":["GET"]}}],"collection":[{"href":"https:\/\/letsgofitness.cl\/index.php\/wp-json\/wp\/v2\/product"}],"about":[{"href":"https:\/\/letsgofitness.cl\/index.php\/wp-json\/wp\/v2\/types\/product"}],"wp:featuredmedia":[{"embeddable":true,"href":"https:\/\/letsgofitness.cl\/index.php\/wp-json\/wp\/v2\/media\/5784"}],"wp:attachment":[{"href":"https:\/\/letsgofitness.cl\/index.php\/wp-json\/wp\/v2\/media?parent=6082"}],"wp:term":[{"taxonomy":"product_brand","embeddable":true,"href":"https:\/\/letsgofitness.cl\/index.php\/wp-json\/wp\/v2\/product_brand?post=6082"},{"taxonomy":"product_cat","embeddable":true,"href":"https:\/\/letsgofitness.cl\/index.php\/wp-json\/wp\/v2\/product_cat?post=6082"},{"taxonomy":"product_tag","embeddable":true,"href":"https:\/\/letsgofitness.cl\/index.php\/wp-json\/wp\/v2\/product_tag?post=6082"}],"curies":[{"name":"wp","href":"https:\/\/api.w.org\/{rel}","templated":true}]}}