{"id":589,"date":"2020-05-18T11:41:24","date_gmt":"2020-05-18T14:41:24","guid":{"rendered":"https:\/\/letsgofitness.cl\/?post_type=product&#038;p=589"},"modified":"2026-04-10T11:11:13","modified_gmt":"2026-04-10T14:11:13","slug":"dual-multipower-crossover","status":"publish","type":"product","link":"https:\/\/letsgofitness.cl\/index.php\/producto\/dual-multipower-crossover\/","title":{"rendered":"DUAL MULTIPOWER &#8211; CROSSOVER"},"content":{"rendered":"<p><em><strong>CARACTER\u00cdSTICAS T\u00c9CNICAS<\/strong><\/em><\/p>\n<div class=\"resp-tabs-container\">\n<div class=\"resp-tab-content resp-tab-content-active\" aria-labelledby=\"tab_item-0\">\n<ul>\n<li><b>ESTRUCTURA<\/b>\u00a0construida en tubo oval de acero de 100 x 3 mm de grosor.<\/li>\n<li><b>PARTES DESMONTABLES\u00a0<\/b>de acero macizo con el que se evitan problemas de desgaste.<\/li>\n<li><b>LAS BARRAS GU\u00cdAS<\/b>\u00a0son de acero rectificado y normalizado (cromoduro).<span class=\"Apple-converted-space\">\u00a0<\/span><\/li>\n<li><b>LAS PLACAS<\/b>\u00a0son de acero calibrado, pintadas en negro, estas tienen anillos de tefl\u00f3n de una calidad superior, lo cual produce un deslizamiento correcto evitando ruidos por fricci\u00f3n.<\/li>\n<li><b>EL PROCESO DE PINTADO<\/b>\u00a0de las m\u00e1quinas se realiza en t\u00fanel de tratamiento de cuatro capas, que ofrece una absoluta garant\u00eda contra la corrosi\u00f3n. En la primera capa se procede al desengrasado y fosfatado en caliente. La segunda se trata de un prefosfatado a temperatura ambiente. En la tercera se procede a fosfatar en caliente. Y por \u00faltimo, se cubre la estructura con pintura epoxi en polvo.<\/li>\n<li><b>TRANSMISI\u00d3N<\/b>\u00a0por cable de 4.8 mm.<\/li>\n<li>Las m\u00e1quinas est\u00e1n montadas sobre rodamientos (circulares o lineales) o ruedas de bronce y rodamientos.<\/li>\n<li><strong>DOBLE TOMADA SIMPLE POR LADO<\/strong><em> : <strong>MAS OPCIONES DE ENTRENAMIENTOS<\/strong><\/em><\/li>\n<\/ul>\n<p><strong>INCLUYE<\/strong><\/p>\n<ul>\n<li style=\"list-style-type: none\">\n<ul>\n<li>Barra Dorsalera <strong>Aluminio<\/strong><\/li>\n<li>Barra Corta <strong>Aluminio<\/strong><\/li>\n<li>Cuerda Tr\u00edceps<\/li>\n<li>Tomadas simples<\/li>\n<li>Carenado protector en la torre de placas para evitar posibles accidentes y selector de placas met\u00e1lico con im\u00e1n para mayor seguridad.<span class=\"Apple-converted-space\">\u00a0<\/span><\/li>\n<li>Barras de almacenamiento recubiertas de goma en \u00e1ngulos para evitar que los discos se caigan.<span class=\"Apple-converted-space\">\u00a0<\/span><\/li>\n<li>Ganchos para los el\u00e1sticos de resistencia.<span class=\"Apple-converted-space\">\u00a0<\/span><\/li>\n<\/ul>\n<\/li>\n<\/ul>\n<p><em><strong>DIMENSIONES Y PESO<\/strong><\/em><\/p>\n<div class=\"resp-tabs-container\">\n<div class=\"resp-tab-content resp-tab-content-active\" aria-labelledby=\"tab_item-1\">\n<ul>\n<li><b>Largo:<\/b>\u00a0234.3 cm.<\/li>\n<li><b>Ancho:<\/b>\u00a0132 cm.<\/li>\n<li><b>Alto:<\/b>\u00a0210 cm.<\/li>\n<li><b>Peso m\u00e1ximo de usuario:\u00a0<\/b>150 kg.<\/li>\n<li><b>Carga placas:<\/b> 95 kg.<\/li>\n<\/ul>\n<\/div>\n<\/div>\n<\/div>\n<\/div>\n<div id=\"short_description_block\">\n<div id=\"short_description_content\" class=\"rte align_justify\">\n<p>&nbsp;<\/p>\n<\/div>\n<\/div>\n","protected":false},"excerpt":{"rendered":"<p>CARACTER\u00cdSTICAS T\u00c9CNICAS ESTRUCTURA\u00a0construida en tubo oval de acero de 100 x 3 mm de grosor. PARTES DESMONTABLES\u00a0de acero macizo con el que se evitan problemas de<span class=\"excerpt-hellip\"> [\u2026]<\/span><\/p>\n","protected":false},"featured_media":6037,"template":"","meta":{"_joinchat":[]},"product_brand":[],"product_cat":[130,71,32,49],"product_tag":[],"class_list":{"0":"post-589","1":"product","2":"type-product","3":"status-publish","4":"has-post-thumbnail","6":"product_cat-boss-strength","7":"product_cat-profesional-dual-cable-cross","8":"product_cat-profesional","9":"product_cat-dual-profesional","11":"first","12":"outofstock","13":"sale","14":"shipping-taxable","15":"purchasable","16":"product-type-simple"},"_links":{"self":[{"href":"https:\/\/letsgofitness.cl\/index.php\/wp-json\/wp\/v2\/product\/589","targetHints":{"allow":["GET"]}}],"collection":[{"href":"https:\/\/letsgofitness.cl\/index.php\/wp-json\/wp\/v2\/product"}],"about":[{"href":"https:\/\/letsgofitness.cl\/index.php\/wp-json\/wp\/v2\/types\/product"}],"wp:featuredmedia":[{"embeddable":true,"href":"https:\/\/letsgofitness.cl\/index.php\/wp-json\/wp\/v2\/media\/6037"}],"wp:attachment":[{"href":"https:\/\/letsgofitness.cl\/index.php\/wp-json\/wp\/v2\/media?parent=589"}],"wp:term":[{"taxonomy":"product_brand","embeddable":true,"href":"https:\/\/letsgofitness.cl\/index.php\/wp-json\/wp\/v2\/product_brand?post=589"},{"taxonomy":"product_cat","embeddable":true,"href":"https:\/\/letsgofitness.cl\/index.php\/wp-json\/wp\/v2\/product_cat?post=589"},{"taxonomy":"product_tag","embeddable":true,"href":"https:\/\/letsgofitness.cl\/index.php\/wp-json\/wp\/v2\/product_tag?post=589"}],"curies":[{"name":"wp","href":"https:\/\/api.w.org\/{rel}","templated":true}]}}