{"id":573,"date":"2020-05-15T17:45:11","date_gmt":"2020-05-15T20:45:11","guid":{"rendered":"https:\/\/letsgofitness.cl\/?post_type=product&#038;p=573"},"modified":"2026-04-10T11:11:13","modified_gmt":"2026-04-10T14:11:13","slug":"dual-cable-cross","status":"publish","type":"product","link":"https:\/\/letsgofitness.cl\/index.php\/producto\/dual-cable-cross\/","title":{"rendered":"DUAL CABLE CROSS BOSS STRENGTH"},"content":{"rendered":"<p>&nbsp;<\/p>\n<ul>\n<li>La Dual Cable Cross <em><strong>BOSS STRENGTH<\/strong><\/em> ofrece una gama casi ilimitada de ejercicios gracias a la libertad de movimientos que proporcionan las poleas giratorias y los brazos m\u00f3viles. Permite trabajar conjuntamente la fuerza de todos los m\u00fasculos del cuerpo a la vez que se desarrolla la estabilidad y la coordinaci\u00f3n.<\/li>\n<li><strong>Poleas de aluminio con rodamientos<\/strong>. Aseguran un movimiento fluido y proporcionan una gama casi ilimitada de ejercicios<\/li>\n<li>Cada\u00a0<strong>brazo gira vertical y horizontalmente<\/strong>\u00a0mediante 12 ajustes que permiten ejecutar cualquier tipo de movimiento. Los brazos son contra-equilibrados para facilitar la colocaci\u00f3n.<\/li>\n<li>Los 234 cm. de\u00a0<strong>cable<\/strong>\u00a0en cada uno de los brazos permiten realizar una completa gama de ejercicios de extensi\u00f3n y flexi\u00f3n.<\/li>\n<li><strong>Las placas de peso<\/strong>\u00a0se encuentran cubiertas para garantizar la seguridad del usuario. Las placas de peso duales permiten entrenar simult\u00e1neamente a dos usuarios.<\/li>\n<li>La Dual Cable Cross est\u00e1 construida con acero de calibre 11 y 7 y terminado con un proceso electrost\u00e1tico con recubrimiento de polvo.<\/li>\n<li>Una proporci\u00f3n 2:1 ha sido incorporada a esta 2\u00aa generaci\u00f3n de Dual Cable con la misma resistencia de movimiento pero con m\u00e1s peso.<\/li>\n<li>Los<strong>\u00a0grips<\/strong>\u00a0pueden moverse de forma independiente ofreciendo multitud de ejercicios.<\/li>\n<\/ul>\n<p>&nbsp;<\/p>\n<p><strong>DIMENSIONES Y PESO:<\/strong><\/p>\n<ul>\n<li><strong>Largo:\u00a0<\/strong>184 cm.<\/li>\n<li><strong>Alto:\u00a0<\/strong>187 cm.<\/li>\n<li><strong>Ancho:\u00a0<\/strong>318 cm.<\/li>\n<li><strong>Peso de m\u00e1quina:<\/strong> 370 kg.<\/li>\n<li><strong>Carga de placas:\u00a0<\/strong>164kg (82 kg.\u00a0 por torre)<\/li>\n<\/ul>\n<p>&nbsp;<\/p>\n","protected":false},"excerpt":{"rendered":"<p><strong>COLOR DISPONIBLE:<\/strong><\/p>\n<ul>\n<li>NEGRO<\/li>\n<\/ul>\n","protected":false},"featured_media":5951,"template":"","meta":{"_joinchat":[]},"product_brand":[],"product_cat":[130,71,66,135,122,32,49,50],"product_tag":[],"class_list":{"0":"post-573","1":"product","2":"type-product","3":"status-publish","4":"has-post-thumbnail","6":"product_cat-boss-strength","7":"product_cat-profesional-dual-cable-cross","8":"product_cat-profesional-pesointegrado-cable-crossover","9":"product_cat-oferta","10":"product_cat-stock","11":"product_cat-profesional","12":"product_cat-dual-profesional","13":"product_cat-funcional-profesional","15":"first","16":"outofstock","17":"sale","18":"shipping-taxable","19":"purchasable","20":"product-type-simple"},"_links":{"self":[{"href":"https:\/\/letsgofitness.cl\/index.php\/wp-json\/wp\/v2\/product\/573","targetHints":{"allow":["GET"]}}],"collection":[{"href":"https:\/\/letsgofitness.cl\/index.php\/wp-json\/wp\/v2\/product"}],"about":[{"href":"https:\/\/letsgofitness.cl\/index.php\/wp-json\/wp\/v2\/types\/product"}],"wp:featuredmedia":[{"embeddable":true,"href":"https:\/\/letsgofitness.cl\/index.php\/wp-json\/wp\/v2\/media\/5951"}],"wp:attachment":[{"href":"https:\/\/letsgofitness.cl\/index.php\/wp-json\/wp\/v2\/media?parent=573"}],"wp:term":[{"taxonomy":"product_brand","embeddable":true,"href":"https:\/\/letsgofitness.cl\/index.php\/wp-json\/wp\/v2\/product_brand?post=573"},{"taxonomy":"product_cat","embeddable":true,"href":"https:\/\/letsgofitness.cl\/index.php\/wp-json\/wp\/v2\/product_cat?post=573"},{"taxonomy":"product_tag","embeddable":true,"href":"https:\/\/letsgofitness.cl\/index.php\/wp-json\/wp\/v2\/product_tag?post=573"}],"curies":[{"name":"wp","href":"https:\/\/api.w.org\/{rel}","templated":true}]}}