{"id":5681,"date":"2023-02-28T11:18:40","date_gmt":"2023-02-28T14:18:40","guid":{"rendered":"https:\/\/letsgofitness.cl\/?post_type=product&#038;p=5681"},"modified":"2026-04-10T11:13:18","modified_gmt":"2026-04-10T14:13:18","slug":"prone-leg-curl-evolution","status":"publish","type":"product","link":"https:\/\/letsgofitness.cl\/index.php\/producto\/prone-leg-curl-evolution\/","title":{"rendered":"OFERTA PRONE LEG CURL \u201cEVOLUTION\u201d Stack 120kg"},"content":{"rendered":"<p>La nueva l\u00ednea\u00a0<strong>\u201cEVOLUTION\u201d<\/strong>\u00a0de LFG es una nueva versi\u00f3n de l\u00ednea de alta gama.<\/p>\n<p><strong>Caracter\u00edsticas principales:<\/strong><\/p>\n<ul>\n<li>Estructura principal en tubo ovalado plano 100*50 en 3mm<\/li>\n<li>Contrapeso secundario con pasadores<\/li>\n<li>Poleas de aluminio<\/li>\n<li>Brazos de tubo redondo color rojo<\/li>\n<li>Tapices en espuma de alta densidad<\/li>\n<li>Cable de acero recubierto 6mm, soporta 1TN<\/li>\n<li>Pintura electrost\u00e1tica doble capa<\/li>\n<li>Pictograma descriptivo<\/li>\n<li>Cubierta trasera hecha de hierro<\/li>\n<li>Porta botellas<\/li>\n<li>Barras gu\u00edas de acero inoxidable<\/li>\n<li>Pin de pl\u00e1stico amarillo<\/li>\n<li>Etiquetas de placas de peso de pvc<\/li>\n<li>Placas de peso negras<\/li>\n<li>Manijas y cubiertas de pl\u00e1stico<\/li>\n<li>Tapas cromadas<\/li>\n<\/ul>\n<p><strong>STACK: 120KG<\/strong><\/p>\n<p>Dimensi\u00f3n armada: 168,5x112x152 CM<\/p>\n","protected":false},"excerpt":{"rendered":"<p>La nueva l\u00ednea\u00a0\u201cEVOLUTION\u201d\u00a0de LFG es una nueva versi\u00f3n de l\u00ednea de alta gama. Caracter\u00edsticas principales: Estructura principal en tubo ovalado plano 100*50 en 3mm Contrapeso secundario<span class=\"excerpt-hellip\"> [\u2026]<\/span><\/p>\n","protected":false},"featured_media":4697,"template":"","meta":{"_joinchat":[]},"product_brand":[],"product_cat":[135,122,32,48],"product_tag":[],"class_list":{"0":"post-5681","1":"product","2":"type-product","3":"status-publish","4":"has-post-thumbnail","6":"product_cat-oferta","7":"product_cat-stock","8":"product_cat-profesional","9":"product_cat-peso-integrado-profesional","11":"first","12":"outofstock","13":"sale","14":"shipping-taxable","15":"purchasable","16":"product-type-simple"},"_links":{"self":[{"href":"https:\/\/letsgofitness.cl\/index.php\/wp-json\/wp\/v2\/product\/5681","targetHints":{"allow":["GET"]}}],"collection":[{"href":"https:\/\/letsgofitness.cl\/index.php\/wp-json\/wp\/v2\/product"}],"about":[{"href":"https:\/\/letsgofitness.cl\/index.php\/wp-json\/wp\/v2\/types\/product"}],"wp:featuredmedia":[{"embeddable":true,"href":"https:\/\/letsgofitness.cl\/index.php\/wp-json\/wp\/v2\/media\/4697"}],"wp:attachment":[{"href":"https:\/\/letsgofitness.cl\/index.php\/wp-json\/wp\/v2\/media?parent=5681"}],"wp:term":[{"taxonomy":"product_brand","embeddable":true,"href":"https:\/\/letsgofitness.cl\/index.php\/wp-json\/wp\/v2\/product_brand?post=5681"},{"taxonomy":"product_cat","embeddable":true,"href":"https:\/\/letsgofitness.cl\/index.php\/wp-json\/wp\/v2\/product_cat?post=5681"},{"taxonomy":"product_tag","embeddable":true,"href":"https:\/\/letsgofitness.cl\/index.php\/wp-json\/wp\/v2\/product_tag?post=5681"}],"curies":[{"name":"wp","href":"https:\/\/api.w.org\/{rel}","templated":true}]}}