{"id":5641,"date":"2023-02-13T17:31:50","date_gmt":"2023-02-13T20:31:50","guid":{"rendered":"https:\/\/letsgofitness.cl\/?post_type=product&#038;p=5641"},"modified":"2026-04-10T11:13:18","modified_gmt":"2026-04-10T14:13:18","slug":"leg-squat-free-weight-boss-strength","status":"publish","type":"product","link":"https:\/\/letsgofitness.cl\/index.php\/producto\/leg-squat-free-weight-boss-strength\/","title":{"rendered":"LEG SQUAT FREE WEIGHT BOSS STRENGTH POWERLIFE"},"content":{"rendered":"<h6>BOSS STRENGTH Leg squat ayuda a ejecutar la forma adecuada de la sentadilla a trav\u00e9s de un rango de movimiento suave en su plataforma curva.<\/h6>\n<p>&nbsp;<\/p>\n<h6><em><strong>CARACTER\u00cdSTICAS T\u00c9CNICAS<\/strong><\/em><\/h6>\n<ul>\n<li>Plataforma texturizada ayuda a garantizar una colocaci\u00f3n segura del pie incluso bajo cargas pesadas.<\/li>\n<li>Plataforma\u00a0 curvada con precisi\u00f3n para guiar intuitivamente la postura del usuario.<\/li>\n<li>Almacenamiento integrado\u00a0 perfecto para transiciones r\u00e1pidas y mantiene ordenada la sala de pesas.<\/li>\n<li>Rango ajustable: Los usuarios pueden establecer el punto final del rango de movimiento para que sea seguro y f\u00e1cil entrar \/ salir de la unidad.<\/li>\n<li>Asiento acolchado y hombreras: Las hombreras son contorneadas y giratorias para adaptarse a usuarios de diferentes tama\u00f1os. El back pad tambi\u00e9n est\u00e1 acolchado para mayor comodidad.<\/li>\n<li>Construido para durar: Construido con acero calibre 7 y con recubrimiento electrost\u00e1tico en polvo, est\u00e1 construido para resistir los rigores de entrenamientos profesionales.<\/li>\n<li>Orificios para anclar: Para mayor seguridad, se puede anclar al piso a trav\u00e9s de orificios previamente perforados.<\/li>\n<li>Color de marco est\u00e1ndar SILVER GRAY.<\/li>\n<li>Color de tapicer\u00eda est\u00e1ndar Negro.<\/li>\n<li>Color de la empu\u00f1adura Negro.<\/li>\n<li>Ajustes Parada de seguridad.<\/li>\n<li>Asientos y acolchado Vinilo, espuma de 1,5 pulgadas \/ 3,8 cm de espesor.<\/li>\n<li>Marco y acabado Construcci\u00f3n de acero de alta resistencia calibre 11.<\/li>\n<\/ul>\n<p>&nbsp;<\/p>\n<p><em><strong>ESPECIFICACIONES T\u00c9CNICAS<\/strong><\/em><\/p>\n<ul>\n<li>Dimensiones: 190 x 144,7 x 172,7 CM.<\/li>\n<li>Huella 190 x 144,7 cm.<\/li>\n<li>Peso 530 lb \/ 240.4 kg.<\/li>\n<li>Peso m\u00e1ximo del usuario 350 lb \/ 159 kg.<\/li>\n<li>Dimensiones del env\u00edo Caja 1: 76,3 x 31,8 x 32 pulgadas \/ 193,8 x 80,7 x 81,2 cm &#8211; Caja 2: 38,5 x 13,3 x 5,1 pulgadas \/ 97,7 x 33,7 x 12,9 cm.<\/li>\n<li>Peso del env\u00edo Caja 1: 553 lb \/ 250.8 kg Caja 2: 10 lb \/ 4.5 kg.<\/li>\n<\/ul>\n<p>&nbsp;<\/p>\n<p><em><strong>GARANT\u00cdA<\/strong><\/em><\/p>\n<ul>\n<li>Marco 10 a\u00f1os.<\/li>\n<li>Partes 3 a\u00f1os.<\/li>\n<li>Otras partes y piezas 6 Meses.<\/li>\n<li>Tapicer\u00eda y acolchado 120 D\u00edas.<\/li>\n<\/ul>\n<p>&nbsp;<\/p>\n","protected":false},"excerpt":{"rendered":"<p>COLOR DISPONIBLE:<\/p>\n<ul>\n<li>GRIS<\/li>\n<\/ul>\n","protected":false},"featured_media":5640,"template":"","meta":{"_joinchat":[]},"product_brand":[],"product_cat":[130,133,122,32,47],"product_tag":[],"class_list":{"0":"post-5641","1":"product","2":"type-product","3":"status-publish","4":"has-post-thumbnail","6":"product_cat-boss-strength","7":"product_cat-powerlife","8":"product_cat-stock","9":"product_cat-profesional","10":"product_cat-peso-libre-profesional","12":"first","13":"instock","14":"sale","15":"shipping-taxable","16":"purchasable","17":"product-type-simple"},"_links":{"self":[{"href":"https:\/\/letsgofitness.cl\/index.php\/wp-json\/wp\/v2\/product\/5641","targetHints":{"allow":["GET"]}}],"collection":[{"href":"https:\/\/letsgofitness.cl\/index.php\/wp-json\/wp\/v2\/product"}],"about":[{"href":"https:\/\/letsgofitness.cl\/index.php\/wp-json\/wp\/v2\/types\/product"}],"wp:featuredmedia":[{"embeddable":true,"href":"https:\/\/letsgofitness.cl\/index.php\/wp-json\/wp\/v2\/media\/5640"}],"wp:attachment":[{"href":"https:\/\/letsgofitness.cl\/index.php\/wp-json\/wp\/v2\/media?parent=5641"}],"wp:term":[{"taxonomy":"product_brand","embeddable":true,"href":"https:\/\/letsgofitness.cl\/index.php\/wp-json\/wp\/v2\/product_brand?post=5641"},{"taxonomy":"product_cat","embeddable":true,"href":"https:\/\/letsgofitness.cl\/index.php\/wp-json\/wp\/v2\/product_cat?post=5641"},{"taxonomy":"product_tag","embeddable":true,"href":"https:\/\/letsgofitness.cl\/index.php\/wp-json\/wp\/v2\/product_tag?post=5641"}],"curies":[{"name":"wp","href":"https:\/\/api.w.org\/{rel}","templated":true}]}}