{"id":5609,"date":"2023-02-10T14:51:18","date_gmt":"2023-02-10T17:51:18","guid":{"rendered":"https:\/\/letsgofitness.cl\/?post_type=product&#038;p=5609"},"modified":"2026-04-10T11:13:18","modified_gmt":"2026-04-10T14:13:18","slug":"par-discos-olimpicos-premium-uretano-2-5kg","status":"publish","type":"product","link":"https:\/\/letsgofitness.cl\/index.php\/producto\/par-discos-olimpicos-premium-uretano-2-5kg\/","title":{"rendered":"PAR DISCOS OLIMPICOS PREMIUM URETANO 2.5KG"},"content":{"rendered":"<p>Los discos est\u00e1n hechos de uretano negro que no se deforma, sin olor y son m\u00e1s resistentes que otros discos tradicionales con revestimiento como el caucho o reconstituidos. Su apertura central de acero es compatible con todo tipo de mangas de barras ol\u00edmpicas (\u00d8 \u02dc51 mm).<\/p>\n<p>Sus agarres permiten una f\u00e1cil manipulaci\u00f3n para cargar en m\u00e1quinas como en barras, y tambi\u00e9n ejercicios us\u00e1ndolo directamente como elemento de peso libre.<\/p>\n","protected":false},"excerpt":{"rendered":"<p>Los discos est\u00e1n hechos de uretano negro que no se deforma, sin olor y son m\u00e1s resistentes que otros discos tradicionales con revestimiento como el caucho<span class=\"excerpt-hellip\"> [\u2026]<\/span><\/p>\n","protected":false},"featured_media":5554,"template":"","meta":{"_joinchat":[]},"product_brand":[],"product_cat":[106,114,135,115,122],"product_tag":[],"class_list":{"0":"post-5609","1":"product","2":"type-product","3":"status-publish","4":"has-post-thumbnail","6":"product_cat-accesorios","7":"product_cat-discos","8":"product_cat-oferta","9":"product_cat-olimpicos","10":"product_cat-stock","12":"first","13":"outofstock","14":"shipping-taxable","15":"purchasable","16":"product-type-simple"},"_links":{"self":[{"href":"https:\/\/letsgofitness.cl\/index.php\/wp-json\/wp\/v2\/product\/5609","targetHints":{"allow":["GET"]}}],"collection":[{"href":"https:\/\/letsgofitness.cl\/index.php\/wp-json\/wp\/v2\/product"}],"about":[{"href":"https:\/\/letsgofitness.cl\/index.php\/wp-json\/wp\/v2\/types\/product"}],"wp:featuredmedia":[{"embeddable":true,"href":"https:\/\/letsgofitness.cl\/index.php\/wp-json\/wp\/v2\/media\/5554"}],"wp:attachment":[{"href":"https:\/\/letsgofitness.cl\/index.php\/wp-json\/wp\/v2\/media?parent=5609"}],"wp:term":[{"taxonomy":"product_brand","embeddable":true,"href":"https:\/\/letsgofitness.cl\/index.php\/wp-json\/wp\/v2\/product_brand?post=5609"},{"taxonomy":"product_cat","embeddable":true,"href":"https:\/\/letsgofitness.cl\/index.php\/wp-json\/wp\/v2\/product_cat?post=5609"},{"taxonomy":"product_tag","embeddable":true,"href":"https:\/\/letsgofitness.cl\/index.php\/wp-json\/wp\/v2\/product_tag?post=5609"}],"curies":[{"name":"wp","href":"https:\/\/api.w.org\/{rel}","templated":true}]}}