{"id":5593,"date":"2023-02-10T11:54:03","date_gmt":"2023-02-10T14:54:03","guid":{"rendered":"https:\/\/letsgofitness.cl\/?post_type=product&#038;p=5593"},"modified":"2026-04-10T11:13:19","modified_gmt":"2026-04-10T14:13:19","slug":"nordic-leg-curl-bench-pro-lgf","status":"publish","type":"product","link":"https:\/\/letsgofitness.cl\/index.php\/producto\/nordic-leg-curl-bench-pro-lgf\/","title":{"rendered":"NORDIC LEG CURL BENCH PRO LGF"},"content":{"rendered":"<p>El equipo de entrenamiento f\u00edsico profesional HSP es una soluci\u00f3n perfecta para m\u00faltiples necesidades de entrenamiento funcional personalizadas. Puede cumplir con diferentes requisitos de atletas profesionales, equipos deportivos, centros de entrenamiento f\u00edsico y grandes gimnasios comerciales.<\/p>\n<p>La m\u00e1quina de entrenamiento f\u00edsico profesional NORDIC LEG CURL se desarrolla en torno a las necesidades de entrenamiento f\u00edsico profesional de los deportes competitivos profesionales y el entrenamiento f\u00edsico militar. Impulse est\u00e1 investigando a fondo los m\u00e9todos y conceptos internacionales de entrenamiento f\u00edsico avanzado, combinados con el plan de configuraci\u00f3n de productos del centro internacional de acondicionamiento f\u00edsico. El equipo de entrenamiento f\u00edsico se basa en el concepto de entrenamiento f\u00edsico con fuerza, resistencia, velocidad, potencia explosiva, agilidad y equilibrio din\u00e1mico como n\u00facleo.<\/p>\n<p><strong>DIMENSIONES Y PESO<\/strong><\/p>\n<div class=\"page\" title=\"Page 1\">\n<div class=\"layoutArea\">\n<div class=\"column\">\n<ul>\n<li>Tama\u00f1o: Ancho 67 \u00d7 Largo 1.45 \u00d7 alto 43 cm<\/li>\n<li>Tama\u00f1o del embalaje: Largo 1.24 \u00d7 Ancho 69 \u00d7 Alto 20 cm<\/li>\n<li>Pila de pesas: 47 kg<\/li>\n<\/ul>\n<\/div>\n<\/div>\n<\/div>\n","protected":false},"excerpt":{"rendered":"<p>El equipo de entrenamiento f\u00edsico profesional HSP es una soluci\u00f3n perfecta para m\u00faltiples necesidades de entrenamiento funcional personalizadas. Puede cumplir con diferentes requisitos de atletas profesionales,<span class=\"excerpt-hellip\"> [\u2026]<\/span><\/p>\n","protected":false},"featured_media":5597,"template":"","meta":{"_joinchat":[]},"product_brand":[],"product_cat":[106,135,122,32,51],"product_tag":[],"class_list":{"0":"post-5593","1":"product","2":"type-product","3":"status-publish","4":"has-post-thumbnail","6":"product_cat-accesorios","7":"product_cat-oferta","8":"product_cat-stock","9":"product_cat-profesional","10":"product_cat-bancos-rack-profesional","12":"first","13":"instock","14":"sale","15":"shipping-taxable","16":"purchasable","17":"product-type-simple"},"_links":{"self":[{"href":"https:\/\/letsgofitness.cl\/index.php\/wp-json\/wp\/v2\/product\/5593","targetHints":{"allow":["GET"]}}],"collection":[{"href":"https:\/\/letsgofitness.cl\/index.php\/wp-json\/wp\/v2\/product"}],"about":[{"href":"https:\/\/letsgofitness.cl\/index.php\/wp-json\/wp\/v2\/types\/product"}],"wp:featuredmedia":[{"embeddable":true,"href":"https:\/\/letsgofitness.cl\/index.php\/wp-json\/wp\/v2\/media\/5597"}],"wp:attachment":[{"href":"https:\/\/letsgofitness.cl\/index.php\/wp-json\/wp\/v2\/media?parent=5593"}],"wp:term":[{"taxonomy":"product_brand","embeddable":true,"href":"https:\/\/letsgofitness.cl\/index.php\/wp-json\/wp\/v2\/product_brand?post=5593"},{"taxonomy":"product_cat","embeddable":true,"href":"https:\/\/letsgofitness.cl\/index.php\/wp-json\/wp\/v2\/product_cat?post=5593"},{"taxonomy":"product_tag","embeddable":true,"href":"https:\/\/letsgofitness.cl\/index.php\/wp-json\/wp\/v2\/product_tag?post=5593"}],"curies":[{"name":"wp","href":"https:\/\/api.w.org\/{rel}","templated":true}]}}