{"id":5587,"date":"2023-02-09T17:58:40","date_gmt":"2023-02-09T20:58:40","guid":{"rendered":"https:\/\/letsgofitness.cl\/?post_type=product&#038;p=5587"},"modified":"2026-04-10T11:13:19","modified_gmt":"2026-04-10T14:13:19","slug":"boss-strength-cinturon-biceps-arm-blaster-negro","status":"publish","type":"product","link":"https:\/\/letsgofitness.cl\/index.php\/producto\/boss-strength-cinturon-biceps-arm-blaster-negro\/","title":{"rendered":"BOSS STRENGTH CINTURON BICEPS (ARM BLASTER) NEGRO"},"content":{"rendered":"<p>El cintur\u00f3n para b\u00edceps, es una de las herramientas m\u00e1s \u00fatiles para el trabajo focalizado de biceps. El cuerpo del cintur\u00f3n soporta tus codos, lo que te permite mantener la postura correcta durante ejercicios y mejorar la t\u00e9cnica en la ejecuci\u00f3n, permitiendo una mayor eficacia y rendimiento en el desarrolo muscular. Tambi\u00e9n evita lesiones, ya que bloquea tu torso de forma que te impedir\u00e1 cometer errores de t\u00e9cnica.\u00a0 El cintur\u00f3n de b\u00edceps est\u00e1 fabricado con aluminio de calibre grueso y el cintur\u00f3n ajustable es de nailon resistente.<\/p>\n","protected":false},"excerpt":{"rendered":"<p>El cintur\u00f3n para b\u00edceps, es una de las herramientas m\u00e1s \u00fatiles para el trabajo focalizado de biceps. El cuerpo del cintur\u00f3n soporta tus codos, lo que<span class=\"excerpt-hellip\"> [\u2026]<\/span><\/p>\n","protected":false},"featured_media":5349,"template":"","meta":{"_joinchat":[]},"product_brand":[],"product_cat":[106,135,122],"product_tag":[],"class_list":{"0":"post-5587","1":"product","2":"type-product","3":"status-publish","4":"has-post-thumbnail","6":"product_cat-accesorios","7":"product_cat-oferta","8":"product_cat-stock","10":"first","11":"instock","12":"sale","13":"shipping-taxable","14":"purchasable","15":"product-type-simple"},"_links":{"self":[{"href":"https:\/\/letsgofitness.cl\/index.php\/wp-json\/wp\/v2\/product\/5587","targetHints":{"allow":["GET"]}}],"collection":[{"href":"https:\/\/letsgofitness.cl\/index.php\/wp-json\/wp\/v2\/product"}],"about":[{"href":"https:\/\/letsgofitness.cl\/index.php\/wp-json\/wp\/v2\/types\/product"}],"wp:featuredmedia":[{"embeddable":true,"href":"https:\/\/letsgofitness.cl\/index.php\/wp-json\/wp\/v2\/media\/5349"}],"wp:attachment":[{"href":"https:\/\/letsgofitness.cl\/index.php\/wp-json\/wp\/v2\/media?parent=5587"}],"wp:term":[{"taxonomy":"product_brand","embeddable":true,"href":"https:\/\/letsgofitness.cl\/index.php\/wp-json\/wp\/v2\/product_brand?post=5587"},{"taxonomy":"product_cat","embeddable":true,"href":"https:\/\/letsgofitness.cl\/index.php\/wp-json\/wp\/v2\/product_cat?post=5587"},{"taxonomy":"product_tag","embeddable":true,"href":"https:\/\/letsgofitness.cl\/index.php\/wp-json\/wp\/v2\/product_tag?post=5587"}],"curies":[{"name":"wp","href":"https:\/\/api.w.org\/{rel}","templated":true}]}}