{"id":5585,"date":"2023-02-09T17:46:53","date_gmt":"2023-02-09T20:46:53","guid":{"rendered":"https:\/\/letsgofitness.cl\/?post_type=product&#038;p=5585"},"modified":"2026-04-10T11:08:55","modified_gmt":"2026-04-10T14:08:55","slug":"collarines-aluminio-olimpicos-par-lgf-azul","status":"publish","type":"product","link":"https:\/\/letsgofitness.cl\/index.php\/producto\/collarines-aluminio-olimpicos-par-lgf-azul\/","title":{"rendered":"COLLARINES ALUMINIO OL\u00cdMPICOS (PAR) LGF AZUL"},"content":{"rendered":"<p>Collarines de aluminio de LGF se pueden usar en segundos con un simple clic para asegurarlos en su lugar. Dise\u00f1o pr\u00e1ctico y f\u00e1cil de usar, para asegurar tus cargas en los entrenamientos.<\/p>\n<p>De 50 mil\u00edmetros de di\u00e1metro, es compatible con cualquier barra ol\u00edmpica est\u00e1ndar.<\/p>\n<p>Fabricados en aluminio extra ligero. <strong>Material denso y fuerte<\/strong>\u00a0que est\u00e1 dise\u00f1ado para soportar los m\u00e1s exigentes entrenamientos. Estos collarines son extremadamente\u00a0<strong>duraderos y resistentes<\/strong>. Dise\u00f1ados por expertos y construidos solo con materiales de alta calidad.<\/p>\n","protected":false},"excerpt":{"rendered":"<p>Collarines de aluminio de LGF se pueden usar en segundos con un simple clic para asegurarlos en su lugar. Dise\u00f1o pr\u00e1ctico y f\u00e1cil de usar, para<span class=\"excerpt-hellip\"> [\u2026]<\/span><\/p>\n","protected":false},"featured_media":5549,"template":"","meta":{"_joinchat":[]},"product_brand":[],"product_cat":[106,135,122],"product_tag":[],"class_list":{"0":"post-5585","1":"product","2":"type-product","3":"status-publish","4":"has-post-thumbnail","6":"product_cat-accesorios","7":"product_cat-oferta","8":"product_cat-stock","10":"first","11":"instock","12":"sale","13":"shipping-taxable","14":"purchasable","15":"product-type-simple"},"_links":{"self":[{"href":"https:\/\/letsgofitness.cl\/index.php\/wp-json\/wp\/v2\/product\/5585","targetHints":{"allow":["GET"]}}],"collection":[{"href":"https:\/\/letsgofitness.cl\/index.php\/wp-json\/wp\/v2\/product"}],"about":[{"href":"https:\/\/letsgofitness.cl\/index.php\/wp-json\/wp\/v2\/types\/product"}],"wp:featuredmedia":[{"embeddable":true,"href":"https:\/\/letsgofitness.cl\/index.php\/wp-json\/wp\/v2\/media\/5549"}],"wp:attachment":[{"href":"https:\/\/letsgofitness.cl\/index.php\/wp-json\/wp\/v2\/media?parent=5585"}],"wp:term":[{"taxonomy":"product_brand","embeddable":true,"href":"https:\/\/letsgofitness.cl\/index.php\/wp-json\/wp\/v2\/product_brand?post=5585"},{"taxonomy":"product_cat","embeddable":true,"href":"https:\/\/letsgofitness.cl\/index.php\/wp-json\/wp\/v2\/product_cat?post=5585"},{"taxonomy":"product_tag","embeddable":true,"href":"https:\/\/letsgofitness.cl\/index.php\/wp-json\/wp\/v2\/product_tag?post=5585"}],"curies":[{"name":"wp","href":"https:\/\/api.w.org\/{rel}","templated":true}]}}