{"id":5408,"date":"2023-01-16T17:18:10","date_gmt":"2023-01-16T20:18:10","guid":{"rendered":"https:\/\/letsgofitness.cl\/?post_type=product&#038;p=5408"},"modified":"2026-04-10T11:13:19","modified_gmt":"2026-04-10T14:13:19","slug":"dual-lat-pull-down-seated-row-powercrown-linea-king-boss-strength","status":"publish","type":"product","link":"https:\/\/letsgofitness.cl\/index.php\/producto\/dual-lat-pull-down-seated-row-powercrown-linea-king-boss-strength\/","title":{"rendered":"DUAL LAT PULL DOWN\/SEATED ROW PowerCrown L\u00ednea KING \u2013 BOSS STRENGTH"},"content":{"rendered":"<div class=\"answer\">\n<div class=\"section the_content has_content\">\n<div class=\"section_wrapper\">\n<div class=\"the_content_wrapper \">\n<p>LAT PULL DOWN\/SEATED ROW<strong> Boss Strength<\/strong>\u00a0ha sido fabricada para uso profesional. Se caracteriza por tener un dise\u00f1o elegante y funcional. Ha sido ergon\u00f3micamente dise\u00f1ada para proporcionar un movimiento natural y maximizar la efectividad de los ejercicios.<\/p>\n<p><em><strong>CARACTER\u00cdSTICAS T\u00c9CNICAS<\/strong><\/em><\/p>\n<ul>\n<li>Estructura construida en tubo oval de acero de alta calidad de 3mm. de espesor.<\/li>\n<li>Partes desmontables de acero macizo con el que se evitan problemas de desgaste.<\/li>\n<li>Las m\u00e1quinas est\u00e1n montadas sobre rodamientos (circulares o lineales) o ruedas de bronce y rodamientos.<\/li>\n<li>Las barras gu\u00edas son de acero inoxidable con tratamiento a alta temperatura.<\/li>\n<li>Poleas con rodamientos que aseguran un movimiento fluido.<\/li>\n<li>Las placas son de acero calibrado de alta calidad laminadas en caliente, cortadas al l\u00e1ser y resistentes a la corrosi\u00f3n. Incluyen casquillos para evitar fricciones y ruido durante el ejercicio.<\/li>\n<li>Transmisi\u00f3n por cable de acero resistente a una carga m\u00e1xima de 1.000 kg.<\/li>\n<li>Pasador de selecci\u00f3n de placas en acero inoxidable con cabezal imantado para evitar que el selector se salga durante el ejercicio.<\/li>\n<li>Contrapeso de acero resistente de alta calidad.<\/li>\n<li>El proceso de pintado de las m\u00e1quinas se realiza en t\u00fanel de tratamiento de dos capas.<\/li>\n<li>Carenado protector en la torre de placas para evitar posibles accidentes mientras las placas est\u00e1n en movimiento.<\/li>\n<li>Regulaciones tanto en el asiento como en el respaldo y los rodillos, lo que permite la adaptaci\u00f3n de las m\u00e1quinas a cualquier usuario y ayuda a realizar los ejercicios con la postura correcta. Regulaci\u00f3n mediante sistema de palanca f\u00e1cil.<\/li>\n<li>Tapizado realizado en goma espuma de 3 cm. de espesor con 150 kg. de presi\u00f3n, y polipiel ignifuga.<\/li>\n<li>Pictogramas explicativos sobre la postura correcta para la realizaci\u00f3n del ejercicio y los m\u00fasculos implicados en el mismo.<\/li>\n<li>Garant\u00eda en la estructura de 7 a\u00f1os.<\/li>\n<\/ul>\n<p><strong>STACK: 141 KG<\/strong><\/p>\n<blockquote><p>&nbsp;<\/p><\/blockquote>\n<\/div>\n<\/div>\n<\/div>\n<\/div>\n","protected":false},"excerpt":{"rendered":"<p>LAT PULL DOWN\/SEATED ROW Boss Strength\u00a0ha sido fabricada para uso profesional. Se caracteriza por tener un dise\u00f1o elegante y funcional. Ha sido ergon\u00f3micamente dise\u00f1ada para proporcionar<span class=\"excerpt-hellip\"> [\u2026]<\/span><\/p>\n","protected":false},"featured_media":5409,"template":"","meta":{"_joinchat":[]},"product_brand":[],"product_cat":[130,73,135,132,122,32,48],"product_tag":[],"class_list":{"0":"post-5408","1":"product","2":"type-product","3":"status-publish","4":"has-post-thumbnail","6":"product_cat-boss-strength","7":"product_cat-profesional-dual-lat-pulldown-highrow","8":"product_cat-oferta","9":"product_cat-powercrown","10":"product_cat-stock","11":"product_cat-profesional","12":"product_cat-peso-integrado-profesional","14":"first","15":"outofstock","16":"sale","17":"shipping-taxable","18":"purchasable","19":"product-type-simple"},"_links":{"self":[{"href":"https:\/\/letsgofitness.cl\/index.php\/wp-json\/wp\/v2\/product\/5408","targetHints":{"allow":["GET"]}}],"collection":[{"href":"https:\/\/letsgofitness.cl\/index.php\/wp-json\/wp\/v2\/product"}],"about":[{"href":"https:\/\/letsgofitness.cl\/index.php\/wp-json\/wp\/v2\/types\/product"}],"wp:featuredmedia":[{"embeddable":true,"href":"https:\/\/letsgofitness.cl\/index.php\/wp-json\/wp\/v2\/media\/5409"}],"wp:attachment":[{"href":"https:\/\/letsgofitness.cl\/index.php\/wp-json\/wp\/v2\/media?parent=5408"}],"wp:term":[{"taxonomy":"product_brand","embeddable":true,"href":"https:\/\/letsgofitness.cl\/index.php\/wp-json\/wp\/v2\/product_brand?post=5408"},{"taxonomy":"product_cat","embeddable":true,"href":"https:\/\/letsgofitness.cl\/index.php\/wp-json\/wp\/v2\/product_cat?post=5408"},{"taxonomy":"product_tag","embeddable":true,"href":"https:\/\/letsgofitness.cl\/index.php\/wp-json\/wp\/v2\/product_tag?post=5408"}],"curies":[{"name":"wp","href":"https:\/\/api.w.org\/{rel}","templated":true}]}}