{"id":5406,"date":"2023-01-16T12:44:56","date_gmt":"2023-01-16T15:44:56","guid":{"rendered":"https:\/\/letsgofitness.cl\/?post_type=product&#038;p=5406"},"modified":"2026-05-05T11:22:13","modified_gmt":"2026-05-05T14:22:13","slug":"squat-wedge-block-20","status":"publish","type":"product","link":"https:\/\/letsgofitness.cl\/index.php\/producto\/squat-wedge-block-20\/","title":{"rendered":"SQUAT WEDGE BLOCK 20\u00b0"},"content":{"rendered":"<p>Este bloque de cu\u00f1a para sentadillas de grado de profesional fue dise\u00f1ado pensando en su seguridad y comodidad, ya que tiene una construcci\u00f3n duradera con excelentes niveles de elevaci\u00f3n que pueden mejorar instant\u00e1neamente la movilidad y la flexibilidad de sus tobillos, rodillas y caderas.<\/p>\n<h5><span style=\"font-size: 15px;font-weight: bold\">RENDIMIENTO MEJORADO<\/span><\/h5>\n<div class=\"porto-sicon-description\">\n<p>Nuestras cu\u00f1as para sentadillas mejoran instant\u00e1neamente la forma de sentadilla al reducir el efecto de la mala movilidad y desbloquear la flexibilidad en el tobillo, la rodilla y la cadera. Elevar los talones a una altura \u00f3ptima durante las sentadillas permite un mayor reclutamiento muscular y puede ayudar a aliviar el estr\u00e9s en la parte inferior de la espalda y minimizar el riesgo de lesiones al mantener su postura m\u00e1s erguida bajo carga.<\/p>\n<h5><span style=\"font-size: 15px;font-weight: bold\">SENTADILLAS M\u00c1S PROFUNDAS<\/span><\/h5>\n<div class=\"porto-sicon-description\">\n<p>Con esta cu\u00f1a para sentadillas profesional, puede elegir entre diferentes niveles de elevaci\u00f3n hasta 4,7 pulgadas y 20 grados, que es lo suficientemente alto para fomentar una posici\u00f3n erguida y ayudarlo a obtener sentadillas m\u00e1s profundas de manera eficiente.<\/p>\n<h5 class=\"porto-sicon-title\">EXCELENTE ESTABILIDAD<\/h5>\n<p>La plataforma para sentadillas cuenta con una superficie texturizada que evita que los pies se resbalen durante el ejercicio y topes de goma cuya funci\u00f3n es mantener la cu\u00f1a en su lugar en cualquier tipo de superficie, para que puedas concentrarte en tu entrenamiento.<\/p>\n<h5><span style=\"font-size: 15px;font-weight: bold\">DISE\u00d1O PR\u00c1CTICO<\/span><\/h5>\n<div class=\"porto-sicon-description\">\n<div class=\"porto-sicon-description\">\n<p><span>Estos bloques para sentadillas tienen 7 pulgadas de ancho y 13 pulgadas de largo, y ofrecen suficiente espacio para colocar los pies con mayor comodidad. <\/span><span>Adem\u00e1s, la cu\u00f1a est\u00e1 dise\u00f1ada con ranuras para bandas de resistencia, por lo que puedes usarlas durante el entrenamiento sin preocuparte por resbalar o rodar hacia adelante.<\/span><\/p>\n<\/div>\n<\/div>\n<\/div>\n<\/div>\n","protected":false},"excerpt":{"rendered":"<p>Este bloque de cu\u00f1a para sentadillas de grado de profesional fue dise\u00f1ado pensando en su seguridad y comodidad, ya que tiene una construcci\u00f3n duradera con excelentes<span class=\"excerpt-hellip\"> [\u2026]<\/span><\/p>\n","protected":false},"featured_media":5385,"template":"","meta":{"_joinchat":[]},"product_brand":[],"product_cat":[106,135,122,32],"product_tag":[],"class_list":{"0":"post-5406","1":"product","2":"type-product","3":"status-publish","4":"has-post-thumbnail","6":"product_cat-accesorios","7":"product_cat-oferta","8":"product_cat-stock","9":"product_cat-profesional","11":"first","12":"outofstock","13":"sale","14":"shipping-taxable","15":"purchasable","16":"product-type-simple"},"_links":{"self":[{"href":"https:\/\/letsgofitness.cl\/index.php\/wp-json\/wp\/v2\/product\/5406","targetHints":{"allow":["GET"]}}],"collection":[{"href":"https:\/\/letsgofitness.cl\/index.php\/wp-json\/wp\/v2\/product"}],"about":[{"href":"https:\/\/letsgofitness.cl\/index.php\/wp-json\/wp\/v2\/types\/product"}],"wp:featuredmedia":[{"embeddable":true,"href":"https:\/\/letsgofitness.cl\/index.php\/wp-json\/wp\/v2\/media\/5385"}],"wp:attachment":[{"href":"https:\/\/letsgofitness.cl\/index.php\/wp-json\/wp\/v2\/media?parent=5406"}],"wp:term":[{"taxonomy":"product_brand","embeddable":true,"href":"https:\/\/letsgofitness.cl\/index.php\/wp-json\/wp\/v2\/product_brand?post=5406"},{"taxonomy":"product_cat","embeddable":true,"href":"https:\/\/letsgofitness.cl\/index.php\/wp-json\/wp\/v2\/product_cat?post=5406"},{"taxonomy":"product_tag","embeddable":true,"href":"https:\/\/letsgofitness.cl\/index.php\/wp-json\/wp\/v2\/product_tag?post=5406"}],"curies":[{"name":"wp","href":"https:\/\/api.w.org\/{rel}","templated":true}]}}