{"id":5404,"date":"2023-01-16T12:30:22","date_gmt":"2023-01-16T15:30:22","guid":{"rendered":"https:\/\/letsgofitness.cl\/?post_type=product&#038;p=5404"},"modified":"2026-05-05T11:19:08","modified_gmt":"2026-05-05T14:19:08","slug":"rubber-squat-block-45-elevacion-de-talones-45","status":"publish","type":"product","link":"https:\/\/letsgofitness.cl\/index.php\/producto\/rubber-squat-block-45-elevacion-de-talones-45\/","title":{"rendered":"RUBBER  SQUAT BLOCK 20\u00b0 ( ELEVACION DE TALONES 20\u00b0)"},"content":{"rendered":"<p>El elevador de talones LETSGOFITNESS \u00f3ptimiza la postura de la parte superior del cuerpo durante los ejercicios de flexi\u00f3n de la rodilla y reduce el estr\u00e9s en las articulaciones de la espalda y la rodilla.<\/p>\n<p>La superficie texturizada antideslizante evita que los pies se resbalen durante el ejercicio, mientras que la goma de alta densidad evita que la plataforma de la rampa de sentadillas se deslice en el suelo para que puedas centrarte en tu entrenamiento. Logran permanecer en su lugar incluso bajo humedad.<\/p>\n<p><span class=\"a-list-item\">Ayuda a mejorar las sentadillas y la mala movilidad ofreciendo un excelente apoyo para tus tobillos, rodillas y caderas, lo que reducir\u00e1 la presi\u00f3n sobre la columna lumbar y la carga de la columna vertebral erectora, aumenta el flujo sangu\u00edneo, ayuda a mejorar la salud y el equilibrio de las articulaciones.<\/span><\/p>\n<div id=\"ppd\">\n<div id=\"centerCol\" class=\"centerColAlign \">\n<div id=\"featurebullets_feature_div\" class=\"celwidget\" data-feature-name=\"featurebullets\" data-csa-c-type=\"widget\" data-csa-c-content-id=\"featurebullets\" data-csa-c-slot-id=\"featurebullets_feature_div\" data-csa-c-asin=\"B09GLQ7YX1\" data-csa-c-is-in-initial-active-row=\"false\" data-cel-widget=\"featurebullets_feature_div\" data-csa-c-id=\"pab71i-u9euy3-yhvqzw-uy8n3x\">\n<div id=\"feature-bullets\" class=\"a-section a-spacing-medium a-spacing-top-small\">\n<p><span class=\"a-list-item\">Nuestro elevador de talones para sentadillas es duradero y resistente, est\u00e1 hecho de goma antideslizante de alta calidad y densidad, suficiente para soportar cargas de hasta 1500 libras. Tama\u00f1o: 70cm de largo, 16 cm de ancho, 5cm en el punto m\u00e1s alto, inclinaci\u00f3n: 20 grados, peso: 6kg<\/span><\/p>\n<\/div>\n<\/div>\n<\/div>\n<\/div>\n","protected":false},"excerpt":{"rendered":"<p>El elevador de talones LETSGOFITNESS \u00f3ptimiza la postura de la parte superior del cuerpo durante los ejercicios de flexi\u00f3n de la rodilla y reduce el estr\u00e9s<span class=\"excerpt-hellip\"> [\u2026]<\/span><\/p>\n","protected":false},"featured_media":5423,"template":"","meta":{"_joinchat":[]},"product_brand":[],"product_cat":[106,135,122,32],"product_tag":[],"class_list":{"0":"post-5404","1":"product","2":"type-product","3":"status-publish","4":"has-post-thumbnail","6":"product_cat-accesorios","7":"product_cat-oferta","8":"product_cat-stock","9":"product_cat-profesional","11":"first","12":"outofstock","13":"sale","14":"shipping-taxable","15":"purchasable","16":"product-type-simple"},"_links":{"self":[{"href":"https:\/\/letsgofitness.cl\/index.php\/wp-json\/wp\/v2\/product\/5404","targetHints":{"allow":["GET"]}}],"collection":[{"href":"https:\/\/letsgofitness.cl\/index.php\/wp-json\/wp\/v2\/product"}],"about":[{"href":"https:\/\/letsgofitness.cl\/index.php\/wp-json\/wp\/v2\/types\/product"}],"wp:featuredmedia":[{"embeddable":true,"href":"https:\/\/letsgofitness.cl\/index.php\/wp-json\/wp\/v2\/media\/5423"}],"wp:attachment":[{"href":"https:\/\/letsgofitness.cl\/index.php\/wp-json\/wp\/v2\/media?parent=5404"}],"wp:term":[{"taxonomy":"product_brand","embeddable":true,"href":"https:\/\/letsgofitness.cl\/index.php\/wp-json\/wp\/v2\/product_brand?post=5404"},{"taxonomy":"product_cat","embeddable":true,"href":"https:\/\/letsgofitness.cl\/index.php\/wp-json\/wp\/v2\/product_cat?post=5404"},{"taxonomy":"product_tag","embeddable":true,"href":"https:\/\/letsgofitness.cl\/index.php\/wp-json\/wp\/v2\/product_tag?post=5404"}],"curies":[{"name":"wp","href":"https:\/\/api.w.org\/{rel}","templated":true}]}}