{"id":5402,"date":"2023-01-16T12:18:29","date_gmt":"2023-01-16T15:18:29","guid":{"rendered":"https:\/\/letsgofitness.cl\/?post_type=product&#038;p=5402"},"modified":"2026-05-14T11:00:08","modified_gmt":"2026-05-14T14:00:08","slug":"cambered-bar-2","status":"publish","type":"product","link":"https:\/\/letsgofitness.cl\/index.php\/producto\/cambered-bar-2\/","title":{"rendered":"CAMBERED BAR"},"content":{"rendered":"<ul>\n<li><span class=\"Y2IQFc\" lang=\"es\">Esta incre\u00edble barra de press de banca combada le permite al usuario obtener un estiramiento mucho mayor en la parte inferior del movimiento. <\/span><span class=\"Y2IQFc\" lang=\"es\">La barra tambi\u00e9n es extremadamente \u00fatil para los remos inclinados, lo que permite que las manos se levanten m\u00e1s all\u00e1 del nivel del est\u00f3mago.<\/span><\/li>\n<li id=\"tw-target-text\" class=\"tw-data-text tw-text-large tw-ta\" dir=\"ltr\" data-placeholder=\"Traducci\u00f3n\"><span class=\"Y2IQFc\" lang=\"es\">La barra se puede usar de la misma manera que una barra ol\u00edmpica regular, al tiempo que ofrece una nueva variaci\u00f3n y sensaci\u00f3n a sus levantamientos cl\u00e1sicos. Al realizar una sentadilla, el centro de gravedad se desplaza m\u00e1s hacia adelante, lo que le da al levantar una sensaci\u00f3n diferente y \u00fanica.<\/span><\/li>\n<li id=\"tw-target-text\" class=\"tw-data-text tw-text-large tw-ta\" dir=\"ltr\" data-placeholder=\"Traducci\u00f3n\"><span class=\"Y2IQFc\" lang=\"es\">La barra est\u00e1 ensamblada con 2 rodamientos de precisi\u00f3n para un giro uniforme y controlado, el uso de rodamientos ayuda a reducir la inercia al levantar mientras se mantiene estable durante los movimientos de levantamiento de potencia. Se incluyen marcas de moleteado ol\u00edmpico a lo largo del eje.<\/span><\/li>\n<\/ul>\n<p><strong>CARACTERISTICAS:<\/strong><\/p>\n<ul>\n<li>MEDIDAS: LARGO 220 CM<\/li>\n<li>PESO: 20KG<\/li>\n<li>DIAMETRO: 28MM MOLETEADO<\/li>\n<\/ul>\n","protected":false},"excerpt":{"rendered":"<p>&nbsp;<\/p>\n<p>&nbsp;<\/p>\n","protected":false},"featured_media":5354,"template":"","meta":{"_joinchat":[]},"product_brand":[],"product_cat":[106,107,135,122,32],"product_tag":[],"class_list":{"0":"post-5402","1":"product","2":"type-product","3":"status-publish","4":"has-post-thumbnail","6":"product_cat-accesorios","7":"product_cat-accesorios-barras","8":"product_cat-oferta","9":"product_cat-stock","10":"product_cat-profesional","12":"first","13":"outofstock","14":"sale","15":"shipping-taxable","16":"purchasable","17":"product-type-simple"},"_links":{"self":[{"href":"https:\/\/letsgofitness.cl\/index.php\/wp-json\/wp\/v2\/product\/5402","targetHints":{"allow":["GET"]}}],"collection":[{"href":"https:\/\/letsgofitness.cl\/index.php\/wp-json\/wp\/v2\/product"}],"about":[{"href":"https:\/\/letsgofitness.cl\/index.php\/wp-json\/wp\/v2\/types\/product"}],"wp:featuredmedia":[{"embeddable":true,"href":"https:\/\/letsgofitness.cl\/index.php\/wp-json\/wp\/v2\/media\/5354"}],"wp:attachment":[{"href":"https:\/\/letsgofitness.cl\/index.php\/wp-json\/wp\/v2\/media?parent=5402"}],"wp:term":[{"taxonomy":"product_brand","embeddable":true,"href":"https:\/\/letsgofitness.cl\/index.php\/wp-json\/wp\/v2\/product_brand?post=5402"},{"taxonomy":"product_cat","embeddable":true,"href":"https:\/\/letsgofitness.cl\/index.php\/wp-json\/wp\/v2\/product_cat?post=5402"},{"taxonomy":"product_tag","embeddable":true,"href":"https:\/\/letsgofitness.cl\/index.php\/wp-json\/wp\/v2\/product_tag?post=5402"}],"curies":[{"name":"wp","href":"https:\/\/api.w.org\/{rel}","templated":true}]}}