{"id":5399,"date":"2023-01-16T12:11:39","date_gmt":"2023-01-16T15:11:39","guid":{"rendered":"https:\/\/letsgofitness.cl\/?post_type=product&#038;p=5399"},"modified":"2026-04-21T10:50:39","modified_gmt":"2026-04-21T13:50:39","slug":"cambered-bar","status":"publish","type":"product","link":"https:\/\/letsgofitness.cl\/index.php\/producto\/cambered-bar\/","title":{"rendered":"MULTI FUNCTIONAL GRIP BAR"},"content":{"rendered":"<p id=\"tw-target-text\" class=\"tw-data-text tw-text-large tw-ta\" dir=\"ltr\" data-placeholder=\"Traducci\u00f3n\"><span class=\"Y2IQFc\" lang=\"es\">Nuestra barra combada de agarre m\u00faltiple es una excelente manera de agregar un rango adicional de movimiento a los movimientos de press de banca y remo, en comparaci\u00f3n con una barra recta que se limita tan pronto como llega al pecho. <\/span><\/p>\n<p class=\"tw-data-text tw-text-large tw-ta\" dir=\"ltr\" data-placeholder=\"Traducci\u00f3n\"><span class=\"Y2IQFc\" lang=\"es\">Esta barra cuenta con empu\u00f1aduras neutras moleteadas de ancho variable de 32 mm de di\u00e1metro con espacios de 60 y 76 cm. Esto reduce la cantidad de presi\u00f3n sobre la articulaci\u00f3n del hombro durante los movimientos de presi\u00f3n. Por lo que es una herramienta ideal para el trabajo de rehabilitaci\u00f3n al fortalecer y movilizar los hombros lesionados. Es m\u00e1s; Tambi\u00e9n es una excelente manera de agregar variedad a los entrenamientos de la parte superior del cuerpo y evitar estancarse.<\/span><\/p>\n<ul>\n<li>MEDIDAS: LARGO 220CM<\/li>\n<li>PESO: 20KG<\/li>\n<li>DIAMETRO: 28MM<\/li>\n<\/ul>\n","protected":false},"excerpt":{"rendered":"<p>&nbsp;<\/p>\n<p>&nbsp;<\/p>\n","protected":false},"featured_media":5400,"template":"","meta":{"_joinchat":[]},"product_brand":[],"product_cat":[106,107,122,32],"product_tag":[],"class_list":{"0":"post-5399","1":"product","2":"type-product","3":"status-publish","4":"has-post-thumbnail","6":"product_cat-accesorios","7":"product_cat-accesorios-barras","8":"product_cat-stock","9":"product_cat-profesional","11":"first","12":"instock","13":"sale","14":"shipping-taxable","15":"purchasable","16":"product-type-simple"},"_links":{"self":[{"href":"https:\/\/letsgofitness.cl\/index.php\/wp-json\/wp\/v2\/product\/5399","targetHints":{"allow":["GET"]}}],"collection":[{"href":"https:\/\/letsgofitness.cl\/index.php\/wp-json\/wp\/v2\/product"}],"about":[{"href":"https:\/\/letsgofitness.cl\/index.php\/wp-json\/wp\/v2\/types\/product"}],"wp:featuredmedia":[{"embeddable":true,"href":"https:\/\/letsgofitness.cl\/index.php\/wp-json\/wp\/v2\/media\/5400"}],"wp:attachment":[{"href":"https:\/\/letsgofitness.cl\/index.php\/wp-json\/wp\/v2\/media?parent=5399"}],"wp:term":[{"taxonomy":"product_brand","embeddable":true,"href":"https:\/\/letsgofitness.cl\/index.php\/wp-json\/wp\/v2\/product_brand?post=5399"},{"taxonomy":"product_cat","embeddable":true,"href":"https:\/\/letsgofitness.cl\/index.php\/wp-json\/wp\/v2\/product_cat?post=5399"},{"taxonomy":"product_tag","embeddable":true,"href":"https:\/\/letsgofitness.cl\/index.php\/wp-json\/wp\/v2\/product_tag?post=5399"}],"curies":[{"name":"wp","href":"https:\/\/api.w.org\/{rel}","templated":true}]}}