{"id":5394,"date":"2023-01-16T12:04:51","date_gmt":"2023-01-16T15:04:51","guid":{"rendered":"https:\/\/letsgofitness.cl\/?post_type=product&#038;p=5394"},"modified":"2026-04-10T11:10:14","modified_gmt":"2026-04-10T14:10:14","slug":"multi-grip-bar","status":"publish","type":"product","link":"https:\/\/letsgofitness.cl\/index.php\/producto\/multi-grip-bar\/","title":{"rendered":"MULTI GRIP BAR"},"content":{"rendered":"<ul>\n<li><span class=\"Y2IQFc\" lang=\"es\">Nuestra barra suiza y sus m\u00faltiples agarres eliminan el estr\u00e9s y las tensiones que recibes durante los movimientos en una barra normal y a\u00f1ade versatilidad a tu entrenamiento con barra.<\/span><\/li>\n<li id=\"tw-target-text\" class=\"tw-data-text tw-text-large tw-ta\" dir=\"ltr\" data-placeholder=\"Traducci\u00f3n\"><span class=\"Y2IQFc\" lang=\"es\">Hecha de acero resistente con recubrimiento de polvo negro antioxidante capaz de soportar hasta 400 libras de peso, nuestra barra multiagarre esta dise\u00f1ada para brindar durabilidad y estabilidad.<\/span><\/li>\n<li class=\"tw-data-text tw-text-large tw-ta\" dir=\"ltr\" data-placeholder=\"Traducci\u00f3n\"><span class=\"Y2IQFc\" lang=\"es\">La barra viene con 6 empu\u00f1aduras moleteadas, incluido 1 juego de empu\u00f1aduras en \u00e1ngulo en el centro y 2 juegos de empu\u00f1aduras neutras para agregar versatilidad a su entrenamiento con barra y al mismo tiempo reducir el estr\u00e9s y la tensi\u00f3n en las mu\u00f1ecas y los hombros.<\/span><\/li>\n<li class=\"tw-data-text tw-text-large tw-ta\" dir=\"ltr\" data-placeholder=\"Traducci\u00f3n\"><span class=\"Y2IQFc\" lang=\"es\">El equipo de gimnasio imprescindible con 6 mangos que permiten 3 posiciones diferentes, nuestra barra ofrece una amplia variedad de opciones de agarre para ejercicios con barra como press de banca, press por encima de la cabeza, curl de martillo y m\u00e1s<\/span><\/li>\n<\/ul>\n","protected":false},"excerpt":{"rendered":"<p>&nbsp;<\/p>\n<p>MEDIDAS: LARGO 220CM<\/p>\n<p>PESO: 20KG<\/p>\n<p>DIAMETRO: 28MM<\/p>\n","protected":false},"featured_media":5396,"template":"","meta":{"_joinchat":[]},"product_brand":[],"product_cat":[106,107,122,32],"product_tag":[],"class_list":{"0":"post-5394","1":"product","2":"type-product","3":"status-publish","4":"has-post-thumbnail","6":"product_cat-accesorios","7":"product_cat-accesorios-barras","8":"product_cat-stock","9":"product_cat-profesional","11":"first","12":"instock","13":"sale","14":"shipping-taxable","15":"purchasable","16":"product-type-simple"},"_links":{"self":[{"href":"https:\/\/letsgofitness.cl\/index.php\/wp-json\/wp\/v2\/product\/5394","targetHints":{"allow":["GET"]}}],"collection":[{"href":"https:\/\/letsgofitness.cl\/index.php\/wp-json\/wp\/v2\/product"}],"about":[{"href":"https:\/\/letsgofitness.cl\/index.php\/wp-json\/wp\/v2\/types\/product"}],"wp:featuredmedia":[{"embeddable":true,"href":"https:\/\/letsgofitness.cl\/index.php\/wp-json\/wp\/v2\/media\/5396"}],"wp:attachment":[{"href":"https:\/\/letsgofitness.cl\/index.php\/wp-json\/wp\/v2\/media?parent=5394"}],"wp:term":[{"taxonomy":"product_brand","embeddable":true,"href":"https:\/\/letsgofitness.cl\/index.php\/wp-json\/wp\/v2\/product_brand?post=5394"},{"taxonomy":"product_cat","embeddable":true,"href":"https:\/\/letsgofitness.cl\/index.php\/wp-json\/wp\/v2\/product_cat?post=5394"},{"taxonomy":"product_tag","embeddable":true,"href":"https:\/\/letsgofitness.cl\/index.php\/wp-json\/wp\/v2\/product_tag?post=5394"}],"curies":[{"name":"wp","href":"https:\/\/api.w.org\/{rel}","templated":true}]}}