{"id":5392,"date":"2023-01-16T11:48:14","date_gmt":"2023-01-16T14:48:14","guid":{"rendered":"https:\/\/letsgofitness.cl\/?post_type=product&#038;p=5392"},"modified":"2026-04-22T12:46:40","modified_gmt":"2026-04-22T15:46:40","slug":"barbell-pad","status":"publish","type":"product","link":"https:\/\/letsgofitness.cl\/index.php\/producto\/barbell-pad\/","title":{"rendered":"BARBELL PAD \/ &#8221; CON VELCRO &#8220;"},"content":{"rendered":"<p>Esta almohadilla para sentadillas est\u00e1 hecha con material de espuma suave de ALTA DENSIDAD que ayuda en la distribuci\u00f3n del peso para aliviar el dolor que se produce en el cuello, adem\u00e1s la puedes usar en la barra ol\u00edmpica\u00a0 para realizar ejercicios de elevaci\u00f3n de cadera ( Hip THRUST) para minimizar la presi\u00f3n\u00a0 que ejerce la barra\u00a0 en esos duros entrenamientos con cargas altas.<\/p>\n<h5>Caracter\u00edsticas:<\/h5>\n<ul>\n<li>Almohadilla Protectora para levantamientos de barra que incluye 2 correas de Velcro.<\/li>\n<li>Hecha de espuma de alta densidad que brinda gran protecci\u00f3n para tu zona cervical.<\/li>\n<li>Arco ergon\u00f3mico en el centro que se ajusta perfectamente al cuello proporcionando una mejor comodidad y protecci\u00f3n.<\/li>\n<li>Perfecto para su uso en varios ejercicios musculares como sentadillas, estocadas, levantamiento de pesas y cadera.<\/li>\n<li>F\u00e1cil de Instalar, especial para barra ol\u00edmpica.<\/li>\n<\/ul>\n","protected":false},"excerpt":{"rendered":"<p><em><strong>STOCK DISPONIBLE<\/strong> <\/em><\/p>\n","protected":false},"featured_media":5351,"template":"","meta":{"_joinchat":[]},"product_brand":[],"product_cat":[106,135,122,32],"product_tag":[],"class_list":{"0":"post-5392","1":"product","2":"type-product","3":"status-publish","4":"has-post-thumbnail","6":"product_cat-accesorios","7":"product_cat-oferta","8":"product_cat-stock","9":"product_cat-profesional","11":"first","12":"instock","13":"sale","14":"shipping-taxable","15":"purchasable","16":"product-type-simple"},"_links":{"self":[{"href":"https:\/\/letsgofitness.cl\/index.php\/wp-json\/wp\/v2\/product\/5392","targetHints":{"allow":["GET"]}}],"collection":[{"href":"https:\/\/letsgofitness.cl\/index.php\/wp-json\/wp\/v2\/product"}],"about":[{"href":"https:\/\/letsgofitness.cl\/index.php\/wp-json\/wp\/v2\/types\/product"}],"wp:featuredmedia":[{"embeddable":true,"href":"https:\/\/letsgofitness.cl\/index.php\/wp-json\/wp\/v2\/media\/5351"}],"wp:attachment":[{"href":"https:\/\/letsgofitness.cl\/index.php\/wp-json\/wp\/v2\/media?parent=5392"}],"wp:term":[{"taxonomy":"product_brand","embeddable":true,"href":"https:\/\/letsgofitness.cl\/index.php\/wp-json\/wp\/v2\/product_brand?post=5392"},{"taxonomy":"product_cat","embeddable":true,"href":"https:\/\/letsgofitness.cl\/index.php\/wp-json\/wp\/v2\/product_cat?post=5392"},{"taxonomy":"product_tag","embeddable":true,"href":"https:\/\/letsgofitness.cl\/index.php\/wp-json\/wp\/v2\/product_tag?post=5392"}],"curies":[{"name":"wp","href":"https:\/\/api.w.org\/{rel}","templated":true}]}}