{"id":5390,"date":"2023-01-16T11:45:10","date_gmt":"2023-01-16T14:45:10","guid":{"rendered":"https:\/\/letsgofitness.cl\/?post_type=product&#038;p=5390"},"modified":"2026-04-21T10:14:08","modified_gmt":"2026-04-21T13:14:08","slug":"soporte-sentadilla-bulgara","status":"publish","type":"product","link":"https:\/\/letsgofitness.cl\/index.php\/producto\/soporte-sentadilla-bulgara\/","title":{"rendered":"SOPORTE SENTADILLA BULGARA"},"content":{"rendered":"<p>Soporte para realizar sentadillas b\u00falgara. Permite desarrollar un apoyo de pierna para ejecuci\u00f3n de ejercicios con 1 sola pierna. Con regulaci\u00f3n de altura para ejercitar en diferentes grados y largos de piernas.<\/p>\n<ul>\n<li>Su dise\u00f1o comp\u00e1cto y estable permite ser utilizado y guardarlo donde quieras.<\/li>\n<li>Posee regulaciones de altura para trabajar en diferentes \u00e1ngulos y personas.<\/li>\n<li>12 niveles de elevaci\u00f3n.<\/li>\n<li>Acolchado de alta densidad y duraci\u00f3n.<\/li>\n<li>Fabricado en perfil de 50mm x 50mm, Grosor de 1,5mm<\/li>\n<\/ul>\n","protected":false},"excerpt":{"rendered":"<p>STOCK DISPONIBLE<\/p>\n","protected":false},"featured_media":12200,"template":"","meta":{"_joinchat":[]},"product_brand":[],"product_cat":[106,135,122,32],"product_tag":[],"class_list":{"0":"post-5390","1":"product","2":"type-product","3":"status-publish","4":"has-post-thumbnail","6":"product_cat-accesorios","7":"product_cat-oferta","8":"product_cat-stock","9":"product_cat-profesional","11":"first","12":"instock","13":"sale","14":"shipping-taxable","15":"purchasable","16":"product-type-simple"},"_links":{"self":[{"href":"https:\/\/letsgofitness.cl\/index.php\/wp-json\/wp\/v2\/product\/5390","targetHints":{"allow":["GET"]}}],"collection":[{"href":"https:\/\/letsgofitness.cl\/index.php\/wp-json\/wp\/v2\/product"}],"about":[{"href":"https:\/\/letsgofitness.cl\/index.php\/wp-json\/wp\/v2\/types\/product"}],"wp:featuredmedia":[{"embeddable":true,"href":"https:\/\/letsgofitness.cl\/index.php\/wp-json\/wp\/v2\/media\/12200"}],"wp:attachment":[{"href":"https:\/\/letsgofitness.cl\/index.php\/wp-json\/wp\/v2\/media?parent=5390"}],"wp:term":[{"taxonomy":"product_brand","embeddable":true,"href":"https:\/\/letsgofitness.cl\/index.php\/wp-json\/wp\/v2\/product_brand?post=5390"},{"taxonomy":"product_cat","embeddable":true,"href":"https:\/\/letsgofitness.cl\/index.php\/wp-json\/wp\/v2\/product_cat?post=5390"},{"taxonomy":"product_tag","embeddable":true,"href":"https:\/\/letsgofitness.cl\/index.php\/wp-json\/wp\/v2\/product_tag?post=5390"}],"curies":[{"name":"wp","href":"https:\/\/api.w.org\/{rel}","templated":true}]}}