{"id":5154,"date":"2022-12-16T12:33:46","date_gmt":"2022-12-16T15:33:46","guid":{"rendered":"https:\/\/letsgofitness.cl\/?post_type=product&#038;p=5154"},"modified":"2026-04-10T11:08:36","modified_gmt":"2026-04-10T14:08:36","slug":"leg-curl-nautilus-instinct-2","status":"publish","type":"product","link":"https:\/\/letsgofitness.cl\/index.php\/producto\/leg-curl-nautilus-instinct-2\/","title":{"rendered":"LEG CURL NAUTILUS INSTINCT"},"content":{"rendered":"<p>Cuando se trata de un entrenamiento completo, todo es ganancia. Ya sea un atleta experimentado o un principiante, todo el mundo quiere tener la capacidad de realizar un entrenamiento r\u00e1pido, f\u00e1cil y completo. Y eso es exactamente de lo que se trata Instinct\u00a0<sup>\u00ae<\/sup>\u00a0\u00a0Strength. Cada pieza da la bienvenida a usuarios de todos los niveles con ajustes r\u00e1pidos y f\u00e1ciles. Perfectamente adecuado para ser una l\u00ednea de fuerza b\u00e1sica o un sistema de circuito, Instinct complementa efectivamente las l\u00edneas m\u00e1s especializadas. Los usuarios pueden completar un circuito por su cuenta o con la ayuda de un instructor en solo 30 minutos. Instinct\u00a0<sup>\u00ae<\/sup>\u00a0\u00a0Strength ofrece unidades de una y dos funciones para satisfacer las necesidades de cualquier espacio o instalaci\u00f3n.\u00a0Instinct tambi\u00e9n ofrece el revolucionario Lock N Load\u00a0<sup>\u00ae<\/sup>\u00a0sistema de selecci\u00f3n de peso patentado. La versatilidad de la peque\u00f1a huella de Instinct tambi\u00e9n le permite aprovechar al m\u00e1ximo el espacio m\u00ednimo.<\/p>\n<p><strong>CARACTER\u00cdSTICAS<\/strong><\/p>\n<ul>\n<li>Cartel sencillo e intuitivo<\/li>\n<li>Cobertor de desgaste extra\u00edble para prolongar la vida \u00fatil de la tapicer\u00eda<\/li>\n<li>Respaldo del asiento ajustable con ajuste de trinquete &#8220;f\u00e1cil de subir&#8221;<\/li>\n<li>Almohadilla ajustable para la parte inferior de la pierna\/tobillo para un ajuste preciso<\/li>\n<li>Almohadilla de estabilizaci\u00f3n de soporte de muslo ajustable<\/li>\n<li>Pies de goma para protecci\u00f3n del suelo<\/li>\n<li>Correa de transmisi\u00f3n de Kevlar para una vida \u00fatil prolongada y f\u00e1cil reemplazo<\/li>\n<li>Con el sistema patentado\u00a0de selecci\u00f3n de peso Lock N Load\u00a0<sup>\u00ae<\/sup><\/li>\n<\/ul>\n<p><strong>TECNOLOG\u00cdA<\/strong><\/p>\n<p>Lock N Load\u00a0<sup>\u00ae<\/sup><br \/>\nAhora, la selecci\u00f3n de peso es tan f\u00e1cil como accionar un interruptor.\u00a0El dise\u00f1o intuitivo Lock N Load\u00a0<sup>\u00ae\u00a0<\/sup>\u00a0es f\u00e1cilmente reconocible. Si alguna vez encendi\u00f3 y apag\u00f3 un interruptor de luz, comprender\u00e1 de inmediato c\u00f3mo funciona. Los interruptores codificados por colores universales activan y desactivan el peso a trav\u00e9s de un pasador interno, lo que brinda una operaci\u00f3n m\u00e1s segura, m\u00e1s duradera y sin mantenimiento. Lock N Load evita dolores de cabeza innecesarios de mantenimiento y servicio al cliente ya que no hay pines que perder o reemplazar.<\/p>\n","protected":false},"excerpt":{"rendered":"<p>Largo: 140 cm<br \/>\nAncho: 94 cm<br \/>\nAlto: 140 cm<br \/>\nPeso Total: 213 kg<\/p>\n","protected":false},"featured_media":5716,"template":"","meta":{"_joinchat":[]},"product_brand":[],"product_cat":[156,122,32,48],"product_tag":[],"class_list":{"0":"post-5154","1":"product","2":"type-product","3":"status-publish","4":"has-post-thumbnail","6":"product_cat-nautilus","7":"product_cat-stock","8":"product_cat-profesional","9":"product_cat-peso-integrado-profesional","11":"first","12":"outofstock","13":"shipping-taxable","14":"product-type-simple"},"_links":{"self":[{"href":"https:\/\/letsgofitness.cl\/index.php\/wp-json\/wp\/v2\/product\/5154","targetHints":{"allow":["GET"]}}],"collection":[{"href":"https:\/\/letsgofitness.cl\/index.php\/wp-json\/wp\/v2\/product"}],"about":[{"href":"https:\/\/letsgofitness.cl\/index.php\/wp-json\/wp\/v2\/types\/product"}],"wp:featuredmedia":[{"embeddable":true,"href":"https:\/\/letsgofitness.cl\/index.php\/wp-json\/wp\/v2\/media\/5716"}],"wp:attachment":[{"href":"https:\/\/letsgofitness.cl\/index.php\/wp-json\/wp\/v2\/media?parent=5154"}],"wp:term":[{"taxonomy":"product_brand","embeddable":true,"href":"https:\/\/letsgofitness.cl\/index.php\/wp-json\/wp\/v2\/product_brand?post=5154"},{"taxonomy":"product_cat","embeddable":true,"href":"https:\/\/letsgofitness.cl\/index.php\/wp-json\/wp\/v2\/product_cat?post=5154"},{"taxonomy":"product_tag","embeddable":true,"href":"https:\/\/letsgofitness.cl\/index.php\/wp-json\/wp\/v2\/product_tag?post=5154"}],"curies":[{"name":"wp","href":"https:\/\/api.w.org\/{rel}","templated":true}]}}