{"id":5024,"date":"2022-11-29T12:45:44","date_gmt":"2022-11-29T15:45:44","guid":{"rendered":"https:\/\/letsgofitness.cl\/?post_type=product&#038;p=5024"},"modified":"2026-04-10T11:10:14","modified_gmt":"2026-04-10T14:10:14","slug":"dual-leg-extension-leg-curl-evolution-preventa","status":"publish","type":"product","link":"https:\/\/letsgofitness.cl\/index.php\/producto\/dual-leg-extension-leg-curl-evolution-preventa\/","title":{"rendered":"Dual Leg Extension \/ Leg curl EVOLUTION &#8220;BLACK EDITION&#8221;  Stack 120kg **OFERTA PAGO CONTADO $1.300.000 (Transferencia)"},"content":{"rendered":"<h5>EVOLUTION DUAL SEATED LEG CURL\/EXTENSION\u00a0 &#8220;<em>BLACK EDITION&#8221;<\/em><\/h5>\n<h4 class=\"title\"><span style=\"font-size: 14px\">La\u00a0 l\u00ednea <\/span><strong style=\"font-size: 14px\">\u201cEVOLUTION\u201d<\/strong><span style=\"font-size: 14px\">\u00a0de LFG es una nueva versi\u00f3n de l\u00ednea de alta gama.<\/span><\/h4>\n<div class=\"answer\">\n<div class=\"section the_content has_content\">\n<div class=\"section_wrapper\">\n<div class=\"the_content_wrapper \">\n<p><b>Caracter\u00edsticas<\/b><strong>\u00a0principales:<\/strong><\/p>\n<ul>\n<li>Estructura principal en tubo ovalado plano 50*120<\/li>\n<li>Contrapeso secundario con pasadores<\/li>\n<li>Brazos de tubo redondo color rojo<\/li>\n<li>Tapices en espuma de alta densidad<\/li>\n<li>Cable de acero recubierto<\/li>\n<li>Pictograma descriptivo<\/li>\n<li>Cubierta trasera fabricada en acero<\/li>\n<li>Porta botellas<\/li>\n<li>Barras gu\u00edas de acero inoxidable<\/li>\n<li>Etiquetas de placas de peso de pvc<\/li>\n<li>Placas de peso negras<\/li>\n<li>Tapas cromadas<\/li>\n<li>POLEAS DE ALUMINIO<\/li>\n<\/ul>\n<p><strong>STACK 120KG<\/strong><\/p>\n<p><strong>Dimensi\u00f3n armada:<\/strong> 157 \u00d7 96 \u00d7 166 cm<\/p>\n<\/div>\n<\/div>\n<\/div>\n<\/div>\n","protected":false},"excerpt":{"rendered":"<p>EVOLUTION DUAL SEATED LEG CURL\/EXTENSION\u00a0 &#8220;BLACK EDITION&#8221; La\u00a0 l\u00ednea \u201cEVOLUTION\u201d\u00a0de LFG es una nueva versi\u00f3n de l\u00ednea de alta gama. Caracter\u00edsticas\u00a0principales: Estructura principal en tubo ovalado<span class=\"excerpt-hellip\"> [\u2026]<\/span><\/p>\n","protected":false},"featured_media":6234,"template":"","meta":{"_joinchat":[]},"product_brand":[],"product_cat":[158,91,135,122,32,48],"product_tag":[],"class_list":{"0":"post-5024","1":"product","2":"type-product","3":"status-publish","4":"has-post-thumbnail","6":"product_cat-evolution","7":"product_cat-semiprofesional-dual-leg-extension-leg-curl","8":"product_cat-oferta","9":"product_cat-stock","10":"product_cat-profesional","11":"product_cat-peso-integrado-profesional","13":"first","14":"instock","15":"sale","16":"shipping-taxable","17":"purchasable","18":"product-type-simple"},"_links":{"self":[{"href":"https:\/\/letsgofitness.cl\/index.php\/wp-json\/wp\/v2\/product\/5024","targetHints":{"allow":["GET"]}}],"collection":[{"href":"https:\/\/letsgofitness.cl\/index.php\/wp-json\/wp\/v2\/product"}],"about":[{"href":"https:\/\/letsgofitness.cl\/index.php\/wp-json\/wp\/v2\/types\/product"}],"wp:featuredmedia":[{"embeddable":true,"href":"https:\/\/letsgofitness.cl\/index.php\/wp-json\/wp\/v2\/media\/6234"}],"wp:attachment":[{"href":"https:\/\/letsgofitness.cl\/index.php\/wp-json\/wp\/v2\/media?parent=5024"}],"wp:term":[{"taxonomy":"product_brand","embeddable":true,"href":"https:\/\/letsgofitness.cl\/index.php\/wp-json\/wp\/v2\/product_brand?post=5024"},{"taxonomy":"product_cat","embeddable":true,"href":"https:\/\/letsgofitness.cl\/index.php\/wp-json\/wp\/v2\/product_cat?post=5024"},{"taxonomy":"product_tag","embeddable":true,"href":"https:\/\/letsgofitness.cl\/index.php\/wp-json\/wp\/v2\/product_tag?post=5024"}],"curies":[{"name":"wp","href":"https:\/\/api.w.org\/{rel}","templated":true}]}}