{"id":5021,"date":"2022-11-29T12:20:27","date_gmt":"2022-11-29T15:20:27","guid":{"rendered":"https:\/\/letsgofitness.cl\/?post_type=product&#038;p=5021"},"modified":"2026-04-10T11:10:14","modified_gmt":"2026-04-10T14:10:14","slug":"dual-biceps-triceps-evolution-preventa","status":"publish","type":"product","link":"https:\/\/letsgofitness.cl\/index.php\/producto\/dual-biceps-triceps-evolution-preventa\/","title":{"rendered":"Dual B\u00edceps \/ Tr\u00edceps EVOLUTION  Stack 100kg"},"content":{"rendered":"<h5 class=\"title\"><span style=\"font-size: 14px; font-weight: 400;\">La nueva l\u00ednea <\/span><strong style=\"font-size: 14px;\">\u201cEVOLUTION\u201d<\/strong><span style=\"font-size: 14px; font-weight: 400;\">\u00a0de LFG es una nueva versi\u00f3n de l\u00ednea de alta gama.<\/span><\/h5>\n<div class=\"answer\">\n<div class=\"section the_content has_content\">\n<div class=\"section_wrapper\">\n<div class=\"the_content_wrapper \">\n<p><b>Caracter\u00edsticas<\/b><strong>\u00a0principales:<\/strong><\/p>\n<ul>\n<li>Estructura principal en tubo ovalado plano 50*120<\/li>\n<li>Contrapeso secundario con pasadores<\/li>\n<li>Poleas de aluminio<\/li>\n<li>Brazos de tubo redondo color rojo<\/li>\n<li>Tapices en espuma de alta densidad<\/li>\n<li>Cable de acero recubierto<\/li>\n<li>Pictograma descriptivo<\/li>\n<li>Cubierta trasera hecha de hierro<\/li>\n<li>Porta botellas<\/li>\n<li>Barras gu\u00edas de acero inoxidable<\/li>\n<li>Pin de pl\u00e1stico amarillo<\/li>\n<li>Etiquetas de placas de peso de pvc<\/li>\n<li>Placas de peso negras<\/li>\n<li>Manijas y cubiertas de pl\u00e1stico<\/li>\n<li>Tapas cromadas<\/li>\n<li>POLEAS DE ALUMINIO<\/li>\n<\/ul>\n<\/div>\n<p><strong>STACK 100 KG<\/strong><\/p>\n<p><strong>Dimensi\u00f3n armada:<\/strong> 105.5 \u00d7 101.5 \u00d7 166 cm<\/p>\n<\/div>\n<\/div>\n<\/div>\n<p>&nbsp;<\/p>\n","protected":false},"excerpt":{"rendered":"<p>La nueva l\u00ednea \u201cEVOLUTION\u201d\u00a0de LFG es una nueva versi\u00f3n de l\u00ednea de alta gama. Caracter\u00edsticas\u00a0principales: Estructura principal en tubo ovalado plano 50*120 Contrapeso secundario con pasadores<span class=\"excerpt-hellip\"> [\u2026]<\/span><\/p>\n","protected":false},"featured_media":6020,"template":"","meta":{"_joinchat":[]},"product_brand":[],"product_cat":[158,122,32],"product_tag":[],"class_list":{"0":"post-5021","1":"product","2":"type-product","3":"status-publish","4":"has-post-thumbnail","6":"product_cat-evolution","7":"product_cat-stock","8":"product_cat-profesional","10":"first","11":"outofstock","12":"shipping-taxable","13":"purchasable","14":"product-type-simple"},"_links":{"self":[{"href":"https:\/\/letsgofitness.cl\/index.php\/wp-json\/wp\/v2\/product\/5021","targetHints":{"allow":["GET"]}}],"collection":[{"href":"https:\/\/letsgofitness.cl\/index.php\/wp-json\/wp\/v2\/product"}],"about":[{"href":"https:\/\/letsgofitness.cl\/index.php\/wp-json\/wp\/v2\/types\/product"}],"wp:featuredmedia":[{"embeddable":true,"href":"https:\/\/letsgofitness.cl\/index.php\/wp-json\/wp\/v2\/media\/6020"}],"wp:attachment":[{"href":"https:\/\/letsgofitness.cl\/index.php\/wp-json\/wp\/v2\/media?parent=5021"}],"wp:term":[{"taxonomy":"product_brand","embeddable":true,"href":"https:\/\/letsgofitness.cl\/index.php\/wp-json\/wp\/v2\/product_brand?post=5021"},{"taxonomy":"product_cat","embeddable":true,"href":"https:\/\/letsgofitness.cl\/index.php\/wp-json\/wp\/v2\/product_cat?post=5021"},{"taxonomy":"product_tag","embeddable":true,"href":"https:\/\/letsgofitness.cl\/index.php\/wp-json\/wp\/v2\/product_tag?post=5021"}],"curies":[{"name":"wp","href":"https:\/\/api.w.org\/{rel}","templated":true}]}}