{"id":5008,"date":"2022-11-25T11:45:55","date_gmt":"2022-11-25T14:45:55","guid":{"rendered":"https:\/\/letsgofitness.cl\/?post_type=product&#038;p=5008"},"modified":"2026-02-05T09:24:37","modified_gmt":"2026-02-05T12:24:37","slug":"set-glute-band-boss-strength","status":"publish","type":"product","link":"https:\/\/letsgofitness.cl\/index.php\/producto\/set-glute-band-boss-strength\/","title":{"rendered":"SET GLUTE BAND BOSS STRENGTH"},"content":{"rendered":"<p>CARACTERISTICAS<\/p>\n<ul>\n<li>Son\u00a0<strong>antideslizantes y antigiro:\u00a0<\/strong>\u00a1no se enrollan nunca!<\/li>\n<li>Son vers\u00e1tiles: Puedes usarla para tus entrenamientos de sentadillas, hip thrusts, espaldas, patadas de gluteo, paso lareral, etc..<\/li>\n<li>Tienen\u00a0<strong>doble cara<\/strong>: Si usas pantalones largos, puedes usarlas por el lado de la tira antideslizante<\/li>\n<li>Son\u00a0<strong>pr\u00e1cticas y port\u00e1tiles<\/strong>: Inlcuyen su morral para que puedas entrenar al aire libre o donde t\u00fa prefieras!<\/li>\n<\/ul>\n","protected":false},"excerpt":{"rendered":"<p>Kit de 3 bandas el\u00e1sticas de acondicionamiento f\u00edsico para m\u00faltiples ejercicios. Funcional para el desarrollo de fuerza, yoga kit, ejercicio en casa y gimnasio, excelente para actividades de fisioterapia, trabajo de gl\u00fateos, piernas, pilates o rehabilitaci\u00f3n.!!<\/p>\n","protected":false},"featured_media":5721,"template":"","meta":{"_joinchat":[]},"product_brand":[],"product_cat":[106,122,32],"product_tag":[],"class_list":{"0":"post-5008","1":"product","2":"type-product","3":"status-publish","4":"has-post-thumbnail","6":"product_cat-accesorios","7":"product_cat-stock","8":"product_cat-profesional","10":"first","11":"outofstock","12":"sale","13":"shipping-taxable","14":"purchasable","15":"product-type-simple"},"_links":{"self":[{"href":"https:\/\/letsgofitness.cl\/index.php\/wp-json\/wp\/v2\/product\/5008","targetHints":{"allow":["GET"]}}],"collection":[{"href":"https:\/\/letsgofitness.cl\/index.php\/wp-json\/wp\/v2\/product"}],"about":[{"href":"https:\/\/letsgofitness.cl\/index.php\/wp-json\/wp\/v2\/types\/product"}],"wp:featuredmedia":[{"embeddable":true,"href":"https:\/\/letsgofitness.cl\/index.php\/wp-json\/wp\/v2\/media\/5721"}],"wp:attachment":[{"href":"https:\/\/letsgofitness.cl\/index.php\/wp-json\/wp\/v2\/media?parent=5008"}],"wp:term":[{"taxonomy":"product_brand","embeddable":true,"href":"https:\/\/letsgofitness.cl\/index.php\/wp-json\/wp\/v2\/product_brand?post=5008"},{"taxonomy":"product_cat","embeddable":true,"href":"https:\/\/letsgofitness.cl\/index.php\/wp-json\/wp\/v2\/product_cat?post=5008"},{"taxonomy":"product_tag","embeddable":true,"href":"https:\/\/letsgofitness.cl\/index.php\/wp-json\/wp\/v2\/product_tag?post=5008"}],"curies":[{"name":"wp","href":"https:\/\/api.w.org\/{rel}","templated":true}]}}