{"id":5007,"date":"2022-11-25T11:29:52","date_gmt":"2022-11-25T14:29:52","guid":{"rendered":"https:\/\/letsgofitness.cl\/?post_type=product&#038;p=5007"},"modified":"2026-04-10T11:10:15","modified_gmt":"2026-04-10T14:10:15","slug":"vertical-chest-press-boss-strength","status":"publish","type":"product","link":"https:\/\/letsgofitness.cl\/index.php\/producto\/vertical-chest-press-boss-strength\/","title":{"rendered":"VERTICAL CHEST PRESS XPLUS BOSS STRENGTH"},"content":{"rendered":"<p>La XPlus Boss Strength Chest Press es una incorporaci\u00f3n innovadora en nuestra l\u00ednea Xplus, dise\u00f1ada para brindar un entrenamiento de calidad tanto en entornos comerciales como en hogares.<\/p>\n<p>Fabricada con materiales de alta resistencia, esta m\u00e1quina ofrece un dise\u00f1o robusto que se adapta a una variedad de usuarios. Con la capacidad de ajustar la resistencia mediante la adici\u00f3n de discos en los soportes ergon\u00f3micos, los usuarios pueden personalizar su experiencia de entrenamiento con facilidad.<\/p>\n<p>El asiento, con su tapizado duradero, se puede ajustar en altura para garantizar una posici\u00f3n c\u00f3moda durante todo el ejercicio.<\/p>\n<p>La base de la m\u00e1quina est\u00e1 equipada con topes para proteger la superficie del suelo y evitar posibles da\u00f1os.<\/p>\n<p>&nbsp;<\/p>\n<p><strong><em>CARACTER\u00cdSTICAS T\u00c9CNICAS<\/em><\/strong><\/p>\n<ul>\n<li>Portadiscos de acero inoxidable.<\/li>\n<li>Tapizado ign\u00edfugo y resistente al sudor.<\/li>\n<li>Estructura con pintura en polvo para una fijaci\u00f3n total y una alta resistencia.<\/li>\n<li>Rodamientos industriales y de alta calidad.<\/li>\n<li>Configuraci\u00f3n de la estructura en \u00e1ngulo recto para garantizar una perfecta adaptaci\u00f3n estructural.<\/li>\n<li>Tubo de 50 x 80 mm.<\/li>\n<li>Material: Acero Q235 como el resto de m\u00e1quinas de la gama BOSS STRENGTH.<\/li>\n<\/ul>\n<p>Dimensiones<\/p>\n<ul>\n<li>Largo: 195.6cm<\/li>\n<li>Ancho: 109.7cm<\/li>\n<li>Alto: 117.8cm<\/li>\n<\/ul>\n","protected":false},"excerpt":{"rendered":"<p>&nbsp;<\/p>\n<h4><\/h4>\n","protected":false},"featured_media":8530,"template":"","meta":{"_joinchat":[]},"product_brand":[],"product_cat":[122,32,47],"product_tag":[],"class_list":{"0":"post-5007","1":"product","2":"type-product","3":"status-publish","4":"has-post-thumbnail","6":"product_cat-stock","7":"product_cat-profesional","8":"product_cat-peso-libre-profesional","10":"first","11":"outofstock","12":"sale","13":"shipping-taxable","14":"purchasable","15":"product-type-simple"},"_links":{"self":[{"href":"https:\/\/letsgofitness.cl\/index.php\/wp-json\/wp\/v2\/product\/5007","targetHints":{"allow":["GET"]}}],"collection":[{"href":"https:\/\/letsgofitness.cl\/index.php\/wp-json\/wp\/v2\/product"}],"about":[{"href":"https:\/\/letsgofitness.cl\/index.php\/wp-json\/wp\/v2\/types\/product"}],"wp:featuredmedia":[{"embeddable":true,"href":"https:\/\/letsgofitness.cl\/index.php\/wp-json\/wp\/v2\/media\/8530"}],"wp:attachment":[{"href":"https:\/\/letsgofitness.cl\/index.php\/wp-json\/wp\/v2\/media?parent=5007"}],"wp:term":[{"taxonomy":"product_brand","embeddable":true,"href":"https:\/\/letsgofitness.cl\/index.php\/wp-json\/wp\/v2\/product_brand?post=5007"},{"taxonomy":"product_cat","embeddable":true,"href":"https:\/\/letsgofitness.cl\/index.php\/wp-json\/wp\/v2\/product_cat?post=5007"},{"taxonomy":"product_tag","embeddable":true,"href":"https:\/\/letsgofitness.cl\/index.php\/wp-json\/wp\/v2\/product_tag?post=5007"}],"curies":[{"name":"wp","href":"https:\/\/api.w.org\/{rel}","templated":true}]}}