{"id":4906,"date":"2022-11-10T09:16:27","date_gmt":"2022-11-10T12:16:27","guid":{"rendered":"https:\/\/letsgofitness.cl\/?post_type=product&#038;p=4906"},"modified":"2026-04-10T11:10:15","modified_gmt":"2026-04-10T14:10:15","slug":"dominada-asistida-evolution-preventa","status":"publish","type":"product","link":"https:\/\/letsgofitness.cl\/index.php\/producto\/dominada-asistida-evolution-preventa\/","title":{"rendered":"DOMINADA ASISTIDA EVOLUTION \u201cBLACK EDITION\u201d Stack 100kg"},"content":{"rendered":"<p>La nueva l\u00ednea\u00a0<strong>\u201cEVOLUTION\u201d<\/strong>\u00a0de LFG es una nueva versi\u00f3n de l\u00ednea de alta gama.<\/p>\n<p><b>Caracter\u00edsticas<\/b><strong>\u00a0principales:<\/strong><\/p>\n<ul>\n<li>Estructura principal en tubo ovalado plano 50*120<\/li>\n<li>Contrapeso secundario con pasadores<\/li>\n<li>Poleas de aluminio<\/li>\n<li>Brazos de tubo redondo color rojo<\/li>\n<li>Tapices en espuma de alta densidad<\/li>\n<li>Cable de acero recubierto<\/li>\n<li>Pictograma descriptivo<\/li>\n<li>Cubierta trasera hecha de hierro<\/li>\n<li>Porta botellas<\/li>\n<li>Barras gu\u00edas de acero inoxidable<\/li>\n<li>Pin de pl\u00e1stico amarillo<\/li>\n<li>Etiquetas de placas de peso de pvc<\/li>\n<li>Placas de peso negras<\/li>\n<li>Manijas y cubiertas de pl\u00e1stico<\/li>\n<li>Tapas cromadas<\/li>\n<\/ul>\n<p><strong>STACK: 100 KG<\/strong><\/p>\n<p>Dimensi\u00f3n armada: 150&#215;130,5&#215;240 CM<\/p>\n<p>&nbsp;<\/p>\n","protected":false},"excerpt":{"rendered":"<p>La nueva l\u00ednea\u00a0\u201cEVOLUTION\u201d\u00a0de LFG es una nueva versi\u00f3n de l\u00ednea de alta gama. Caracter\u00edsticas\u00a0principales: Estructura principal en tubo ovalado plano 50*120 Contrapeso secundario con pasadores Poleas<span class=\"excerpt-hellip\"> [\u2026]<\/span><\/p>\n","protected":false},"featured_media":4907,"template":"","meta":{"_joinchat":[]},"product_brand":[],"product_cat":[158,135,122,32,48],"product_tag":[],"class_list":{"0":"post-4906","1":"product","2":"type-product","3":"status-publish","4":"has-post-thumbnail","6":"product_cat-evolution","7":"product_cat-oferta","8":"product_cat-stock","9":"product_cat-profesional","10":"product_cat-peso-integrado-profesional","12":"first","13":"outofstock","14":"sale","15":"shipping-taxable","16":"purchasable","17":"product-type-simple"},"_links":{"self":[{"href":"https:\/\/letsgofitness.cl\/index.php\/wp-json\/wp\/v2\/product\/4906","targetHints":{"allow":["GET"]}}],"collection":[{"href":"https:\/\/letsgofitness.cl\/index.php\/wp-json\/wp\/v2\/product"}],"about":[{"href":"https:\/\/letsgofitness.cl\/index.php\/wp-json\/wp\/v2\/types\/product"}],"wp:featuredmedia":[{"embeddable":true,"href":"https:\/\/letsgofitness.cl\/index.php\/wp-json\/wp\/v2\/media\/4907"}],"wp:attachment":[{"href":"https:\/\/letsgofitness.cl\/index.php\/wp-json\/wp\/v2\/media?parent=4906"}],"wp:term":[{"taxonomy":"product_brand","embeddable":true,"href":"https:\/\/letsgofitness.cl\/index.php\/wp-json\/wp\/v2\/product_brand?post=4906"},{"taxonomy":"product_cat","embeddable":true,"href":"https:\/\/letsgofitness.cl\/index.php\/wp-json\/wp\/v2\/product_cat?post=4906"},{"taxonomy":"product_tag","embeddable":true,"href":"https:\/\/letsgofitness.cl\/index.php\/wp-json\/wp\/v2\/product_tag?post=4906"}],"curies":[{"name":"wp","href":"https:\/\/api.w.org\/{rel}","templated":true}]}}