{"id":4809,"date":"2022-10-14T14:44:18","date_gmt":"2022-10-14T17:44:18","guid":{"rendered":"https:\/\/letsgofitness.cl\/?post_type=product&#038;p=4809"},"modified":"2026-04-10T11:08:36","modified_gmt":"2026-04-10T14:08:36","slug":"nautilus-impact-kneeling-leg-curl","status":"publish","type":"product","link":"https:\/\/letsgofitness.cl\/index.php\/producto\/nautilus-impact-kneeling-leg-curl\/","title":{"rendered":"NAUTILUS IMPACT KNEELING LEG CURL"},"content":{"rendered":"<h6>La ventaja de este producto es la facilidad de uso: todos, incluso un principiante adepto del entrenamiento de fuerza, encontrar\u00e1n algo para s\u00ed mismos aqu\u00ed. La <strong>selecci\u00f3n de carga se realiza de una manera muy intuitiva,<\/strong> es decir, gracias a los interruptores de la m\u00e1quina. Cada pierna tiene su propio soporte, lo que permite el movimiento independiente de las extremidades. Para apoyar las partes musculares superiores, la m\u00e1quina tiene lugares especiales para la posici\u00f3n de los codos y las manos.<\/h6>\n<p>&nbsp;<\/p>\n<h5><strong>CARACTERISTICAS TECNICAS:<\/strong><\/h5>\n<ul>\n<li>\n<h6><strong>SISTEMA DE PESO INCREMENTAL<\/strong> de 5 libras para una progresi\u00f3n \u00f3ptima.<\/h6>\n<\/li>\n<li>\n<h6><strong>ACABADO DEL MARCO:<\/strong> Recubrimiento electrost\u00e1tico en polvo.<\/h6>\n<\/li>\n<li>\n<h6><strong>ESPECIFICACIONES DE AGARRE:<\/strong> Goma, agarres grandes para empujar, agarres m\u00e1s peque\u00f1os para tirar.<\/h6>\n<\/li>\n<\/ul>\n<p>&nbsp;<\/p>\n<h5><strong>FUNCIONES:<\/strong><\/h5>\n<ul>\n<li>\n<h6>Selecci\u00f3n de pila de peso f\u00e1cil de usar<\/h6>\n<\/li>\n<li>\n<h6>Sistema de peso incremental de 5 lb para una progresi\u00f3n \u00f3ptima<\/h6>\n<\/li>\n<li>\n<h6>Ajuste pull-pin<\/h6>\n<\/li>\n<li>\n<h6>Posicionamiento asistido por gravedad<\/h6>\n<\/li>\n<\/ul>\n<h5><strong>DIMENSIONES Y PESO:<\/strong><\/h5>\n<ul>\n<li>\n<h6><strong>Peso:<\/strong> 163 kg<\/h6>\n<\/li>\n<li>\n<h6><strong>Peso de la pila:<\/strong> 59 kg<\/h6>\n<\/li>\n<li>\n<h6><strong>Ancho:<\/strong> 112 cm<\/h6>\n<\/li>\n<li>\n<h6><strong>Longitud:<\/strong> 130 cm<\/h6>\n<\/li>\n<li>\n<h6><strong>Altura:<\/strong> 152 cm.<\/h6>\n<\/li>\n<\/ul>\n","protected":false},"excerpt":{"rendered":"<h6><strong>Nautilus IMPACT KNEELING LEG CURL <\/strong>&#8211; la m\u00e1quina perfecta para deshacerse del problema de los m\u00fasculos d\u00e9biles del <strong>b\u00edceps<\/strong> &#8211; gracias a este equipo ser\u00e1n fuertes, <strong>\u00a1como el titanio!<\/strong><\/h6>\n","protected":false},"featured_media":4813,"template":"","meta":{"_joinchat":[]},"product_brand":[],"product_cat":[156,122,32,48],"product_tag":[],"class_list":{"0":"post-4809","1":"product","2":"type-product","3":"status-publish","4":"has-post-thumbnail","6":"product_cat-nautilus","7":"product_cat-stock","8":"product_cat-profesional","9":"product_cat-peso-integrado-profesional","11":"first","12":"instock","13":"shipping-taxable","14":"purchasable","15":"product-type-simple"},"_links":{"self":[{"href":"https:\/\/letsgofitness.cl\/index.php\/wp-json\/wp\/v2\/product\/4809","targetHints":{"allow":["GET"]}}],"collection":[{"href":"https:\/\/letsgofitness.cl\/index.php\/wp-json\/wp\/v2\/product"}],"about":[{"href":"https:\/\/letsgofitness.cl\/index.php\/wp-json\/wp\/v2\/types\/product"}],"wp:featuredmedia":[{"embeddable":true,"href":"https:\/\/letsgofitness.cl\/index.php\/wp-json\/wp\/v2\/media\/4813"}],"wp:attachment":[{"href":"https:\/\/letsgofitness.cl\/index.php\/wp-json\/wp\/v2\/media?parent=4809"}],"wp:term":[{"taxonomy":"product_brand","embeddable":true,"href":"https:\/\/letsgofitness.cl\/index.php\/wp-json\/wp\/v2\/product_brand?post=4809"},{"taxonomy":"product_cat","embeddable":true,"href":"https:\/\/letsgofitness.cl\/index.php\/wp-json\/wp\/v2\/product_cat?post=4809"},{"taxonomy":"product_tag","embeddable":true,"href":"https:\/\/letsgofitness.cl\/index.php\/wp-json\/wp\/v2\/product_tag?post=4809"}],"curies":[{"name":"wp","href":"https:\/\/api.w.org\/{rel}","templated":true}]}}