{"id":4660,"date":"2022-09-12T11:26:18","date_gmt":"2022-09-12T14:26:18","guid":{"rendered":"https:\/\/letsgofitness.cl\/?post_type=product&#038;p=4660"},"modified":"2026-04-10T11:10:15","modified_gmt":"2026-04-10T14:10:15","slug":"seated-chest-press-evolution-preventa-etapa-1","status":"publish","type":"product","link":"https:\/\/letsgofitness.cl\/index.php\/producto\/seated-chest-press-evolution-preventa-etapa-1\/","title":{"rendered":"SEATED CHEST PRESS &#8220;EVOLUTION&#8221;  Stack 120kg"},"content":{"rendered":"<p>La nueva l\u00ednea <strong>&#8220;EVOLUTION&#8221;<\/strong> de LFG es una nueva versi\u00f3n de l\u00ednea de alta gama.<\/p>\n<p><span style=\"font-size: 14px\"><b>Caracter\u00edsticas<\/b><\/span><strong>\u00a0principales:<\/strong><\/p>\n<ul>\n<li>Estructura principal en tubo ovalado plano 100*50 en 3mm<\/li>\n<li>Contrapeso secundario con pasadores<\/li>\n<li>Poleas de aluminio<\/li>\n<li>Brazos de tubo redondo color rojo<\/li>\n<li>Tapices en espuma de alta densidad<\/li>\n<li>Cable de acero recubierto 6mm, soporta 1TN<\/li>\n<li>Pintura electrost\u00e1tica doble capa<\/li>\n<li>Pictograma descriptivo<\/li>\n<li>Cubierta trasera hecha de hierro<\/li>\n<li>Porta botellas<\/li>\n<li>Barras gu\u00edas de acero inoxidable<\/li>\n<li>Pin de pl\u00e1stico amarillo<\/li>\n<li>Etiquetas de placas de peso de pvc<\/li>\n<li>Placas de peso negras<\/li>\n<li>Manijas y cubiertas de pl\u00e1stico<\/li>\n<li>Tapas cromadas<\/li>\n<\/ul>\n<p><strong>STACK: 120 KG<\/strong><\/p>\n<p><strong>Dimensi\u00f3n armada<\/strong>: 145 x 117,5 x 152 cm<\/p>\n","protected":false},"excerpt":{"rendered":"<p>La nueva l\u00ednea &#8220;EVOLUTION&#8221; de LFG es una nueva versi\u00f3n de l\u00ednea de alta gama. Caracter\u00edsticas\u00a0principales: Estructura principal en tubo ovalado plano 100*50 en 3mm Contrapeso<span class=\"excerpt-hellip\"> [\u2026]<\/span><\/p>\n","protected":false},"featured_media":8020,"template":"","meta":{"_joinchat":[]},"product_brand":[],"product_cat":[122,32,48],"product_tag":[],"class_list":{"0":"post-4660","1":"product","2":"type-product","3":"status-publish","4":"has-post-thumbnail","6":"product_cat-stock","7":"product_cat-profesional","8":"product_cat-peso-integrado-profesional","10":"first","11":"outofstock","12":"sale","13":"shipping-taxable","14":"purchasable","15":"product-type-simple"},"_links":{"self":[{"href":"https:\/\/letsgofitness.cl\/index.php\/wp-json\/wp\/v2\/product\/4660","targetHints":{"allow":["GET"]}}],"collection":[{"href":"https:\/\/letsgofitness.cl\/index.php\/wp-json\/wp\/v2\/product"}],"about":[{"href":"https:\/\/letsgofitness.cl\/index.php\/wp-json\/wp\/v2\/types\/product"}],"wp:featuredmedia":[{"embeddable":true,"href":"https:\/\/letsgofitness.cl\/index.php\/wp-json\/wp\/v2\/media\/8020"}],"wp:attachment":[{"href":"https:\/\/letsgofitness.cl\/index.php\/wp-json\/wp\/v2\/media?parent=4660"}],"wp:term":[{"taxonomy":"product_brand","embeddable":true,"href":"https:\/\/letsgofitness.cl\/index.php\/wp-json\/wp\/v2\/product_brand?post=4660"},{"taxonomy":"product_cat","embeddable":true,"href":"https:\/\/letsgofitness.cl\/index.php\/wp-json\/wp\/v2\/product_cat?post=4660"},{"taxonomy":"product_tag","embeddable":true,"href":"https:\/\/letsgofitness.cl\/index.php\/wp-json\/wp\/v2\/product_tag?post=4660"}],"curies":[{"name":"wp","href":"https:\/\/api.w.org\/{rel}","templated":true}]}}