{"id":4651,"date":"2022-09-09T12:52:07","date_gmt":"2022-09-09T15:52:07","guid":{"rendered":"https:\/\/letsgofitness.cl\/?post_type=product&#038;p=4651"},"modified":"2026-04-10T11:08:48","modified_gmt":"2026-04-10T14:08:48","slug":"pullover-realleader-usa","status":"publish","type":"product","link":"https:\/\/letsgofitness.cl\/index.php\/producto\/pullover-realleader-usa\/","title":{"rendered":"PULLOVER REALLEADER USA &#8211; MODELO B"},"content":{"rendered":"<h5>M\u00e1quina de entrenamiento de resistencia ampliamente utilizada que fortalece principalmente los grandes m\u00fasculos en la espalda (dorsal ancho) y el pecho (pectoral mayor).<\/h5>\n<p>&nbsp;<\/p>\n<h5><strong>\u00a0 CARACTERISTICAS:<\/strong><\/h5>\n<ul>\n<li>Un asiento de dise\u00f1o ergon\u00f3mico ofrece una comodidad y un soporte \u00f3ptimos durante el entrenamiento.<\/li>\n<li>Las c\u00f3modas almohadillas para los brazos en reposo proporcionan un apoyo firme durante el ejercicio.<\/li>\n<li>M\u00faltiples posiciones de agarre en el mango le brindan varias opciones de ejercicio<\/li>\n<li>El mango de la m\u00e1quina y los brazos est\u00e1n dise\u00f1ados para un m\u00e1ximo pre-estiramiento y rango de movimiento<\/li>\n<\/ul>\n<h5><strong>\u00a0 BENEFICIOS:<\/strong><\/h5>\n<ul>\n<li>Se realiza principalmente como un ejercicio de dorsal ancho para lograr una espalda m\u00e1s ancha.<\/li>\n<li>Adem\u00e1s de sus dorsales, estimulan fuertemente sus tr\u00edceps ubicados en la parte posterior de la parte superior del brazo y tambi\u00e9n su pectoral mayor.<\/li>\n<li>Est\u00e1 dise\u00f1ado para reducir la tensi\u00f3n y proporcionar a los usuarios una mayor estabilidad y control.<\/li>\n<li>El asiento inclinado tiene un \u00e1ngulo de 30 grados para proporcionar estabilidad al usuario.<\/li>\n<\/ul>\n<h5><strong>\u00a0 ESPICIFICACI\u00d3N TECNICA:<\/strong><\/h5>\n<ul>\n<li>Medidas: 137 x 130 x 150 Cm<\/li>\n<li>Peso: 150 Kg<\/li>\n<\/ul>\n","protected":false},"excerpt":{"rendered":"<p>COLOR DISPONIBLE:<\/p>\n<ul>\n<li>NEGRO\/ TAPIZ CAF\u00c9<\/li>\n<\/ul>\n","protected":false},"featured_media":4652,"template":"","meta":{"_joinchat":[]},"product_brand":[],"product_cat":[32,47],"product_tag":[],"class_list":{"0":"post-4651","1":"product","2":"type-product","3":"status-publish","4":"has-post-thumbnail","6":"product_cat-profesional","7":"product_cat-peso-libre-profesional","9":"first","10":"outofstock","11":"shipping-taxable","12":"purchasable","13":"product-type-simple"},"_links":{"self":[{"href":"https:\/\/letsgofitness.cl\/index.php\/wp-json\/wp\/v2\/product\/4651","targetHints":{"allow":["GET"]}}],"collection":[{"href":"https:\/\/letsgofitness.cl\/index.php\/wp-json\/wp\/v2\/product"}],"about":[{"href":"https:\/\/letsgofitness.cl\/index.php\/wp-json\/wp\/v2\/types\/product"}],"wp:featuredmedia":[{"embeddable":true,"href":"https:\/\/letsgofitness.cl\/index.php\/wp-json\/wp\/v2\/media\/4652"}],"wp:attachment":[{"href":"https:\/\/letsgofitness.cl\/index.php\/wp-json\/wp\/v2\/media?parent=4651"}],"wp:term":[{"taxonomy":"product_brand","embeddable":true,"href":"https:\/\/letsgofitness.cl\/index.php\/wp-json\/wp\/v2\/product_brand?post=4651"},{"taxonomy":"product_cat","embeddable":true,"href":"https:\/\/letsgofitness.cl\/index.php\/wp-json\/wp\/v2\/product_cat?post=4651"},{"taxonomy":"product_tag","embeddable":true,"href":"https:\/\/letsgofitness.cl\/index.php\/wp-json\/wp\/v2\/product_tag?post=4651"}],"curies":[{"name":"wp","href":"https:\/\/api.w.org\/{rel}","templated":true}]}}