{"id":4624,"date":"2022-09-08T18:22:58","date_gmt":"2022-09-08T21:22:58","guid":{"rendered":"https:\/\/letsgofitness.cl\/?post_type=product&#038;p=4624"},"modified":"2026-05-05T11:19:13","modified_gmt":"2026-05-05T14:19:13","slug":"ab-back-machine-boss-strength-1","status":"publish","type":"product","link":"https:\/\/letsgofitness.cl\/index.php\/producto\/ab-back-machine-boss-strength-1\/","title":{"rendered":"AB-BACK MACHINE BOSS STRENGTH 1"},"content":{"rendered":"<p>AB-BACK MACHINE BOSS STRENGRTH 1 es un equipo dise\u00f1ado para el fortalecimiento de la zona lumbar, gl\u00fateos e isquiotibiales.<br data-start=\"215\" data-end=\"218\" \/>Cuenta con almohadillas ajustables para mayor comodidad y una plataforma texturizada con gu\u00eda para el tal\u00f3n que asegura una correcta posici\u00f3n durante el ejercicio.<\/p>\n<p>Su dise\u00f1o de tr\u00edpode ofrece alta estabilidad sin comprometer el espacio, siendo una opci\u00f3n segura y eficiente para gimnasios.<\/p>\n<p><strong>CARACTER\u00cdSTICAS:<\/strong><\/p>\n<ul>\n<li><span dir=\"auto\">Dimensiones (largo x ancho x alto): 101.6 x 68.5 x 134.6 cm<\/span><\/li>\n<li>Color gris<\/li>\n<li><span dir=\"auto\">Peso: 58.5 kg.<\/span><\/li>\n<li>Peso m\u00e1ximo de usuario: 159 kg<\/li>\n<\/ul>\n<p>&nbsp;<\/p>\n<p>Referencia: BS-PTT052<\/p>\n","protected":false},"excerpt":{"rendered":"<p>AB-BACK MACHINE BOSS STRENGRTH 1 es un equipo dise\u00f1ado para el fortalecimiento de la zona lumbar, gl\u00fateos e isquiotibiales.Cuenta con almohadillas ajustables para mayor comodidad y<span class=\"excerpt-hellip\"> [\u2026]<\/span><\/p>\n","protected":false},"featured_media":4625,"template":"","meta":{"_joinchat":[]},"product_brand":[],"product_cat":[106,135],"product_tag":[],"class_list":{"0":"post-4624","1":"product","2":"type-product","3":"status-publish","4":"has-post-thumbnail","6":"product_cat-accesorios","7":"product_cat-oferta","9":"first","10":"instock","11":"sale","12":"shipping-taxable","13":"purchasable","14":"product-type-simple"},"_links":{"self":[{"href":"https:\/\/letsgofitness.cl\/index.php\/wp-json\/wp\/v2\/product\/4624","targetHints":{"allow":["GET"]}}],"collection":[{"href":"https:\/\/letsgofitness.cl\/index.php\/wp-json\/wp\/v2\/product"}],"about":[{"href":"https:\/\/letsgofitness.cl\/index.php\/wp-json\/wp\/v2\/types\/product"}],"wp:featuredmedia":[{"embeddable":true,"href":"https:\/\/letsgofitness.cl\/index.php\/wp-json\/wp\/v2\/media\/4625"}],"wp:attachment":[{"href":"https:\/\/letsgofitness.cl\/index.php\/wp-json\/wp\/v2\/media?parent=4624"}],"wp:term":[{"taxonomy":"product_brand","embeddable":true,"href":"https:\/\/letsgofitness.cl\/index.php\/wp-json\/wp\/v2\/product_brand?post=4624"},{"taxonomy":"product_cat","embeddable":true,"href":"https:\/\/letsgofitness.cl\/index.php\/wp-json\/wp\/v2\/product_cat?post=4624"},{"taxonomy":"product_tag","embeddable":true,"href":"https:\/\/letsgofitness.cl\/index.php\/wp-json\/wp\/v2\/product_tag?post=4624"}],"curies":[{"name":"wp","href":"https:\/\/api.w.org\/{rel}","templated":true}]}}