{"id":4578,"date":"2022-08-29T13:32:19","date_gmt":"2022-08-29T16:32:19","guid":{"rendered":"https:\/\/letsgofitness.cl\/?post_type=product&#038;p=4578"},"modified":"2026-05-05T11:17:47","modified_gmt":"2026-05-05T14:17:47","slug":"horizontal-bench-press-realleader-usa","status":"publish","type":"product","link":"https:\/\/letsgofitness.cl\/index.php\/producto\/horizontal-bench-press-realleader-usa\/","title":{"rendered":"HORIZONTAL BENCH PRESS REALLEADER USA HS-1007"},"content":{"rendered":"<h5>La m\u00e1quina de prensa de banco horizontal no solo se enfoca en los m\u00fasculos pectorales del pecho, sino tambi\u00e9n en los tr\u00edceps. Esta m\u00e1quina de press de banca tambi\u00e9n ofrece otros beneficios de entrenamiento de fuerza para la parte superior del cuerpo.<\/h5>\n<p>&nbsp;<\/p>\n<h5>\u00a0<strong> CARACTERISTICAS:<\/strong><\/h5>\n<ul>\n<li>Banco acolchado para comodidad del usuario mientras empuja pesas.<\/li>\n<li>Palancas independientes para ejercicios unilaterales o bilaterales.<\/li>\n<li>Empu\u00f1aduras de dise\u00f1o ergon\u00f3mico.<\/li>\n<li>Portadiscos extra para almacenamiento de placas de peso.<\/li>\n<\/ul>\n<h5><strong>\u00a0 BENEFICIOS:<\/strong><\/h5>\n<ul>\n<li>El ejercicio que se realiza con el Press de banca horizontal es uno de los ejercicios de fortalecimiento de la parte superior del cuerpo m\u00e1s esenciales que afecta a los m\u00fasculos pectorales, tr\u00edceps y deltoides.<\/li>\n<li>La fuerza desarrollada en la parte superior del cuerpo ayuda con las actividades cotidianas, como empujar carritos de compras, puertas pesadas, etc.<\/li>\n<li>Los pectorales, deltoides y tr\u00edceps bien desarrollados se ven f\u00edsicamente atractivos, lo cual es un objetivo de acondicionamiento f\u00edsico para muchos entusiastas del acondicionamiento f\u00edsico.<\/li>\n<\/ul>\n<h5><strong>\u00a0 ESPECIFICACIONES T\u00c9CNICAS:<\/strong><\/h5>\n<ul>\n<li>\u00a0Medidas: 168 x 155 x 107 CM<\/li>\n<li>\u00a0Peso: 134 KG<\/li>\n<\/ul>\n","protected":false},"excerpt":{"rendered":"<p>COLOR DISPONIBLE: NEGRO (ESTRUCTURA Y TAPIZ)<\/p>\n","protected":false},"featured_media":5886,"template":"","meta":{"_joinchat":[]},"product_brand":[],"product_cat":[122,32,47,51],"product_tag":[],"class_list":{"0":"post-4578","1":"product","2":"type-product","3":"status-publish","4":"has-post-thumbnail","6":"product_cat-stock","7":"product_cat-profesional","8":"product_cat-peso-libre-profesional","9":"product_cat-bancos-rack-profesional","11":"first","12":"outofstock","13":"sale","14":"shipping-taxable","15":"purchasable","16":"product-type-simple"},"_links":{"self":[{"href":"https:\/\/letsgofitness.cl\/index.php\/wp-json\/wp\/v2\/product\/4578","targetHints":{"allow":["GET"]}}],"collection":[{"href":"https:\/\/letsgofitness.cl\/index.php\/wp-json\/wp\/v2\/product"}],"about":[{"href":"https:\/\/letsgofitness.cl\/index.php\/wp-json\/wp\/v2\/types\/product"}],"wp:featuredmedia":[{"embeddable":true,"href":"https:\/\/letsgofitness.cl\/index.php\/wp-json\/wp\/v2\/media\/5886"}],"wp:attachment":[{"href":"https:\/\/letsgofitness.cl\/index.php\/wp-json\/wp\/v2\/media?parent=4578"}],"wp:term":[{"taxonomy":"product_brand","embeddable":true,"href":"https:\/\/letsgofitness.cl\/index.php\/wp-json\/wp\/v2\/product_brand?post=4578"},{"taxonomy":"product_cat","embeddable":true,"href":"https:\/\/letsgofitness.cl\/index.php\/wp-json\/wp\/v2\/product_cat?post=4578"},{"taxonomy":"product_tag","embeddable":true,"href":"https:\/\/letsgofitness.cl\/index.php\/wp-json\/wp\/v2\/product_tag?post=4578"}],"curies":[{"name":"wp","href":"https:\/\/api.w.org\/{rel}","templated":true}]}}