{"id":4541,"date":"2022-08-22T16:06:26","date_gmt":"2022-08-22T19:06:26","guid":{"rendered":"https:\/\/letsgofitness.cl\/?post_type=product&#038;p=4541"},"modified":"2026-04-10T11:10:15","modified_gmt":"2026-04-10T14:10:15","slug":"powerlife-incline-chest-press-free-weight-boss-strength","status":"publish","type":"product","link":"https:\/\/letsgofitness.cl\/index.php\/producto\/powerlife-incline-chest-press-free-weight-boss-strength\/","title":{"rendered":"PowerLife Incline Chest Press Free Weight BOSS STRENGTH"},"content":{"rendered":"<p>Seated Incline Chest Press <strong>BOSS STRENGTH<\/strong>, se enfoca en\u00a0 los m\u00fasculos del pecho y los hombros para los movimientos de empuje diarios.\u00a0El asiento acolchado es ajustable en diferentes alturas, es\u00a0 \u00a0ergon\u00f3mica;\u00a0 permite sentarse c\u00f3modamente y hacer ejercicio con el posicionamiento adecuado de la espalda y es fabricado en espuma de alta densidad.<\/p>\n<p>Los rodamientos de precisi\u00f3n brindan repeticiones suaves y naturales que no sienten la resistencia de la m\u00e1quina, solo la resistencia del peso. Las barras de almacenamiento de placas de peso niqueladas est\u00e1n dise\u00f1adas para resistir la corrosi\u00f3n, el \u00f3xido y el uso intensivo.<\/p>\n<p class=\"western\">Dise\u00f1ado para proporcionar un entrenamiento intenso y eliminar la tensi\u00f3n. Las almohadillas son gruesas y c\u00f3modas reducen la fatiga y la incomodidad y le permiten seguir entrenando. Maquina con\u00a0gran estabilidad que entregan los tubos de acero de calibre 11 y est\u00e1n recubiertos de polvo electrost\u00e1tico, sometidos a rigurosas pruebas de niebla salina.<\/p>\n<p>&nbsp;<\/p>\n<p><strong><em>Dimensiones y peso:<\/em><\/strong><\/p>\n<ul>\n<li>Longitud:\u00a0<span class=\"bold\">44&#8243;<\/span>\u00a0(112 cm)<\/li>\n<li>Ancho:\u00a0<span class=\"bold\">81&#8243;<\/span>\u00a0(206 cm)<\/li>\n<li>Altura:\u00a0<span class=\"bold\">70&#8243;<\/span>\u00a0(178 cm)<\/li>\n<li>Peso:\u00a0<span class=\"bold\">528 lbs<\/span> (239 kg)<\/li>\n<\/ul>\n","protected":false},"excerpt":{"rendered":"<p>COLOR DISPONIBLE:<\/p>\n<ul>\n<li>2 GRIS<\/li>\n<\/ul>\n","protected":false},"featured_media":5922,"template":"","meta":{"_joinchat":[]},"product_brand":[],"product_cat":[133,122,32,47],"product_tag":[],"class_list":{"0":"post-4541","1":"product","2":"type-product","3":"status-publish","4":"has-post-thumbnail","6":"product_cat-powerlife","7":"product_cat-stock","8":"product_cat-profesional","9":"product_cat-peso-libre-profesional","11":"first","12":"outofstock","13":"sale","14":"shipping-taxable","15":"purchasable","16":"product-type-simple"},"_links":{"self":[{"href":"https:\/\/letsgofitness.cl\/index.php\/wp-json\/wp\/v2\/product\/4541","targetHints":{"allow":["GET"]}}],"collection":[{"href":"https:\/\/letsgofitness.cl\/index.php\/wp-json\/wp\/v2\/product"}],"about":[{"href":"https:\/\/letsgofitness.cl\/index.php\/wp-json\/wp\/v2\/types\/product"}],"wp:featuredmedia":[{"embeddable":true,"href":"https:\/\/letsgofitness.cl\/index.php\/wp-json\/wp\/v2\/media\/5922"}],"wp:attachment":[{"href":"https:\/\/letsgofitness.cl\/index.php\/wp-json\/wp\/v2\/media?parent=4541"}],"wp:term":[{"taxonomy":"product_brand","embeddable":true,"href":"https:\/\/letsgofitness.cl\/index.php\/wp-json\/wp\/v2\/product_brand?post=4541"},{"taxonomy":"product_cat","embeddable":true,"href":"https:\/\/letsgofitness.cl\/index.php\/wp-json\/wp\/v2\/product_cat?post=4541"},{"taxonomy":"product_tag","embeddable":true,"href":"https:\/\/letsgofitness.cl\/index.php\/wp-json\/wp\/v2\/product_tag?post=4541"}],"curies":[{"name":"wp","href":"https:\/\/api.w.org\/{rel}","templated":true}]}}