{"id":4539,"date":"2022-08-22T15:55:32","date_gmt":"2022-08-22T18:55:32","guid":{"rendered":"https:\/\/letsgofitness.cl\/?post_type=product&#038;p=4539"},"modified":"2026-04-10T11:10:16","modified_gmt":"2026-04-10T14:10:16","slug":"powerlife-glute-kick-free-weight-boss-strength-2","status":"publish","type":"product","link":"https:\/\/letsgofitness.cl\/index.php\/producto\/powerlife-glute-kick-free-weight-boss-strength-2\/","title":{"rendered":"PowerLife Glute Kick Free Weight BOSS STRENGTH"},"content":{"rendered":"<p>Seated Glute Kick <strong>BOSS STRENGTH<\/strong>, se enfoca en\u00a0 los m\u00fasculos de gl\u00fateos y los m\u00fasculos isquiotibiales para las actividades cotidianas como caminar, correr y saltar. La almohadilla redondeada del torso son gruesas y c\u00f3modas reducen la fatiga y la incomodidad,\u00a0 la manilla y agarre de espuma estabilizan c\u00f3modamente su cuerpo durante todo el entrenamiento . La plataforma del pie cuenta con un revestimiento texturizado para un posicionamiento estable del pie en todos sus conjuntos.<\/p>\n<p>Los rodamientos de precisi\u00f3n brindan repeticiones suaves y naturales que no sienten la resistencia de la m\u00e1quina, solo la resistencia del peso. Las barras de almacenamiento de placas de peso niqueladas est\u00e1n dise\u00f1adas para resistir la corrosi\u00f3n, el \u00f3xido y el uso intensivo.\u00a0Dise\u00f1ado para proporcionar un entrenamiento intenso y eliminar la tensi\u00f3n. Maquina con gran estabilidad que entregan los tubos de acero de calibre 11 y est\u00e1n recubiertos de polvo electrost\u00e1tico, sometidos a rigurosas pruebas de niebla salina.<\/p>\n<p>&nbsp;<\/p>\n<p><strong><em>Dimensiones y peso:<\/em><\/strong><\/p>\n<ul>\n<li>Longitud:\u00a0<span class=\"bold\">52&#8243;<\/span>\u00a0(132 cm)<\/li>\n<li>Ancho:\u00a0<span class=\"bold\">54&#8243;<\/span>\u00a0(137 cm)<\/li>\n<li>Altura:\u00a0<span class=\"bold\">64&#8243;<\/span>\u00a0(163 cm)<\/li>\n<li>Peso:\u00a0<span class=\"bold\">440 lbs<\/span> (200 kg)<\/li>\n<\/ul>\n","protected":false},"excerpt":{"rendered":"<p>COLOR DISPONIBLE:<\/p>\n<ul>\n<li>2 GRIS<\/li>\n<\/ul>\n","protected":false},"featured_media":6024,"template":"","meta":{"_joinchat":[]},"product_brand":[],"product_cat":[133,122,32,47],"product_tag":[],"class_list":{"0":"post-4539","1":"product","2":"type-product","3":"status-publish","4":"has-post-thumbnail","6":"product_cat-powerlife","7":"product_cat-stock","8":"product_cat-profesional","9":"product_cat-peso-libre-profesional","11":"first","12":"outofstock","13":"sale","14":"shipping-taxable","15":"purchasable","16":"product-type-simple"},"_links":{"self":[{"href":"https:\/\/letsgofitness.cl\/index.php\/wp-json\/wp\/v2\/product\/4539","targetHints":{"allow":["GET"]}}],"collection":[{"href":"https:\/\/letsgofitness.cl\/index.php\/wp-json\/wp\/v2\/product"}],"about":[{"href":"https:\/\/letsgofitness.cl\/index.php\/wp-json\/wp\/v2\/types\/product"}],"wp:featuredmedia":[{"embeddable":true,"href":"https:\/\/letsgofitness.cl\/index.php\/wp-json\/wp\/v2\/media\/6024"}],"wp:attachment":[{"href":"https:\/\/letsgofitness.cl\/index.php\/wp-json\/wp\/v2\/media?parent=4539"}],"wp:term":[{"taxonomy":"product_brand","embeddable":true,"href":"https:\/\/letsgofitness.cl\/index.php\/wp-json\/wp\/v2\/product_brand?post=4539"},{"taxonomy":"product_cat","embeddable":true,"href":"https:\/\/letsgofitness.cl\/index.php\/wp-json\/wp\/v2\/product_cat?post=4539"},{"taxonomy":"product_tag","embeddable":true,"href":"https:\/\/letsgofitness.cl\/index.php\/wp-json\/wp\/v2\/product_tag?post=4539"}],"curies":[{"name":"wp","href":"https:\/\/api.w.org\/{rel}","templated":true}]}}