{"id":4537,"date":"2022-08-22T15:50:46","date_gmt":"2022-08-22T18:50:46","guid":{"rendered":"https:\/\/letsgofitness.cl\/?post_type=product&#038;p=4537"},"modified":"2026-04-10T11:10:16","modified_gmt":"2026-04-10T14:10:16","slug":"powerlife-shoulder-press-free-weight-boss-strength","status":"publish","type":"product","link":"https:\/\/letsgofitness.cl\/index.php\/producto\/powerlife-shoulder-press-free-weight-boss-strength\/","title":{"rendered":"PowerLife Shoulder Press Free Weight BOSS STRENGTH"},"content":{"rendered":"<p>Seated\u00a0 Shoulder Press <strong>BOSS STRENGTH<\/strong>, se enfoca en\u00a0 los m\u00fasculos del pecho y la parte superior de los brazos con un entrenamiento de prensa de pecho c\u00f3modo y personalizable. El dise\u00f1o acolchado y ergon\u00f3mico del respaldo de la silla y un asiento acolchado ajustable proporcionan un entrenamiento c\u00f3modo.<\/p>\n<p>El asiento acolchado es ajustable en diferentes alturas y es fabricado en espuma de alta densidad. Los rodamientos de precisi\u00f3n brindan repeticiones suaves y naturales que no sienten la resistencia de la m\u00e1quina, solo la resistencia del peso. Las barras de almacenamiento de placas de peso niqueladas est\u00e1n dise\u00f1adas para resistir la corrosi\u00f3n, el \u00f3xido y el uso intensivo.<\/p>\n<p>&nbsp;<\/p>\n<p><strong><em>Dimensiones y peso:<\/em><\/strong><\/p>\n<ul>\n<li>Longitud:\u00a0<span class=\"bold\">54&#8243;<\/span>\u00a0(137 cm)<\/li>\n<li>Ancho:\u00a0<span class=\"bold\">68&#8243;<\/span>\u00a0(173 cm)<\/li>\n<li>Altura:\u00a0<span class=\"bold\">66&#8243;<\/span>\u00a0(168 cm)<\/li>\n<li>Peso:\u00a0<span class=\"bold\">517lbs<\/span> (235 kg)<\/li>\n<\/ul>\n","protected":false},"excerpt":{"rendered":"<p>COLOR DISPONOBLE:<\/p>\n<ul>\n<li>GRIS<\/li>\n<\/ul>\n","protected":false},"featured_media":5924,"template":"","meta":{"_joinchat":[]},"product_brand":[],"product_cat":[133,122,32,47],"product_tag":[],"class_list":{"0":"post-4537","1":"product","2":"type-product","3":"status-publish","4":"has-post-thumbnail","6":"product_cat-powerlife","7":"product_cat-stock","8":"product_cat-profesional","9":"product_cat-peso-libre-profesional","11":"first","12":"outofstock","13":"sale","14":"shipping-taxable","15":"purchasable","16":"product-type-simple"},"_links":{"self":[{"href":"https:\/\/letsgofitness.cl\/index.php\/wp-json\/wp\/v2\/product\/4537","targetHints":{"allow":["GET"]}}],"collection":[{"href":"https:\/\/letsgofitness.cl\/index.php\/wp-json\/wp\/v2\/product"}],"about":[{"href":"https:\/\/letsgofitness.cl\/index.php\/wp-json\/wp\/v2\/types\/product"}],"wp:featuredmedia":[{"embeddable":true,"href":"https:\/\/letsgofitness.cl\/index.php\/wp-json\/wp\/v2\/media\/5924"}],"wp:attachment":[{"href":"https:\/\/letsgofitness.cl\/index.php\/wp-json\/wp\/v2\/media?parent=4537"}],"wp:term":[{"taxonomy":"product_brand","embeddable":true,"href":"https:\/\/letsgofitness.cl\/index.php\/wp-json\/wp\/v2\/product_brand?post=4537"},{"taxonomy":"product_cat","embeddable":true,"href":"https:\/\/letsgofitness.cl\/index.php\/wp-json\/wp\/v2\/product_cat?post=4537"},{"taxonomy":"product_tag","embeddable":true,"href":"https:\/\/letsgofitness.cl\/index.php\/wp-json\/wp\/v2\/product_tag?post=4537"}],"curies":[{"name":"wp","href":"https:\/\/api.w.org\/{rel}","templated":true}]}}