{"id":4534,"date":"2022-08-22T15:33:11","date_gmt":"2022-08-22T18:33:11","guid":{"rendered":"https:\/\/letsgofitness.cl\/?post_type=product&#038;p=4534"},"modified":"2026-04-10T11:10:16","modified_gmt":"2026-04-10T14:10:16","slug":"powerlife-lat-pulldown-machine-free-weight-boss-strength","status":"publish","type":"product","link":"https:\/\/letsgofitness.cl\/index.php\/producto\/powerlife-lat-pulldown-machine-free-weight-boss-strength\/","title":{"rendered":"PowerLife Lat Pulldown Machine Free Weight BOSS STRENGTH"},"content":{"rendered":"<p>Lat Puldown <strong>BOSS STRENGTH, <\/strong>fortalece y a\u00edsla los m\u00fasculos de la espalda para desarrollar la fuerza central y reducir el riesgo de lesiones. El asiento acolchado es ajustable en diferentes alturas y es fabricado en espuma de alta densidad. Los rodamientos de precisi\u00f3n brindan repeticiones suaves y naturales que no sienten la resistencia de la m\u00e1quina, solo la resistencia del peso. Las barras de almacenamiento de placas de peso niqueladas est\u00e1n dise\u00f1adas para resistir la corrosi\u00f3n, el \u00f3xido y el uso intensivo.<\/p>\n<p>Dise\u00f1ado para proporcionar un entrenamiento intenso y eliminar la tensi\u00f3n. Las almohadillas son gruesas y c\u00f3modas reducen la fatiga y la incomodidad y le permiten seguir entrenando. Maquina con\u00a0gran estabilidad que entregan los tubos de acero de calibre 11 y est\u00e1n recubiertos de polvo electrost\u00e1tico, sometidos a rigurosas pruebas de niebla salina.<\/p>\n<p>&nbsp;<\/p>\n<p><strong><em>Dimensiones y peso:<\/em><\/strong><\/p>\n<ul>\n<li>Longitud:\u00a0<span class=\"bold\">55&#8243;<\/span>\u00a0(140 cm)<\/li>\n<li>Ancho:\u00a0<span class=\"bold\">50&#8243;<\/span>\u00a0(127 cm)<\/li>\n<li>Altura:\u00a0<span class=\"bold\">77&#8243;<\/span>\u00a0(196 cm)<\/li>\n<li>Peso:\u00a0<span class=\"bold\">458lbs<\/span> (208 kg)<\/li>\n<\/ul>\n","protected":false},"excerpt":{"rendered":"<p>COLOR DISPONIBLE:<\/p>\n<ul>\n<li>GRIS<\/li>\n<\/ul>\n","protected":false},"featured_media":5925,"template":"","meta":{"_joinchat":[]},"product_brand":[],"product_cat":[133,122,32,47],"product_tag":[],"class_list":{"0":"post-4534","1":"product","2":"type-product","3":"status-publish","4":"has-post-thumbnail","6":"product_cat-powerlife","7":"product_cat-stock","8":"product_cat-profesional","9":"product_cat-peso-libre-profesional","11":"first","12":"instock","13":"sale","14":"shipping-taxable","15":"purchasable","16":"product-type-simple"},"_links":{"self":[{"href":"https:\/\/letsgofitness.cl\/index.php\/wp-json\/wp\/v2\/product\/4534","targetHints":{"allow":["GET"]}}],"collection":[{"href":"https:\/\/letsgofitness.cl\/index.php\/wp-json\/wp\/v2\/product"}],"about":[{"href":"https:\/\/letsgofitness.cl\/index.php\/wp-json\/wp\/v2\/types\/product"}],"wp:featuredmedia":[{"embeddable":true,"href":"https:\/\/letsgofitness.cl\/index.php\/wp-json\/wp\/v2\/media\/5925"}],"wp:attachment":[{"href":"https:\/\/letsgofitness.cl\/index.php\/wp-json\/wp\/v2\/media?parent=4534"}],"wp:term":[{"taxonomy":"product_brand","embeddable":true,"href":"https:\/\/letsgofitness.cl\/index.php\/wp-json\/wp\/v2\/product_brand?post=4534"},{"taxonomy":"product_cat","embeddable":true,"href":"https:\/\/letsgofitness.cl\/index.php\/wp-json\/wp\/v2\/product_cat?post=4534"},{"taxonomy":"product_tag","embeddable":true,"href":"https:\/\/letsgofitness.cl\/index.php\/wp-json\/wp\/v2\/product_tag?post=4534"}],"curies":[{"name":"wp","href":"https:\/\/api.w.org\/{rel}","templated":true}]}}