{"id":4527,"date":"2022-08-22T11:30:56","date_gmt":"2022-08-22T14:30:56","guid":{"rendered":"https:\/\/letsgofitness.cl\/?post_type=product&#038;p=4527"},"modified":"2026-04-10T11:10:16","modified_gmt":"2026-04-10T14:10:16","slug":"powerlife-glute-kick-free-weight-boss-strength","status":"publish","type":"product","link":"https:\/\/letsgofitness.cl\/index.php\/producto\/powerlife-glute-kick-free-weight-boss-strength\/","title":{"rendered":"PowerLife Seated Low Row Free Weight BOSS STRENGTH"},"content":{"rendered":"<p><em><strong>(DISPONIBLE DESDE EL 15 DE ABRIL 2023)<\/strong><\/em><\/p>\n<p>Seated Low Row <strong>BOSS STRENGTH<\/strong>, se enfoca en\u00a0 los m\u00fasculos de la espalda, los hombros y los brazos para desarrollar la fuerza central y reducir el riesgo de lesiones. El asiento acolchado es ajustable en diferentes alturas y es fabricado en espuma de alta densidad.<\/p>\n<p>Los rodamientos de precisi\u00f3n brindan repeticiones suaves y naturales que no sienten la resistencia de la m\u00e1quina, solo la resistencia del peso. Las barras de almacenamiento de placas de peso niqueladas est\u00e1n dise\u00f1adas para resistir la corrosi\u00f3n, el \u00f3xido y el uso intensivo.<\/p>\n<p class=\"western\">Dise\u00f1ado para proporcionar un entrenamiento intenso y eliminar la tensi\u00f3n. Las almohadillas son gruesas y c\u00f3modas reducen la fatiga y la incomodidad y le permiten seguir entrenando. Maquina con\u00a0gran estabilidad que entregan los tubos de acero de calibre 11 y est\u00e1n recubiertos de polvo electrost\u00e1tico, sometidos a rigurosas pruebas de niebla salina.<\/p>\n<p>&nbsp;<\/p>\n<p><strong><em>Dimensiones y peso:<\/em><\/strong><\/p>\n<ul>\n<li>Longitud:\u00a0<span class=\"bold\">54&#8243;<\/span>\u00a0(137 cm)<\/li>\n<li>Ancho:\u00a0<span class=\"bold\">50&#8243;<\/span>\u00a0(127 cm)<\/li>\n<li>Altura:\u00a0<span class=\"bold\">66&#8243;<\/span>\u00a0(168 cm)<\/li>\n<li>Peso:\u00a0<span class=\"bold\">440 libras<\/span>\u00a0(200 kg)<\/li>\n<\/ul>\n","protected":false},"excerpt":{"rendered":"<p>COLOR DISPONIBLE:<\/p>\n<ul>\n<li>GRIS<\/li>\n<\/ul>\n","protected":false},"featured_media":5928,"template":"","meta":{"_joinchat":[]},"product_brand":[],"product_cat":[135,133,122,32,47],"product_tag":[],"class_list":{"0":"post-4527","1":"product","2":"type-product","3":"status-publish","4":"has-post-thumbnail","6":"product_cat-oferta","7":"product_cat-powerlife","8":"product_cat-stock","9":"product_cat-profesional","10":"product_cat-peso-libre-profesional","12":"first","13":"outofstock","14":"sale","15":"shipping-taxable","16":"purchasable","17":"product-type-simple"},"_links":{"self":[{"href":"https:\/\/letsgofitness.cl\/index.php\/wp-json\/wp\/v2\/product\/4527","targetHints":{"allow":["GET"]}}],"collection":[{"href":"https:\/\/letsgofitness.cl\/index.php\/wp-json\/wp\/v2\/product"}],"about":[{"href":"https:\/\/letsgofitness.cl\/index.php\/wp-json\/wp\/v2\/types\/product"}],"wp:featuredmedia":[{"embeddable":true,"href":"https:\/\/letsgofitness.cl\/index.php\/wp-json\/wp\/v2\/media\/5928"}],"wp:attachment":[{"href":"https:\/\/letsgofitness.cl\/index.php\/wp-json\/wp\/v2\/media?parent=4527"}],"wp:term":[{"taxonomy":"product_brand","embeddable":true,"href":"https:\/\/letsgofitness.cl\/index.php\/wp-json\/wp\/v2\/product_brand?post=4527"},{"taxonomy":"product_cat","embeddable":true,"href":"https:\/\/letsgofitness.cl\/index.php\/wp-json\/wp\/v2\/product_cat?post=4527"},{"taxonomy":"product_tag","embeddable":true,"href":"https:\/\/letsgofitness.cl\/index.php\/wp-json\/wp\/v2\/product_tag?post=4527"}],"curies":[{"name":"wp","href":"https:\/\/api.w.org\/{rel}","templated":true}]}}