{"id":4462,"date":"2022-08-03T16:17:48","date_gmt":"2022-08-03T19:17:48","guid":{"rendered":"https:\/\/letsgofitness.cl\/?post_type=product&#038;p=4462"},"modified":"2026-04-21T10:31:55","modified_gmt":"2026-04-21T13:31:55","slug":"powercrown-dual-leg-extension-seated-leg-curl","status":"publish","type":"product","link":"https:\/\/letsgofitness.cl\/index.php\/producto\/powercrown-dual-leg-extension-seated-leg-curl\/","title":{"rendered":"PowerCrown Dual Leg Extension \/ Seated Leg Curl BOSS STRENGTH STACK 132KG \/ **OFERTA PAGO CONTADO $1.850.000** (Transferencia)"},"content":{"rendered":"<p><em><strong>L\u00ednea<\/strong><\/em> <strong><em>PowerCrown<\/em><\/strong><\/p>\n<div id=\"tab-description\" class=\"ui-tabs-panel ui-corner-bottom ui-widget-content\" role=\"tabpanel\" aria-labelledby=\"ui-id-1\" aria-hidden=\"false\">\n<h4><strong>PROFESIONAL ALTA CALIDAD<\/strong><\/h4>\n<h5><strong>CARACTER\u00cdSTICAS:<\/strong><\/h5>\n<ul>\n<li>Estructura construida en tubo oval de\u00a0<strong>acero de alta calidad de 3 mm<\/strong>. de espesor.<\/li>\n<li>Partes desmontables de\u00a0<strong>acero macizo<\/strong>\u00a0con el que se evitan problemas de desgaste.<\/li>\n<li>Partes m\u00f3viles montadas con pletina de 0.5 cm. de espesor.<\/li>\n<li>Las barras gu\u00edas son de\u00a0<strong>acero inoxidable<\/strong>.<\/li>\n<li>Las placas son de acero calibrado, pintadas en negro, estas tienen anillos de tefl\u00f3n de una calidad superior, lo cual produce un deslizamiento correcto y evita ruidos por fricci\u00f3n.<\/li>\n<li>Selectores de placas magnetizados. Los imanes evitan que el selector se salga durante el ejercicio.<\/li>\n<li>El proceso de pintado de las m\u00e1quinas se realiza en t\u00fanel de tratamiento de cuatro capas, que ofrece una absoluta garant\u00eda contra la corrosi\u00f3n. En la primera capa se procede al desengrasado y fosfatado en caliente. La segunda se trata de un pre fosfatado a temperatura ambiente. En la tercera se procede a fosfatar en caliente. Y por \u00faltimo, se cubre la estructura con dos capas pintura epoxi en polvo.<\/li>\n<li><strong>Transmisi\u00f3n por cable<\/strong>.<\/li>\n<li>Carenados delantero y trasero para evitar accidentes mientras las placas est\u00e1n en movimiento.<\/li>\n<li>Las m\u00e1quinas est\u00e1n montadas sobre rodamientos (circulares o lineales) o ruedas de bronce y rodamientos.<br \/>\nAgarres de goma no absorbente y antideslizante. Son altamente resistentes.<\/li>\n<li>Tapizado realizado en\u00a0<strong>goma espuma de 3 cm. de espesor<\/strong>\u00a0con 150 kg. de presi\u00f3n y polipiel ign\u00edfuga.<\/li>\n<li>Ajustes del asiento, del respaldo y de los rodillos acolchados. Permite la adaptaci\u00f3n de las m\u00e1quinas a cualquier usuario y ayuda a realizar los ejercicios con la postura correcta.<\/li>\n<li><strong>Pictograma explicativo<\/strong>\u00a0sobre la postura correcta para la realizaci\u00f3n del ejercicio y los m\u00fasculos implicados en el mismo.<\/li>\n<\/ul>\n<p><b>DIMENSIONES Y PESO:<br \/>\n<\/b><\/p>\n<ul>\n<li><b>Largo:<\/b>\u00a0138 cm.<\/li>\n<li><b>Ancho:<\/b>\u00a0141 cm.<\/li>\n<li><b>Alto:\u00a0<\/b>158 cm.<\/li>\n<li><b>Peso:\u00a0<\/b>164 kg.<\/li>\n<li><b>Peso m\u00e1ximo del usuario:\u00a0<\/b>180 kg.<\/li>\n<li><strong>Carga de placas:<\/strong>\u00a0132 kg.<\/li>\n<li><strong>Stack:<\/strong>\u00a0132 kg.<\/li>\n<\/ul>\n<p>&nbsp;<\/p>\n<p><strong>*OFERTA PAGO CONTADO $1.850.000 (Transferencia)*<\/strong><\/p>\n<p><strong>Datos de Transferencia:<\/strong><\/p>\n<ul>\n<li>Cuenta corriente Banco de Chile N\u00b0\u00a0<strong>2780129801<\/strong><\/li>\n<li>Nombre:<strong>\u00a0Lets Go Fitness SpA\u00a0<\/strong>\u00a0Rut:<strong>\u00a076.631.524-0<\/strong><\/li>\n<li>Email:\u00a0<strong>ventas@letsgofitness.cl<\/strong><\/li>\n<\/ul>\n<p>&nbsp;<\/p>\n<\/div>\n","protected":false},"excerpt":{"rendered":"<p>L\u00ednea PowerCrown PROFESIONAL ALTA CALIDAD CARACTER\u00cdSTICAS: Estructura construida en tubo oval de\u00a0acero de alta calidad de 3 mm. de espesor. Partes desmontables de\u00a0acero macizo\u00a0con el que<span class=\"excerpt-hellip\"> [\u2026]<\/span><\/p>\n","protected":false},"featured_media":6017,"template":"","meta":{"_joinchat":[]},"product_brand":[],"product_cat":[276,135,122,32,48],"product_tag":[],"class_list":{"0":"post-4462","1":"product","2":"type-product","3":"status-publish","4":"has-post-thumbnail","6":"product_cat-oferta-pago-contado","7":"product_cat-oferta","8":"product_cat-stock","9":"product_cat-profesional","10":"product_cat-peso-integrado-profesional","12":"first","13":"instock","14":"sale","15":"featured","16":"shipping-taxable","17":"purchasable","18":"product-type-simple"},"_links":{"self":[{"href":"https:\/\/letsgofitness.cl\/index.php\/wp-json\/wp\/v2\/product\/4462","targetHints":{"allow":["GET"]}}],"collection":[{"href":"https:\/\/letsgofitness.cl\/index.php\/wp-json\/wp\/v2\/product"}],"about":[{"href":"https:\/\/letsgofitness.cl\/index.php\/wp-json\/wp\/v2\/types\/product"}],"wp:featuredmedia":[{"embeddable":true,"href":"https:\/\/letsgofitness.cl\/index.php\/wp-json\/wp\/v2\/media\/6017"}],"wp:attachment":[{"href":"https:\/\/letsgofitness.cl\/index.php\/wp-json\/wp\/v2\/media?parent=4462"}],"wp:term":[{"taxonomy":"product_brand","embeddable":true,"href":"https:\/\/letsgofitness.cl\/index.php\/wp-json\/wp\/v2\/product_brand?post=4462"},{"taxonomy":"product_cat","embeddable":true,"href":"https:\/\/letsgofitness.cl\/index.php\/wp-json\/wp\/v2\/product_cat?post=4462"},{"taxonomy":"product_tag","embeddable":true,"href":"https:\/\/letsgofitness.cl\/index.php\/wp-json\/wp\/v2\/product_tag?post=4462"}],"curies":[{"name":"wp","href":"https:\/\/api.w.org\/{rel}","templated":true}]}}