{"id":4347,"date":"2022-07-12T10:54:53","date_gmt":"2022-07-12T13:54:53","guid":{"rendered":"https:\/\/letsgofitness.cl\/?post_type=product&#038;p=4347"},"modified":"2026-04-10T11:08:36","modified_gmt":"2026-04-10T14:08:36","slug":"bosu-ball-black-boss-strength","status":"publish","type":"product","link":"https:\/\/letsgofitness.cl\/index.php\/producto\/bosu-ball-black-boss-strength\/","title":{"rendered":"BOSU BALL BLACK BOSS STRENGTH"},"content":{"rendered":"<ul>\n<li>Bosu ball est\u00e1 dise\u00f1ado para el trabajo de tonificaci\u00f3n y estiramiento de bajo impacto.<\/li>\n<li>Permite trabajar el equilibrio y la flexibilidad, mejora la fuerza din\u00e1mica general del cuerpo.<\/li>\n<li>Ideal para entrenadores personales como complemento a la actividad y para la fisioterapeutas.<\/li>\n<\/ul>\n","protected":false},"excerpt":{"rendered":"<p>Bosu ball est\u00e1 dise\u00f1ado para el trabajo de tonificaci\u00f3n y estiramiento de bajo impacto. Permite trabajar el equilibrio y la flexibilidad, mejora la fuerza din\u00e1mica general<span class=\"excerpt-hellip\"> [\u2026]<\/span><\/p>\n","protected":false},"featured_media":5873,"template":"","meta":{"_joinchat":[]},"product_brand":[],"product_cat":[106,129,122],"product_tag":[],"class_list":{"0":"post-4347","1":"product","2":"type-product","3":"status-publish","4":"has-post-thumbnail","6":"product_cat-accesorios","7":"product_cat-bosu","8":"product_cat-stock","10":"first","11":"outofstock","12":"sale","13":"shipping-taxable","14":"purchasable","15":"product-type-simple"},"_links":{"self":[{"href":"https:\/\/letsgofitness.cl\/index.php\/wp-json\/wp\/v2\/product\/4347","targetHints":{"allow":["GET"]}}],"collection":[{"href":"https:\/\/letsgofitness.cl\/index.php\/wp-json\/wp\/v2\/product"}],"about":[{"href":"https:\/\/letsgofitness.cl\/index.php\/wp-json\/wp\/v2\/types\/product"}],"wp:featuredmedia":[{"embeddable":true,"href":"https:\/\/letsgofitness.cl\/index.php\/wp-json\/wp\/v2\/media\/5873"}],"wp:attachment":[{"href":"https:\/\/letsgofitness.cl\/index.php\/wp-json\/wp\/v2\/media?parent=4347"}],"wp:term":[{"taxonomy":"product_brand","embeddable":true,"href":"https:\/\/letsgofitness.cl\/index.php\/wp-json\/wp\/v2\/product_brand?post=4347"},{"taxonomy":"product_cat","embeddable":true,"href":"https:\/\/letsgofitness.cl\/index.php\/wp-json\/wp\/v2\/product_cat?post=4347"},{"taxonomy":"product_tag","embeddable":true,"href":"https:\/\/letsgofitness.cl\/index.php\/wp-json\/wp\/v2\/product_tag?post=4347"}],"curies":[{"name":"wp","href":"https:\/\/api.w.org\/{rel}","templated":true}]}}