{"id":4326,"date":"2022-07-04T11:12:28","date_gmt":"2022-07-04T14:12:28","guid":{"rendered":"https:\/\/letsgofitness.cl\/?post_type=product&#038;p=4326"},"modified":"2026-05-05T11:17:33","modified_gmt":"2026-05-05T14:17:33","slug":"stairmaster-hiitmill-x-w-cosole","status":"publish","type":"product","link":"https:\/\/letsgofitness.cl\/index.php\/producto\/stairmaster-hiitmill-x-w-cosole\/","title":{"rendered":"StairMaster HIITMILL X W\/COSOLE"},"content":{"rendered":"<p><strong>La StairMaster HIITMiLL X W, es una m\u00e1quina autoalimentada para caminar, correr y empujar y tambi\u00e9n incluye el potencial de entrenamiento de fuerza con los brazos de elevaci\u00f3n de carga del agricultor.<\/strong><\/p>\n<h4><strong>Caracter\u00edsticas principales<\/strong><\/h4>\n<ul>\n<li><strong>Autoalimentado: los usuarios eligen naturalmente la velocidad para caminar, correr y empujar.<\/strong><\/li>\n<li><strong>Multi-Grip: cambia de ejercicio y a\u00f1ade variedad a tu entrenamiento alternando las posiciones de las manos en la barra.<\/strong><\/li>\n<li><strong>Freno de resistencia: controla la intensidad del entrenamiento con la rotura magn\u00e9tica de resistencia con palanca de control de resistencia.<\/strong><\/li>\n<li><strong>Consola HIIT: programas programables de tiempo, distancia, calor\u00edas, intervalo de tiempo e intervalo de calor\u00edas f\u00e1ciles de usar.<\/strong><\/li>\n<li><strong>Cintur\u00f3n de c\u00e9sped acolchado: para agregar durabilidad y agarre en el HIITMiLL X, el cintur\u00f3n tiene 3 mm de amortiguaci\u00f3n.<\/strong><\/li>\n<li><strong>Cintur\u00f3n extra ancho: mide a 23&#8243;, el ancho de la correa admite el entrenamiento lateral y la m\u00e1xima estabilidad bajo carga.<\/strong><\/li>\n<li><strong>Dise\u00f1o port\u00e1til: mueva f\u00e1cilmente la m\u00e1quina por sus instalaciones o gimnasio privado.<\/strong><\/li>\n<li><strong>Puntos accesorios: conecte correas y tubos a su StairMaster HIITMiLL X para intensificar su circuito HIIT (accesorios no incluidos).<\/strong><\/li>\n<\/ul>\n<h4><strong>Medidas y Peso<\/strong><\/h4>\n<ul>\n<li><strong>Largo: 197 cm<\/strong><\/li>\n<li><strong>Ancho: 140 cm\u00a0<\/strong><\/li>\n<li><strong>Alto: 167 cm<\/strong><\/li>\n<li><strong>Peso del producto: 195 kg\u00a0<\/strong><\/li>\n<\/ul>\n<div id=\"jp-relatedposts\" class=\"jp-relatedposts\"><\/div>\n","protected":false},"excerpt":{"rendered":"<p>La StairMaster HIITMiLL X W, es una m\u00e1quina autoalimentada para caminar, correr y empujar y tambi\u00e9n incluye el potencial de entrenamiento de fuerza con los brazos<span class=\"excerpt-hellip\"> [\u2026]<\/span><\/p>\n","protected":false},"featured_media":4321,"template":"","meta":{"_joinchat":[]},"product_brand":[],"product_cat":[156,122,32,46],"product_tag":[],"class_list":{"0":"post-4326","1":"product","2":"type-product","3":"status-publish","4":"has-post-thumbnail","6":"product_cat-nautilus","7":"product_cat-stock","8":"product_cat-profesional","9":"product_cat-cardio-profesional","11":"first","12":"instock","13":"shipping-taxable","14":"purchasable","15":"product-type-simple"},"_links":{"self":[{"href":"https:\/\/letsgofitness.cl\/index.php\/wp-json\/wp\/v2\/product\/4326","targetHints":{"allow":["GET"]}}],"collection":[{"href":"https:\/\/letsgofitness.cl\/index.php\/wp-json\/wp\/v2\/product"}],"about":[{"href":"https:\/\/letsgofitness.cl\/index.php\/wp-json\/wp\/v2\/types\/product"}],"wp:featuredmedia":[{"embeddable":true,"href":"https:\/\/letsgofitness.cl\/index.php\/wp-json\/wp\/v2\/media\/4321"}],"wp:attachment":[{"href":"https:\/\/letsgofitness.cl\/index.php\/wp-json\/wp\/v2\/media?parent=4326"}],"wp:term":[{"taxonomy":"product_brand","embeddable":true,"href":"https:\/\/letsgofitness.cl\/index.php\/wp-json\/wp\/v2\/product_brand?post=4326"},{"taxonomy":"product_cat","embeddable":true,"href":"https:\/\/letsgofitness.cl\/index.php\/wp-json\/wp\/v2\/product_cat?post=4326"},{"taxonomy":"product_tag","embeddable":true,"href":"https:\/\/letsgofitness.cl\/index.php\/wp-json\/wp\/v2\/product_tag?post=4326"}],"curies":[{"name":"wp","href":"https:\/\/api.w.org\/{rel}","templated":true}]}}